{"id":99,"date":"2018-07-02T07:30:53","date_gmt":"2018-07-02T07:30:53","guid":{"rendered":"http:\/\/kako.com.hr\/webshop\/?post_type=product&#038;p=99"},"modified":"2022-09-04T18:31:34","modified_gmt":"2022-09-04T18:31:34","slug":"zatezna-dizalica","status":"publish","type":"product","link":"https:\/\/kako.com.hr\/webshop\/izaberi-i-naruci\/dizalice-i-gurtne-uzad\/zatezna-dizalica\/","title":{"rendered":"Zatezna dizalica                         499,00 kn\/ 66,23 \u20ac"},"content":{"rendered":"<p>Zatezna dizalica, razli\u010dite nosivosti s razli\u010ditim duljinama sajle\/\u010deli\u010dnog u\u017eeta.<br \/>\nNosivost: 1-4 tone<br \/>\nDuljina \u010deli\u010dnog u\u017eeta sajle: 1,8 &#8211; 3 metra<\/p>\n<p>Mogu\u0107a dostava po cijeloj RH, besplatna dostava u Zagrebu i okolici.<\/p>\n<p>Zatezna dizalica se mo\u017ee naru\u010diti slanjem ni\u017ee navedenih podatak na kako@kako.com.hr ili pozivom na 091\/296-5745 (za sve ostale info).<br \/>\nNa\u010din pla\u0107anja (prethodno se najaviti na kako@kako.com.hr ili 091\/296-5745): <strong>POUZE\u0106E<\/strong> ili <strong>VIRMANSKI<\/strong>.<\/p>\n<p><strong>PODACI ZA NARUD\u017dBU :<\/strong><\/p>\n<p>NAZIV PROIZVODA<br \/>\nKoli\u010dina<br \/>\nIme i Prezime ili Naziv poduze\u0107a<br \/>\nAdresa slanja<br \/>\nPo\u0161tanski broj i mjesto<br \/>\nKontakt mobitel osobe koja preuzima proizvod<\/p>\n<p><a href=\"http:\/\/kako.com.hr\/webshop\/product-category\/dizalice\/\"> U ponudi su dizalice<\/a> za razli\u010dite namjene i s karakteristikama.<\/p>\n<p>1. Polu\u017ena dizalica \u2013 \u201cpull lift\u201d<br \/>\n2. Ru\u010dna lan\u010dana dizalica \u2013 \u201cfla\u0161encug\u201d<br \/>\n3. Tyrfor dizalica \u2013 model od \u010delika i od aluminija<br \/>\n4. Elektri\u010dna dizalica<br \/>\n5. Hidrauli\u010dna dizalica \u2013 \u201cpa\u0161teta\u201d i \u201cmulti pa\u0161teta\u201d<br \/>\n6. Kolska dizalica<br \/>\n7. Zatezna dizalice<br \/>\n9. Krokodilska dizalica<br \/>\n10. Ru\u010dni vili\u010dar \u2013 \u201cpaletarac\u201d<\/p>\n<p>Za sve modele koji nisu pojedina\u010dno navedeni u proizvodima, slobodno nam se javite na upit.<\/p>\n","protected":false},"excerpt":{"rendered":"<p>Zatezna dizalica, razli\u010dite nosivosti s razli\u010ditim duljinama sajle\/\u010deli\u010dnog u\u017eeta. Nosivost: 1-4 tone Duljina \u010deli\u010dnog u\u017eeta sajle: 1,8 &#8211; 3 metra Mogu\u0107a dostava po cijeloj RH, besplatna dostava u Zagrebu i okolici. Zatezna dizalica se mo\u017ee naru\u010diti slanjem ni\u017ee navedenih podatak na kako@kako.com.hr ili pozivom na 091\/296-5745 (za sve ostale info). Na\u010din pla\u0107anja (prethodno se najaviti [&hellip;]<\/p>\n","protected":false},"featured_media":100,"comment_status":"open","ping_status":"closed","template":"","meta":{"_monsterinsights_skip_tracking":false,"_monsterinsights_sitenote_active":false,"_monsterinsights_sitenote_note":"","_monsterinsights_sitenote_category":0},"_links":{"self":[{"href":"https:\/\/kako.com.hr\/webshop\/wp-json\/wp\/v2\/product\/99"}],"collection":[{"href":"https:\/\/kako.com.hr\/webshop\/wp-json\/wp\/v2\/product"}],"about":[{"href":"https:\/\/kako.com.hr\/webshop\/wp-json\/wp\/v2\/types\/product"}],"replies":[{"embeddable":true,"href":"https:\/\/kako.com.hr\/webshop\/wp-json\/wp\/v2\/comments?post=99"}],"wp:featuredmedia":[{"embeddable":true,"href":"https:\/\/kako.com.hr\/webshop\/wp-json\/wp\/v2\/media\/100"}],"wp:attachment":[{"href":"https:\/\/kako.com.hr\/webshop\/wp-json\/wp\/v2\/media?parent=99"}],"curies":[{"name":"wp","href":"https:\/\/api.w.org\/{rel}","templated":true}]}}