{"id":953,"date":"2022-05-23T07:19:11","date_gmt":"2022-05-23T07:19:11","guid":{"rendered":"http:\/\/kako.com.hr\/webshop\/?post_type=product&#038;p=953"},"modified":"2026-02-18T07:26:25","modified_gmt":"2026-02-18T07:26:25","slug":"natezna-stezaljka-za-fe-i-cu-uze-16-70-mm2-85500kn","status":"publish","type":"product","link":"https:\/\/kako.com.hr\/webshop\/izaberi-i-naruci\/manipulacija-kabelima\/natezna-stezaljka-za-fe-i-cu-uze-16-70-mm2-85500kn\/","title":{"rendered":"Natezna stezaljka za Fe i Cu u\u017ee 16-70 mm2  143,50 \u20ac"},"content":{"rendered":"<p>Natezna stezaljka za Fe i Cu u\u017ee 16-70 mm2 ( \u0424 4 \u2013 12 mm )<br \/>\nNosivost 1700 daN, Fmax= 3400 daN, masa 1,2kg, CIJENA: 143,50 \u20ac<strong><br \/>\n<\/strong><\/p>\n<p>Natezne stezaljke se mogu naru\u010diti slanjem ni\u017ee navedenih podatak na kako@kako.com.hr ili pozivom na 091\/296-5745 (sve ostale info).<br \/>\nNa\u010din pla\u0107anja (prethodno se najaviti na kako@kako.com.hr ili 091\/296-5745): <strong>POUZE\u0106E<\/strong> ili <strong>VIRMANSKI<\/strong>.<\/p>\n<p><img decoding=\"async\" loading=\"lazy\" class=\"alignnone size-full wp-image-957\" src=\"http:\/\/kako.com.hr\/webshop\/wp-content\/uploads\/2022\/05\/Natezna-stezaljka-za-Fe-i-Cu-uze2.jpg\" alt=\"\" width=\"478\" height=\"478\" srcset=\"https:\/\/kako.com.hr\/webshop\/wp-content\/uploads\/2022\/05\/Natezna-stezaljka-za-Fe-i-Cu-uze2.jpg 478w, https:\/\/kako.com.hr\/webshop\/wp-content\/uploads\/2022\/05\/Natezna-stezaljka-za-Fe-i-Cu-uze2-300x300.jpg 300w, https:\/\/kako.com.hr\/webshop\/wp-content\/uploads\/2022\/05\/Natezna-stezaljka-za-Fe-i-Cu-uze2-150x150.jpg 150w, https:\/\/kako.com.hr\/webshop\/wp-content\/uploads\/2022\/05\/Natezna-stezaljka-za-Fe-i-Cu-uze2-100x100.jpg 100w\" sizes=\"(max-width: 478px) 100vw, 478px\" \/><\/p>\n<p><strong>PODACI ZA NARUD\u017dBU :<br \/>\n<\/strong><\/p>\n<p>Naziv proizvoda<br \/>\nKoli\u010dina<br \/>\nIme i Prezime ili Naziv poduze\u0107a<br \/>\nAdresa slanja<br \/>\nPo\u0161tanski broj i mjesto<br \/>\nKontakt mobitel osobe koja preuzima proizvod<\/p>\n<p>U ponudi je sljede\u0107a oprema i alat za elektroenergetske, gra\u0111evinske, komunalne i ostale vrste radova:<\/p>\n<p>1. For\u0161pan sajla \u2013 od 10 d0 300 metara duljine, od 4,5mm do 14 mm presjeka (fi)<br \/>\n2. Gurtne \u2013 s om\u010dama, beskona\u010dne, s mehanizmom, kompleti\u2026<br \/>\n3. Sajle, \u010deli\u010dna u\u017ead<br \/>\n4. Lanci<br \/>\n5. Koloturnici<br \/>\n6. Kabelske uvodnice<br \/>\n7. Karabineri, kuke, stezaljke, al-\u010de stezaljke, automatske stezaljke, trafo stezaljke,<br \/>\nVijci, matice, \u0161kopci, alke\u2026<br \/>\n8. <a href=\"https:\/\/www.youtube.com\/shorts\/-y-zz66XlkM\">Vitla<\/a>, vage, magneti, hvataljke, kolica<br \/>\n9. Inox program<\/p>\n<p>Za sve modele koji nisu pojedina\u010dno navedeni u proizvodima, slobodno nam se javite na upit.<\/p>\n","protected":false},"excerpt":{"rendered":"<p>Natezna stezaljka za Fe i Cu u\u017ee 16-70 mm2 ( \u0424 4 \u2013 12 mm ) Nosivost 1700 daN, Fmax= 3400 daN, masa 1,2kg, CIJENA: 143,50 \u20ac Natezne stezaljke se mogu naru\u010diti slanjem ni\u017ee navedenih podatak na kako@kako.com.hr ili pozivom na 091\/296-5745 (sve ostale info). Na\u010din pla\u0107anja (prethodno se najaviti na kako@kako.com.hr ili 091\/296-5745): POUZE\u0106E [&hellip;]<\/p>\n","protected":false},"featured_media":954,"comment_status":"open","ping_status":"closed","template":"","meta":{"_monsterinsights_skip_tracking":false,"_monsterinsights_sitenote_active":false,"_monsterinsights_sitenote_note":"","_monsterinsights_sitenote_category":0},"_links":{"self":[{"href":"https:\/\/kako.com.hr\/webshop\/wp-json\/wp\/v2\/product\/953"}],"collection":[{"href":"https:\/\/kako.com.hr\/webshop\/wp-json\/wp\/v2\/product"}],"about":[{"href":"https:\/\/kako.com.hr\/webshop\/wp-json\/wp\/v2\/types\/product"}],"replies":[{"embeddable":true,"href":"https:\/\/kako.com.hr\/webshop\/wp-json\/wp\/v2\/comments?post=953"}],"wp:featuredmedia":[{"embeddable":true,"href":"https:\/\/kako.com.hr\/webshop\/wp-json\/wp\/v2\/media\/954"}],"wp:attachment":[{"href":"https:\/\/kako.com.hr\/webshop\/wp-json\/wp\/v2\/media?parent=953"}],"curies":[{"name":"wp","href":"https:\/\/api.w.org\/{rel}","templated":true}]}}