{"id":944,"date":"2022-02-18T08:54:03","date_gmt":"2022-02-18T08:54:03","guid":{"rendered":"http:\/\/kako.com.hr\/webshop\/?post_type=product&#038;p=944"},"modified":"2022-09-04T17:10:26","modified_gmt":"2022-09-04T17:10:26","slug":"intercable-aku-presa-za-h-spojnice-29-95000-kn","status":"publish","type":"product","link":"https:\/\/kako.com.hr\/webshop\/izaberi-i-naruci\/oprema-i-alat\/intercable-aku-presa-za-h-spojnice-29-95000-kn\/","title":{"rendered":"Intercable aku pre\u0161a za H spojnice   29.950,00 kn\/3.975,05 \u20ac"},"content":{"rendered":"<p>Intercable aku pre\u0161a za pre\u0161anje H spojnica 29.950,00 kn\/ 3.975,05 \u20ac<br \/>\nAP130-C<br \/>\nPre\u0161a dolazi u kov\u010degu s punja\u010dem za bateriju (li-ion, 18V, 3000 mAh)<br \/>\n\u2013 sila pre\u0161anja 130 kN,<br \/>\nMasa ure\u0111aja: 6.7 kg<br \/>\nNa ovom modelu glava pre\u0161e nije izolirana<br \/>\n<img decoding=\"async\" loading=\"lazy\" class=\"alignnone size-full wp-image-946\" src=\"http:\/\/kako.com.hr\/webshop\/wp-content\/uploads\/2022\/02\/Hrv.png\" alt=\"\" width=\"972\" height=\"806\" srcset=\"https:\/\/kako.com.hr\/webshop\/wp-content\/uploads\/2022\/02\/Hrv.png 972w, https:\/\/kako.com.hr\/webshop\/wp-content\/uploads\/2022\/02\/Hrv-300x249.png 300w, https:\/\/kako.com.hr\/webshop\/wp-content\/uploads\/2022\/02\/Hrv-800x663.png 800w, https:\/\/kako.com.hr\/webshop\/wp-content\/uploads\/2022\/02\/Hrv-768x637.png 768w, https:\/\/kako.com.hr\/webshop\/wp-content\/uploads\/2022\/02\/Hrv-600x498.png 600w\" sizes=\"(max-width: 972px) 100vw, 972px\" \/><\/p>\n<p>Intercable aku pre\u0161a za H spojnice mo\u017ee se naru\u010diti slanjem ni\u017ee navedenih podatak na kako@kako.com.hr ili pozivom na 091\/296-5745 (sve ostale info).<br \/>\nNa\u010din pla\u0107anja i detaljnije info. (prethodno se najaviti na kako@kako.com.hr ili 091\/296-5745):\u00a0 <strong>VIRMANSKI<\/strong>.<br \/>\nSvi proizvodi su novi, zapakirani, ne kori\u0161teni!<\/p>\n<p><strong>PODACI ZA NARUD\u017dBU :<br \/>\n<\/strong><\/p>\n<p>Naziv proizvoda<br \/>\nKoli\u010dina<br \/>\nIme i Prezime ili Naziv poduze\u0107a<br \/>\nAdresa slanja<br \/>\nPo\u0161tanski broj i mjesto<br \/>\nKontakt mobitel osobe koja preuzima proizvod<\/p>\n<p><a href=\"http:\/\/abarelto.hr\/article-zanimljivosti-FOR%C5%A0PAN.html\">Predstavljaju\u0107i i ostale inovativne proizvode<\/a>\u00a0svjetski renomiranih proizvo\u0111a\u010da te korisna rje\u0161enja koja oni pru\u017eaju pri radu, ovi proizvodi pru\u017eaju sigurnost i garanciju najvi\u0161eg stupnja kvalitete koja je nu\u017eno potrebna na ovom podru\u010dju rada.<\/p>\n","protected":false},"excerpt":{"rendered":"<p>Intercable aku pre\u0161a za pre\u0161anje H spojnica 29.950,00 kn\/ 3.975,05 \u20ac AP130-C Pre\u0161a dolazi u kov\u010degu s punja\u010dem za bateriju (li-ion, 18V, 3000 mAh) \u2013 sila pre\u0161anja 130 kN, Masa ure\u0111aja: 6.7 kg Na ovom modelu glava pre\u0161e nije izolirana Intercable aku pre\u0161a za H spojnice mo\u017ee se naru\u010diti slanjem ni\u017ee navedenih podatak na kako@kako.com.hr [&hellip;]<\/p>\n","protected":false},"featured_media":945,"comment_status":"open","ping_status":"closed","template":"","meta":{"_monsterinsights_skip_tracking":false,"_monsterinsights_sitenote_active":false,"_monsterinsights_sitenote_note":"","_monsterinsights_sitenote_category":0},"_links":{"self":[{"href":"https:\/\/kako.com.hr\/webshop\/wp-json\/wp\/v2\/product\/944"}],"collection":[{"href":"https:\/\/kako.com.hr\/webshop\/wp-json\/wp\/v2\/product"}],"about":[{"href":"https:\/\/kako.com.hr\/webshop\/wp-json\/wp\/v2\/types\/product"}],"replies":[{"embeddable":true,"href":"https:\/\/kako.com.hr\/webshop\/wp-json\/wp\/v2\/comments?post=944"}],"wp:featuredmedia":[{"embeddable":true,"href":"https:\/\/kako.com.hr\/webshop\/wp-json\/wp\/v2\/media\/945"}],"wp:attachment":[{"href":"https:\/\/kako.com.hr\/webshop\/wp-json\/wp\/v2\/media?parent=944"}],"curies":[{"name":"wp","href":"https:\/\/api.w.org\/{rel}","templated":true}]}}