{"id":910,"date":"2021-10-10T08:47:22","date_gmt":"2021-10-10T08:47:22","guid":{"rendered":"http:\/\/kako.com.hr\/webshop\/?post_type=product&#038;p=910"},"modified":"2024-08-09T11:11:49","modified_gmt":"2024-08-09T11:11:49","slug":"uredaj-za-automatsko-gasenje-klime-1-18500-kn","status":"publish","type":"product","link":"https:\/\/kako.com.hr\/webshop\/izaberi-i-naruci\/mjerni-uredaji\/uredaj-za-automatsko-gasenje-klime-1-18500-kn\/","title":{"rendered":"Ure\u0111aj za automatsko ga\u0161enje klime  550,00 kn\/ 73 \u20ac"},"content":{"rendered":"<p>Ure\u0111aj za automatsko ga\u0161enje klime 550,00 kn\/ 73 \u20ac<br \/>\nNovo zapakirano!<br \/>\n<img decoding=\"async\" loading=\"lazy\" class=\"alignnone size-full wp-image-913\" src=\"http:\/\/kako.com.hr\/webshop\/wp-content\/uploads\/2021\/10\/IMG-20211010-WA0002.jpg\" alt=\"ure\u0111aj za automatsko ga\u0161enje klime\" width=\"379\" height=\"379\" srcset=\"https:\/\/kako.com.hr\/webshop\/wp-content\/uploads\/2021\/10\/IMG-20211010-WA0002.jpg 379w, https:\/\/kako.com.hr\/webshop\/wp-content\/uploads\/2021\/10\/IMG-20211010-WA0002-300x300.jpg 300w, https:\/\/kako.com.hr\/webshop\/wp-content\/uploads\/2021\/10\/IMG-20211010-WA0002-150x150.jpg 150w, https:\/\/kako.com.hr\/webshop\/wp-content\/uploads\/2021\/10\/IMG-20211010-WA0002-100x100.jpg 100w\" sizes=\"(max-width: 379px) 100vw, 379px\" \/><\/p>\n<p>Ure\u0111aj za automatsko ga\u0161enje klime &#8211; idealno za apartmane.<br \/>\nMikroprocesorski ure\u0111aj sa senzorom prisutnosti koji automatski gasi klima ure\u0111aj kada u prostoriji nema nikoga du\u017ee od sat vremena. Ure\u0111aj se jednostavno montira na strop i podr\u017eava ve\u0107inu klima ure\u0111aja (ure\u0111aj simulira i \u0161alje signal kao da je na daljinskom upravlja\u010du pritisnut gumb OFF). U ponudi je model koji radi na baterije i model koji radi na 8v napon sa transformatora za zvono.<br \/>\n<img decoding=\"async\" loading=\"lazy\" class=\"alignnone size-full wp-image-911\" src=\"http:\/\/kako.com.hr\/webshop\/wp-content\/uploads\/2021\/10\/IMG-20211010-WA0000.jpg\" alt=\"ure\u0111aj za automatsko ga\u0161enje klime\" width=\"568\" height=\"520\" srcset=\"https:\/\/kako.com.hr\/webshop\/wp-content\/uploads\/2021\/10\/IMG-20211010-WA0000.jpg 568w, https:\/\/kako.com.hr\/webshop\/wp-content\/uploads\/2021\/10\/IMG-20211010-WA0000-300x275.jpg 300w\" sizes=\"(max-width: 568px) 100vw, 568px\" \/><\/p>\n<p>Ure\u0111aj za automatsko ga\u0161enje klime mo\u017ee se naru\u010diti slanjem ni\u017ee navedenih podatak na kako@kako.com.hr ili pozivom na 091\/296-5745 (sve ostale info).<br \/>\nNa\u010din pla\u0107anja (prethodno se najaviti na kako@kako.com.hr ili 091\/296-5745):\u00a0<strong>POUZE\u0106E<\/strong>\u00a0ili\u00a0<strong>VIRMANSKI<\/strong>.<br \/>\nSvi proizvodi su novi, zapakirani, ne kori\u0161teni!<\/p>\n<p><iframe loading=\"lazy\" title=\"Kako automatski ugasiti klima ure\u0111aj\" width=\"900\" height=\"506\" src=\"https:\/\/www.youtube.com\/embed\/RwETdirFafo?feature=oembed\" frameborder=\"0\" allow=\"accelerometer; autoplay; clipboard-write; encrypted-media; gyroscope; picture-in-picture\" allowfullscreen><\/iframe><\/p>\n<p><strong>PODACI ZA NARUD\u017dBU :<br \/>\n<\/strong><\/p>\n<p>Naziv proizvoda<br \/>\nKoli\u010dina<br \/>\nIme i Prezime ili Naziv poduze\u0107a<br \/>\nAdresa slanja<br \/>\nPo\u0161tanski broj i mjesto<br \/>\nKontakt mobitel osobe koja preuzima proizvod<\/p>\n<p><a href=\"http:\/\/abarelto.hr\/article-zanimljivosti-FOR%C5%A0PAN.html\">Predstavljaju\u0107i i ostale inovativne proizvode<\/a>\u00a0svjetski renomiranih proizvo\u0111a\u010da te korisna rje\u0161enja koja oni pru\u017eaju pri radu, ovi proizvodi pru\u017eaju sigurnost i garanciju najvi\u0161eg stupnja kvalitete koja je nu\u017eno potrebna na ovom podru\u010dju rada.<\/p>\n","protected":false},"excerpt":{"rendered":"<p>Ure\u0111aj za automatsko ga\u0161enje klime 550,00 kn\/ 73 \u20ac Novo zapakirano! Ure\u0111aj za automatsko ga\u0161enje klime &#8211; idealno za apartmane. Mikroprocesorski ure\u0111aj sa senzorom prisutnosti koji automatski gasi klima ure\u0111aj kada u prostoriji nema nikoga du\u017ee od sat vremena. Ure\u0111aj se jednostavno montira na strop i podr\u017eava ve\u0107inu klima ure\u0111aja (ure\u0111aj simulira i \u0161alje signal [&hellip;]<\/p>\n","protected":false},"featured_media":912,"comment_status":"open","ping_status":"closed","template":"","meta":{"_monsterinsights_skip_tracking":false,"_monsterinsights_sitenote_active":false,"_monsterinsights_sitenote_note":"","_monsterinsights_sitenote_category":0},"_links":{"self":[{"href":"https:\/\/kako.com.hr\/webshop\/wp-json\/wp\/v2\/product\/910"}],"collection":[{"href":"https:\/\/kako.com.hr\/webshop\/wp-json\/wp\/v2\/product"}],"about":[{"href":"https:\/\/kako.com.hr\/webshop\/wp-json\/wp\/v2\/types\/product"}],"replies":[{"embeddable":true,"href":"https:\/\/kako.com.hr\/webshop\/wp-json\/wp\/v2\/comments?post=910"}],"wp:featuredmedia":[{"embeddable":true,"href":"https:\/\/kako.com.hr\/webshop\/wp-json\/wp\/v2\/media\/912"}],"wp:attachment":[{"href":"https:\/\/kako.com.hr\/webshop\/wp-json\/wp\/v2\/media?parent=910"}],"curies":[{"name":"wp","href":"https:\/\/api.w.org\/{rel}","templated":true}]}}