{"id":882,"date":"2021-09-03T07:30:20","date_gmt":"2021-09-03T07:30:20","guid":{"rendered":"http:\/\/kako.com.hr\/webshop\/?post_type=product&#038;p=882"},"modified":"2022-09-04T17:37:46","modified_gmt":"2022-09-04T17:37:46","slug":"viseci-osovinski-nosac-bubnja-8-89000-kn","status":"publish","type":"product","link":"https:\/\/kako.com.hr\/webshop\/izaberi-i-naruci\/manipulacija-kabelima\/viseci-osovinski-nosac-bubnja-8-89000-kn\/","title":{"rendered":"Vise\u0107i osovinski nosa\u010d bubnja   8.890,00 kn\/ 1.179,91 \u20ac"},"content":{"rendered":"<p>Vise\u0107i osovinski nosa\u010d bubnja 8.890,00 kn<br \/>\nNosivost: 6 T<br \/>\nTe\u017eina: 60 kg<br \/>\nNovo, nekori\u0161teno!!<\/p>\n<p><img decoding=\"async\" loading=\"lazy\" class=\"alignnone size-full wp-image-883\" src=\"http:\/\/kako.com.hr\/webshop\/wp-content\/uploads\/2021\/09\/viseci-osovinski-nosac-bubnja.jpg\" alt=\"\" width=\"741\" height=\"481\" srcset=\"https:\/\/kako.com.hr\/webshop\/wp-content\/uploads\/2021\/09\/viseci-osovinski-nosac-bubnja.jpg 741w, https:\/\/kako.com.hr\/webshop\/wp-content\/uploads\/2021\/09\/viseci-osovinski-nosac-bubnja-300x195.jpg 300w, https:\/\/kako.com.hr\/webshop\/wp-content\/uploads\/2021\/09\/viseci-osovinski-nosac-bubnja-600x389.jpg 600w\" sizes=\"(max-width: 741px) 100vw, 741px\" \/><br \/>\nVise\u0107i osovinski nosa\u010d bubnja\u00a06T mo\u017ee se naru\u010diti slanjem ni\u017ee navedenih podatak na kako@kako.com.hr ili pozivom na 091\/296-5745 (sve ostale info).<br \/>\nNa\u010din pla\u0107anja (prethodno se najaviti na kako@kako.com.hr ili 091\/296-5745): <strong>POUZE\u0106E<\/strong> ili <strong>VIRMANSKI<\/strong>.<\/p>\n<p><strong>PODACI ZA NARUD\u017dBU :<br \/>\n<\/strong><\/p>\n<p>Naziv proizvoda<br \/>\nKoli\u010dina<br \/>\nIme i Prezime ili Naziv poduze\u0107a<br \/>\nAdresa slanja<br \/>\nPo\u0161tanski broj i mjesto<br \/>\nKontakt mobitel osobe koja preuzima proizvod<\/p>\n<p><a href=\"http:\/\/abarelto.hr\/article-zanimljivosti-FOR%C5%A0PAN.html\">Predstavljaju\u0107i i ostale inovativne proizvode<\/a>\u00a0svjetski renomiranih proizvo\u0111a\u010da te korisna rje\u0161enja koja oni pru\u017eaju pri radu, ovi proizvodi pru\u017eaju sigurnost i garanciju najvi\u0161eg stupnja kvalitete koja je nu\u017eno potrebna na ovom podru\u010dju rada.<\/p>\n<p>&nbsp;<\/p>\n","protected":false},"excerpt":{"rendered":"<p>Vise\u0107i osovinski nosa\u010d bubnja 8.890,00 kn Nosivost: 6 T Te\u017eina: 60 kg Novo, nekori\u0161teno!! Vise\u0107i osovinski nosa\u010d bubnja\u00a06T mo\u017ee se naru\u010diti slanjem ni\u017ee navedenih podatak na kako@kako.com.hr ili pozivom na 091\/296-5745 (sve ostale info). Na\u010din pla\u0107anja (prethodno se najaviti na kako@kako.com.hr ili 091\/296-5745): POUZE\u0106E ili VIRMANSKI. PODACI ZA NARUD\u017dBU : Naziv proizvoda Koli\u010dina Ime i [&hellip;]<\/p>\n","protected":false},"featured_media":884,"comment_status":"open","ping_status":"closed","template":"","meta":{"_monsterinsights_skip_tracking":false,"_monsterinsights_sitenote_active":false,"_monsterinsights_sitenote_note":"","_monsterinsights_sitenote_category":0},"_links":{"self":[{"href":"https:\/\/kako.com.hr\/webshop\/wp-json\/wp\/v2\/product\/882"}],"collection":[{"href":"https:\/\/kako.com.hr\/webshop\/wp-json\/wp\/v2\/product"}],"about":[{"href":"https:\/\/kako.com.hr\/webshop\/wp-json\/wp\/v2\/types\/product"}],"replies":[{"embeddable":true,"href":"https:\/\/kako.com.hr\/webshop\/wp-json\/wp\/v2\/comments?post=882"}],"wp:featuredmedia":[{"embeddable":true,"href":"https:\/\/kako.com.hr\/webshop\/wp-json\/wp\/v2\/media\/884"}],"wp:attachment":[{"href":"https:\/\/kako.com.hr\/webshop\/wp-json\/wp\/v2\/media?parent=882"}],"curies":[{"name":"wp","href":"https:\/\/api.w.org\/{rel}","templated":true}]}}