{"id":862,"date":"2021-08-20T08:05:11","date_gmt":"2021-08-20T08:05:11","guid":{"rendered":"http:\/\/kako.com.hr\/webshop\/?post_type=product&#038;p=862"},"modified":"2024-12-23T07:36:38","modified_gmt":"2024-12-23T07:36:38","slug":"zatezna-dizalica-na-celicno-uze-3t-43500-kn","status":"publish","type":"product","link":"https:\/\/kako.com.hr\/webshop\/izaberi-i-naruci\/dizalice-i-gurtne-uzad\/zatezna-dizalica-na-celicno-uze-3t-43500-kn\/","title":{"rendered":"Zatezna dizalica na \u010deli\u010dno u\u017ee 3T  75,74 \u20ac"},"content":{"rendered":"<p>Zatezna dizalica na \u010deli\u010dno u\u017ee\u00a0 75,74 \u20ac<br \/>\nNosivosti 3T<\/p>\n<p>Duljina \u010deli\u010dnog u\u017eeta sajle: 1,8 \u2013 3 metra<\/p>\n<p>Mogu\u0107a dostava po cijeloj RH, besplatna dostava u Zagrebu i okolici.<\/p>\n<p>Zatezna dizalica se mo\u017ee naru\u010diti slanjem ni\u017ee navedenih podatak na kako@kako.com.hr ili pozivom na 091\/296-5745 (za sve ostale info).<br \/>\nNa\u010din pla\u0107anja (prethodno se najaviti na kako@kako.com.hr ili 091\/296-5745): <strong>POUZE\u0106E<\/strong> ili <strong>VIRMANSKI<\/strong>.<\/p>\n<p><strong>PODACI ZA NARUD\u017dBU :<\/strong><\/p>\n<p>NAZIV PROIZVODA<br \/>\nKoli\u010dina<br \/>\nIme i Prezime ili Naziv poduze\u0107a<br \/>\nAdresa slanja<br \/>\nPo\u0161tanski broj i mjesto<br \/>\nKontakt mobitel osobe koja preuzima proizvod<\/p>\n<p><a href=\"http:\/\/kako.com.hr\/webshop\/product-category\/dizalice\/\"> U ponudi su dizalice<\/a> za razli\u010dite namjene i s karakteristikama.<\/p>\n<p>1. Polu\u017ena dizalica \u2013 \u201cpull lift\u201d<br \/>\n2. Ru\u010dna lan\u010dana dizalica \u2013 \u201cfla\u0161encug\u201d<br \/>\n3. Tyrfor dizalica \u2013 model od \u010delika i od aluminija<br \/>\n4. Elektri\u010dna dizalica<br \/>\n5. Hidrauli\u010dna dizalica \u2013 \u201cpa\u0161teta\u201d i \u201cmulti pa\u0161teta\u201d<br \/>\n6. Kolska dizalica<br \/>\n7. Zatezna dizalice<br \/>\n9. Krokodilska dizalica<br \/>\n10. Ru\u010dni vili\u010dar \u2013 \u201cpaletarac\u201d<\/p>\n<p>Za sve modele koji nisu pojedina\u010dno navedeni u proizvodima, slobodno nam se javite na upit.<\/p>\n","protected":false},"excerpt":{"rendered":"<p>Zatezna dizalica na \u010deli\u010dno u\u017ee\u00a0 75,74 \u20ac Nosivosti 3T Duljina \u010deli\u010dnog u\u017eeta sajle: 1,8 \u2013 3 metra Mogu\u0107a dostava po cijeloj RH, besplatna dostava u Zagrebu i okolici. Zatezna dizalica se mo\u017ee naru\u010diti slanjem ni\u017ee navedenih podatak na kako@kako.com.hr ili pozivom na 091\/296-5745 (za sve ostale info). Na\u010din pla\u0107anja (prethodno se najaviti na kako@kako.com.hr ili [&hellip;]<\/p>\n","protected":false},"featured_media":100,"comment_status":"open","ping_status":"closed","template":"","meta":{"_monsterinsights_skip_tracking":false,"_monsterinsights_sitenote_active":false,"_monsterinsights_sitenote_note":"","_monsterinsights_sitenote_category":0},"_links":{"self":[{"href":"https:\/\/kako.com.hr\/webshop\/wp-json\/wp\/v2\/product\/862"}],"collection":[{"href":"https:\/\/kako.com.hr\/webshop\/wp-json\/wp\/v2\/product"}],"about":[{"href":"https:\/\/kako.com.hr\/webshop\/wp-json\/wp\/v2\/types\/product"}],"replies":[{"embeddable":true,"href":"https:\/\/kako.com.hr\/webshop\/wp-json\/wp\/v2\/comments?post=862"}],"wp:featuredmedia":[{"embeddable":true,"href":"https:\/\/kako.com.hr\/webshop\/wp-json\/wp\/v2\/media\/100"}],"wp:attachment":[{"href":"https:\/\/kako.com.hr\/webshop\/wp-json\/wp\/v2\/media?parent=862"}],"curies":[{"name":"wp","href":"https:\/\/api.w.org\/{rel}","templated":true}]}}