{"id":793,"date":"2021-03-19T11:01:16","date_gmt":"2021-03-19T11:01:16","guid":{"rendered":"http:\/\/kako.com.hr\/webshop\/?post_type=product&#038;p=793"},"modified":"2022-09-05T19:05:58","modified_gmt":"2022-09-05T19:05:58","slug":"osovinski-podizac-nosac-kabelskog-bubnja-10t-49-98000-kn","status":"publish","type":"product","link":"https:\/\/kako.com.hr\/webshop\/izaberi-i-naruci\/manipulacija-kabelima\/osovinski-podizac-nosac-kabelskog-bubnja-10t-49-98000-kn\/","title":{"rendered":"Osovinski podiza\u010d nosa\u010d kabelskog bubnja 10T    49.980,00 kn\/ 6.633,49 \u20ac"},"content":{"rendered":"<p>Osovinski podiza\u010d nosa\u010d kabelskog bubnja 10T 49.980,00 kn<br \/>\nTe\u017eina modela nosivosti 10T = 500 kg<br \/>\nHidrau\u010dno podizanje i jednostavno ru\u010dno odmatanje kabela prilikom polaganja<br \/>\n<span class=\"tlid-translation translation\" lang=\"hr\"><span class=\"\" title=\"\">\u2013 Sklopiv<\/span><br \/>\n\u2013 <span class=\"\" title=\"\">Kompaktan i jednostavan za transport<\/span><br \/>\n\u2013 I<span class=\"\" title=\"\">ntegrirani le\u017eaj za te\u0161ke uvjete \u2013 Sigurnosni nosa\u010d od nehr\u0111aju\u0107eg \u010delika<\/span><br \/>\n\u2013 <span title=\"\">Podi\u017ee bubnjeve do max.<\/span> <span class=\"\" title=\"\">10000 kg<\/span><br \/>\n\u2013 <span class=\"\" title=\"\">Nije potrebno dodatno pri\u010dvr\u0161\u0107ivanje podignutog tereta<br \/>\n<\/span><\/span><\/p>\n<p>Osovinski podiza\u010d nosa\u010d kabelskog bubnja mo\u017ee se naru\u010diti slanjem ni\u017ee navedenih podatak na kako@kako.com.hr ili pozivom na 091\/296-5745 (sve ostale info).<br \/>\nNa\u010din pla\u0107anja (prethodno se najaviti na kako@kako.com.hr ili 091\/296-5745): <strong>POUZE\u0106E<\/strong> ili <strong>VIRMANSKI<\/strong>.<\/p>\n<p><a href=\"http:\/\/abarelto.hr\/article-zanimljivosti-FOR%C5%A0PAN.html\">Predstavljaju\u0107i i ostale inovativne proizvode<\/a>\u00a0svjetski renomiranih proizvo\u0111a\u010da te korisna rje\u0161enja koja oni pru\u017eaju pri radu, ovi proizvodi pru\u017eaju sigurnost i garanciju najvi\u0161eg stupnja kvalitete koja je nu\u017eno potrebna na ovom podru\u010dju rada.<\/p>\n<p>Pogledajte i ostalu<a href=\"http:\/\/kako.com.hr\/webshop\/product-category\/oprema-i-alat\/\"> PONUDU OPREME I ALATA<\/a><\/p>\n","protected":false},"excerpt":{"rendered":"<p>Osovinski podiza\u010d nosa\u010d kabelskog bubnja 10T 49.980,00 kn Te\u017eina modela nosivosti 10T = 500 kg Hidrau\u010dno podizanje i jednostavno ru\u010dno odmatanje kabela prilikom polaganja \u2013 Sklopiv \u2013 Kompaktan i jednostavan za transport \u2013 Integrirani le\u017eaj za te\u0161ke uvjete \u2013 Sigurnosni nosa\u010d od nehr\u0111aju\u0107eg \u010delika \u2013 Podi\u017ee bubnjeve do max. 10000 kg \u2013 Nije potrebno dodatno [&hellip;]<\/p>\n","protected":false},"featured_media":794,"comment_status":"open","ping_status":"closed","template":"","meta":{"_monsterinsights_skip_tracking":false,"_monsterinsights_sitenote_active":false,"_monsterinsights_sitenote_note":"","_monsterinsights_sitenote_category":0},"_links":{"self":[{"href":"https:\/\/kako.com.hr\/webshop\/wp-json\/wp\/v2\/product\/793"}],"collection":[{"href":"https:\/\/kako.com.hr\/webshop\/wp-json\/wp\/v2\/product"}],"about":[{"href":"https:\/\/kako.com.hr\/webshop\/wp-json\/wp\/v2\/types\/product"}],"replies":[{"embeddable":true,"href":"https:\/\/kako.com.hr\/webshop\/wp-json\/wp\/v2\/comments?post=793"}],"wp:featuredmedia":[{"embeddable":true,"href":"https:\/\/kako.com.hr\/webshop\/wp-json\/wp\/v2\/media\/794"}],"wp:attachment":[{"href":"https:\/\/kako.com.hr\/webshop\/wp-json\/wp\/v2\/media?parent=793"}],"curies":[{"name":"wp","href":"https:\/\/api.w.org\/{rel}","templated":true}]}}