{"id":776,"date":"2021-02-17T11:37:08","date_gmt":"2021-02-17T11:37:08","guid":{"rendered":"http:\/\/kako.com.hr\/webshop\/?post_type=product&#038;p=776"},"modified":"2022-09-04T17:58:12","modified_gmt":"2022-09-04T17:58:12","slug":"alu-ljestve-jednostrane-1-25000-kn","status":"publish","type":"product","link":"https:\/\/kako.com.hr\/webshop\/izaberi-i-naruci\/aluminijske-ljestve\/alu-ljestve-jednostrane-1-25000-kn\/","title":{"rendered":"Alu ljestve jednostrane  1.250,00 kn\/ 165,90 \u20ac"},"content":{"rendered":"<p>Alu ljestve jednostrane 1.250,00 kn<\/p>\n<p>Najpovoljnije alu ljestve na tr\u017ei\u0161tu.<\/p>\n<p>Mogu\u0107a dostava po cijeloj RH, besplatna dostava u Zagrebu i okolici.<\/p>\n<p>Alu ljestve jednostrane mo\u017eete naru\u010diti slanjem ni\u017ee navedenih podatak na kako@kako.com.hr ili pozivom na 091\/296-5745 (sve ostale info).<br \/>\nNa\u010din pla\u0107anja (prethodno se najaviti na kako@kako.com.hr ili 091\/296-5745): <strong>POUZE\u0106E<\/strong> ili <strong>VIRMANSKI<\/strong>.<\/p>\n<p><img decoding=\"async\" loading=\"lazy\" class=\"alignnone size-full wp-image-777\" src=\"http:\/\/kako.com.hr\/webshop\/wp-content\/uploads\/2021\/02\/alu-ljestve-jednostrane-TOP.jpg\" alt=\"\" width=\"499\" height=\"499\" srcset=\"https:\/\/kako.com.hr\/webshop\/wp-content\/uploads\/2021\/02\/alu-ljestve-jednostrane-TOP.jpg 499w, https:\/\/kako.com.hr\/webshop\/wp-content\/uploads\/2021\/02\/alu-ljestve-jednostrane-TOP-150x150.jpg 150w, https:\/\/kako.com.hr\/webshop\/wp-content\/uploads\/2021\/02\/alu-ljestve-jednostrane-TOP-300x300.jpg 300w, https:\/\/kako.com.hr\/webshop\/wp-content\/uploads\/2021\/02\/alu-ljestve-jednostrane-TOP-100x100.jpg 100w\" sizes=\"(max-width: 499px) 100vw, 499px\" \/><\/p>\n<p><strong>PODACI ZA NARUD\u017dBU :<\/strong><br \/>\nIme i Prezime ili Naziv poduze\u0107a<br \/>\nAdresa slanja<br \/>\nPo\u0161tanski broj i mjesto<br \/>\nKontakt mobitel osobe koja preuzima proizvod<\/p>\n<div class=\"term-description\">\n<p><a href=\"http:\/\/kako.com.hr\/webshop\/product-category\/aluminijske-ljestve\/\">U ponudi<\/a> su sljede\u0107e aluminijske ljestve:<\/p>\n<p>1. Zglobne ljestve: 3 x 3, 3 x 4, 3 x 5<br \/>\n2. Model \u201cA\u201d dvostrane: 2, 3 ,4 gazi\u0161ta<br \/>\n3. Model \u201cA\u201d jednostrane: 3, 4, 5, 6, 7 ,8 gazi\u0161ta<br \/>\n4. Dvostrane nastavne alu ljestve: 12, 14, 16, 18, 20, 22 gazi\u0161ta (sa i bez u\u017eeta)<br \/>\n5. Trodjelne multifunkcionalne ljestve: 6, 7, 8, 9, 10, 11, 12, 14 gazi\u0161ta<br \/>\n6. Trodjelne teleskopske ljestve: 10, 12, 14, 16, 18, 20 gazi\u0161ta<br \/>\n7. Ljestve kuka\u010de sa sigurnosnim kliza\u010dem<br \/>\n8. Ljestve \u010detverodijelne sa kliza\u010dem za betonski stup.<br \/>\nSastoje od:\u00a0 a) Temeljni dio<br \/>\nb) 2 osnovna segmenta<br \/>\nc) zavr\u0161ni segment+podest+2 kliza\u010da<br \/>\n9. Jednodjelna prislona ljestve: 8, 10, 12, 14, 16, 18, 20 gazi\u0161ta<\/p>\n<p>Za sve modele koji nisu pojedina\u010dno navedeni u proizvodima, slobodno nam se javite na upit.<\/p>\n<p>UZ NAVEDENU PONUDU ALUMINIJSKIH LJESTAVA I LJESTAVA OD STAKLOPLASTIKE, U MOGU\u0106NOSTI SMO ISPORU\u010cITI I SVE OBLIKE:<\/p>\n<ul>\n<li>RADNIH PLATFORMI,<\/li>\n<li>PODESTA,<\/li>\n<li>RADNIH \u201eKO\u0160ARA\u201c,<\/li>\n<li>PROTUKLIZNIH MOSTOVA,<\/li>\n<li>ALUMINIJSKIH STEPENICA I GAZI\u0160TA,<\/li>\n<li>SKELA<\/li>\n<\/ul>\n<\/div>\n","protected":false},"excerpt":{"rendered":"<p>Alu ljestve jednostrane 1.250,00 kn Najpovoljnije alu ljestve na tr\u017ei\u0161tu. Mogu\u0107a dostava po cijeloj RH, besplatna dostava u Zagrebu i okolici. Alu ljestve jednostrane mo\u017eete naru\u010diti slanjem ni\u017ee navedenih podatak na kako@kako.com.hr ili pozivom na 091\/296-5745 (sve ostale info). Na\u010din pla\u0107anja (prethodno se najaviti na kako@kako.com.hr ili 091\/296-5745): POUZE\u0106E ili VIRMANSKI. PODACI ZA NARUD\u017dBU : [&hellip;]<\/p>\n","protected":false},"featured_media":778,"comment_status":"open","ping_status":"closed","template":"","meta":{"_monsterinsights_skip_tracking":false,"_monsterinsights_sitenote_active":false,"_monsterinsights_sitenote_note":"","_monsterinsights_sitenote_category":0},"_links":{"self":[{"href":"https:\/\/kako.com.hr\/webshop\/wp-json\/wp\/v2\/product\/776"}],"collection":[{"href":"https:\/\/kako.com.hr\/webshop\/wp-json\/wp\/v2\/product"}],"about":[{"href":"https:\/\/kako.com.hr\/webshop\/wp-json\/wp\/v2\/types\/product"}],"replies":[{"embeddable":true,"href":"https:\/\/kako.com.hr\/webshop\/wp-json\/wp\/v2\/comments?post=776"}],"wp:featuredmedia":[{"embeddable":true,"href":"https:\/\/kako.com.hr\/webshop\/wp-json\/wp\/v2\/media\/778"}],"wp:attachment":[{"href":"https:\/\/kako.com.hr\/webshop\/wp-json\/wp\/v2\/media?parent=776"}],"curies":[{"name":"wp","href":"https:\/\/api.w.org\/{rel}","templated":true}]}}