{"id":773,"date":"2021-02-17T11:25:40","date_gmt":"2021-02-17T11:25:40","guid":{"rendered":"http:\/\/kako.com.hr\/webshop\/?post_type=product&#038;p=773"},"modified":"2022-09-05T19:00:12","modified_gmt":"2022-09-05T19:00:12","slug":"izolacijska-ploca-36-kv-3-75000-kn","status":"publish","type":"product","link":"https:\/\/kako.com.hr\/webshop\/izaberi-i-naruci\/oprema-i-alat\/izolacijska-ploca-36-kv-3-75000-kn\/","title":{"rendered":"Izolacijska plo\u010da 36 kV    3.750,00 kn\/ 497,71 \u20ac"},"content":{"rendered":"<p>Izolacijska plo\u010da debljine 6mm za 36 kV\u00a0 3.750,00 kn<\/p>\n<p>Standard izrade: VDE 0682, dio 552<br \/>\nMaterijal: tvrdi PVC, crvene boje, te\u0161ko goriv, samogasiv, prema DIN 4102<br \/>\nModel: tip A3 s bajonet prihvatom na stranici savijenoj pod kutem<br \/>\nDebljina plo\u010de: 6 mm, za napon 36 kV<br \/>\nDimenzije: 1000 x 450 \/350 mm<br \/>\nKut savijanja: 38\u00ba<br \/>\n\u0160irina ruba: 40 mm<br \/>\nMasa: cca. 8kg<\/p>\n<div dir=\"ltr\">\n<p>Izolacijska plo\u010da debljine 6mm za 36 kV mo\u017ee se naru\u010diti slanjem ni\u017ee navedenih podatak na kako@kako.com.hr ili pozivom na 091\/296-5745 (sve ostale info).<br \/>\nNa\u010din pla\u0107anja (prethodno se najaviti na kako@kako.com.hr ili 091\/296-5745): <strong>POUZE\u0106E<\/strong> ili <strong>VIRMANSKI<\/strong>.<\/p>\n<p><strong>PODACI ZA NARUD\u017dBU :<br \/>\n<\/strong>Naziv proizvoda<br \/>\nKoli\u010dina<br \/>\nIme i Prezime ili Naziv poduze\u0107a<br \/>\nAdresa slanja<br \/>\nPo\u0161tanski broj i mjesto<br \/>\nKontakt mobitel osobe koja preuzima proizvod<br \/>\n<img decoding=\"async\" loading=\"lazy\" class=\"alignnone size-full wp-image-775\" src=\"http:\/\/kako.com.hr\/webshop\/wp-content\/uploads\/2021\/02\/Izolacijska-plo\u010da-36kV.jpg\" alt=\"\" width=\"498\" height=\"386\" srcset=\"https:\/\/kako.com.hr\/webshop\/wp-content\/uploads\/2021\/02\/Izolacijska-plo\u010da-36kV.jpg 498w, https:\/\/kako.com.hr\/webshop\/wp-content\/uploads\/2021\/02\/Izolacijska-plo\u010da-36kV-300x233.jpg 300w\" sizes=\"(max-width: 498px) 100vw, 498px\" \/><\/p>\n<p>U ponudi je sljede\u0107a oprema i alat za elektroenergetske, gra\u0111evinske, komunalne i ostale vrste radova:<\/p>\n<p>1. For\u0161pan sajla \u2013 od 10 d0 300 metara duljine, od 4,5mm do 14 mm presjeka (fi)<br \/>\n2. Gurtne \u2013 s om\u010dama, beskona\u010dne, s mehanizmom, kompleti\u2026<br \/>\n3. Sajle, \u010deli\u010dna u\u017ead<br \/>\n4. Lanci<br \/>\n5. Koloturnici<br \/>\n6. Kabelske uvodnice<br \/>\n7. Karabineri, kuke, stezaljke, al-\u010de stezaljke, automatske stezaljke, trafo stezaljke,<br \/>\nVijci, matice, \u0161kopci, alke\u2026<br \/>\n8. Vitla, vage, magneti, hvataljke, kolica<br \/>\n9. Inox program<\/p>\n<p>Za sve modele koji nisu pojedina\u010dno navedeni u proizvodima, slobodno nam se javite na upit.<\/p>\n<\/div>\n<p>&nbsp;<\/p>\n","protected":false},"excerpt":{"rendered":"<p>Izolacijska plo\u010da debljine 6mm za 36 kV\u00a0 3.750,00 kn Standard izrade: VDE 0682, dio 552 Materijal: tvrdi PVC, crvene boje, te\u0161ko goriv, samogasiv, prema DIN 4102 Model: tip A3 s bajonet prihvatom na stranici savijenoj pod kutem Debljina plo\u010de: 6 mm, za napon 36 kV Dimenzije: 1000 x 450 \/350 mm Kut savijanja: 38\u00ba \u0160irina [&hellip;]<\/p>\n","protected":false},"featured_media":774,"comment_status":"open","ping_status":"closed","template":"","meta":{"_monsterinsights_skip_tracking":false,"_monsterinsights_sitenote_active":false,"_monsterinsights_sitenote_note":"","_monsterinsights_sitenote_category":0},"_links":{"self":[{"href":"https:\/\/kako.com.hr\/webshop\/wp-json\/wp\/v2\/product\/773"}],"collection":[{"href":"https:\/\/kako.com.hr\/webshop\/wp-json\/wp\/v2\/product"}],"about":[{"href":"https:\/\/kako.com.hr\/webshop\/wp-json\/wp\/v2\/types\/product"}],"replies":[{"embeddable":true,"href":"https:\/\/kako.com.hr\/webshop\/wp-json\/wp\/v2\/comments?post=773"}],"wp:featuredmedia":[{"embeddable":true,"href":"https:\/\/kako.com.hr\/webshop\/wp-json\/wp\/v2\/media\/774"}],"wp:attachment":[{"href":"https:\/\/kako.com.hr\/webshop\/wp-json\/wp\/v2\/media?parent=773"}],"curies":[{"name":"wp","href":"https:\/\/api.w.org\/{rel}","templated":true}]}}