{"id":742,"date":"2021-01-15T08:47:18","date_gmt":"2021-01-15T08:47:18","guid":{"rendered":"http:\/\/kako.com.hr\/webshop\/?post_type=product&#038;p=742"},"modified":"2022-09-05T19:32:20","modified_gmt":"2022-09-05T19:32:20","slug":"kljesta-za-rezanje-kabela-pod-naponom-27-95000-kn","status":"publish","type":"product","link":"https:\/\/kako.com.hr\/webshop\/izaberi-i-naruci\/oprema-i-alat\/kljesta-za-rezanje-kabela-pod-naponom-27-95000-kn\/","title":{"rendered":"Klje\u0161ta za rezanje kabela pod naponom  27.950,00 kn\/ 3.709,60 \u20ac"},"content":{"rendered":"<p>Klje\u0161ta za rezanje kabela pod naponom 27.950,00 kn<\/p>\n<p>Testirano i certificirano prema GS-ET-23,<br \/>\n&#8211; prikladno za sigurno rezanje aluminijskih i bakrenih kabela do \u00d8 120 mm,<br \/>\n&#8211; primjena na jedno\u017eilnim kabelima bez \u010deli\u010dne armature do 110 kV \/ 60 Hz,<br \/>\n&#8211; lagan i kompaktan dizajn,<br \/>\n&#8211; mala te\u017eina zahvaljuju\u0107i upotrebi lakih metalnih legura i materijala bez korozije,<br \/>\n&#8211; jednostavan rad i velika stabilnost zahvaljuju\u0107i ergonomski oblikovanoj papu\u010dici i robusnom, neklizaju\u0107em dijelu stopala, brzom punjenju\/pritisku kroz dupli hidrauli\u010dni klip,<br \/>\n&#8211; nadzor tlaka pomo\u0107u manometra,<br \/>\n&#8211; ru\u010dni povratak u po\u010detan polo\u017eaj\/reset mogu\u0107 u bilo kojem polo\u017eaju, ako je potrebno,<br \/>\n&#8211; brzi sustav spajanja s za\u0161titnom kapicom,<br \/>\n&#8211; radni tlak: 625 bara (62,5MPa),<br \/>\n&#8211; protok niskog tlaka: 18,3 cm\u00b3 \/ hod,<br \/>\n&#8211; protok visokog tlaka: 2 cm\u00b3 \/ hod,<br \/>\n&#8211; volumen spremnika: 1200 ml,<br \/>\n&#8211; podru\u010dje primjene: -20 \u00b0 C do + 40 \u00b0 C<\/p>\n<p>Klje\u0161ta za rezanje kabela pod naponom se mogu naru\u010diti slanjem ni\u017ee navedenih podatak na kako@kako.com.hr ili pozivom na 091\/296-5745 (sve ostale info).<br \/>\nNa\u010din pla\u0107anja (prethodno se najaviti na kako@kako.com.hr ili 091\/296-5745): <strong>POUZE\u0106E<\/strong>\u00a0ili\u00a0<strong>VIRMANSKI<\/strong>.<br \/>\nSvi proizvodi su novi, zapakirani, ne kori\u0161teni!<\/p>\n<p><strong>PODACI ZA NARUD\u017dBU :<br \/>\n<\/strong><\/p>\n<p>Naziv proizvoda<br \/>\nKoli\u010dina<br \/>\nIme i Prezime ili Naziv poduze\u0107a<br \/>\nAdresa slanja<br \/>\nPo\u0161tanski broj i mjesto<br \/>\nKontakt mobitel osobe koja preuzima proizvod<\/p>\n","protected":false},"excerpt":{"rendered":"<p>Klje\u0161ta za rezanje kabela pod naponom 27.950,00 kn Testirano i certificirano prema GS-ET-23, &#8211; prikladno za sigurno rezanje aluminijskih i bakrenih kabela do \u00d8 120 mm, &#8211; primjena na jedno\u017eilnim kabelima bez \u010deli\u010dne armature do 110 kV \/ 60 Hz, &#8211; lagan i kompaktan dizajn, &#8211; mala te\u017eina zahvaljuju\u0107i upotrebi lakih metalnih legura i materijala [&hellip;]<\/p>\n","protected":false},"featured_media":743,"comment_status":"open","ping_status":"closed","template":"","meta":{"_monsterinsights_skip_tracking":false,"_monsterinsights_sitenote_active":false,"_monsterinsights_sitenote_note":"","_monsterinsights_sitenote_category":0},"_links":{"self":[{"href":"https:\/\/kako.com.hr\/webshop\/wp-json\/wp\/v2\/product\/742"}],"collection":[{"href":"https:\/\/kako.com.hr\/webshop\/wp-json\/wp\/v2\/product"}],"about":[{"href":"https:\/\/kako.com.hr\/webshop\/wp-json\/wp\/v2\/types\/product"}],"replies":[{"embeddable":true,"href":"https:\/\/kako.com.hr\/webshop\/wp-json\/wp\/v2\/comments?post=742"}],"wp:featuredmedia":[{"embeddable":true,"href":"https:\/\/kako.com.hr\/webshop\/wp-json\/wp\/v2\/media\/743"}],"wp:attachment":[{"href":"https:\/\/kako.com.hr\/webshop\/wp-json\/wp\/v2\/media?parent=742"}],"curies":[{"name":"wp","href":"https:\/\/api.w.org\/{rel}","templated":true}]}}