{"id":741,"date":"2021-01-13T09:22:35","date_gmt":"2021-01-13T09:22:35","guid":{"rendered":"http:\/\/kako.com.hr\/webshop\/?post_type=product&#038;p=741"},"modified":"2024-12-23T07:40:43","modified_gmt":"2024-12-23T07:40:43","slug":"rucna-lancana-dizalica-05-t-5m-lanca-83500-kn","status":"publish","type":"product","link":"https:\/\/kako.com.hr\/webshop\/izaberi-i-naruci\/dizalice-i-gurtne-uzad\/rucna-lancana-dizalica-05-t-5m-lanca-83500-kn\/","title":{"rendered":"Ru\u010dna lan\u010dana dizalica 0,5 T\/ 5m lanca 125,82 \u20ac"},"content":{"rendered":"<p>Ru\u010dna lan\u010dana dizalica 0,5 T\/ 5m lanca 125,82 \u20ac<\/p>\n<p>Cijena na upit za sve ostale modele. Isporuka odmah.<\/p>\n<p>Ru\u010dna lan\u010dana dizalica mo\u017ee se naru\u010diti slanjem ni\u017ee navedenih podatak na kako@kako.com.hr ili pozivom na 091\/296-5745 (sve ostale info).<br \/>\nNa\u010din pla\u0107anja (prethodno se najaviti na kako@kako.com.hr ili 091\/296-5745): <strong>POUZE\u0106E<\/strong> ili <strong>VIRMANSKI<\/strong>.<\/p>\n<p><strong>PODACI ZA NARUD\u017dBU :<br \/>\n<\/strong><\/p>\n<p>Naziv proizvoda<br \/>\nKoli\u010dina<br \/>\nIme i Prezime ili Naziv poduze\u0107a<br \/>\nAdresa slanja<br \/>\nPo\u0161tanski broj i mjesto<br \/>\nKontakt mobitel osobe koja preuzima proizvod<\/p>\n<div class=\"term-description\">\n<p><a href=\"http:\/\/kako.com.hr\/webshop\/product-category\/dizalice\/\">U ponudi su dizalice<\/a> za razli\u010dite namjene i s karakteristikama.<\/p>\n<p>1. Polu\u017ena dizalica \u2013 \u201cpull lift\u201d<br \/>\n2. Ru\u010dna lan\u010dana dizalica \u2013 \u201cfla\u0161encug\u201d<br \/>\n3. Tyrfor dizalica \u2013 model od \u010delika i od aluminija<br \/>\n4. Elektri\u010dna dizalica<br \/>\n5. Hidrauli\u010dna dizalica \u2013 \u201cpa\u0161teta\u201d i \u201cmulti pa\u0161teta\u201d<br \/>\n6. Kolska dizalica<br \/>\n7. Zatezna dizalice<br \/>\n9. Krokodilska dizalica<br \/>\n10. Ru\u010dni vili\u010dar \u2013 \u201cpaletarac\u201d<\/p>\n<p>Za sve modele koji nisu pojedina\u010dno navedeni u proizvodima, slobodno nam se javite na upit.<\/p>\n<\/div>\n","protected":false},"excerpt":{"rendered":"<p>Ru\u010dna lan\u010dana dizalica 0,5 T\/ 5m lanca 125,82 \u20ac Cijena na upit za sve ostale modele. Isporuka odmah. Ru\u010dna lan\u010dana dizalica mo\u017ee se naru\u010diti slanjem ni\u017ee navedenih podatak na kako@kako.com.hr ili pozivom na 091\/296-5745 (sve ostale info). Na\u010din pla\u0107anja (prethodno se najaviti na kako@kako.com.hr ili 091\/296-5745): POUZE\u0106E ili VIRMANSKI. PODACI ZA NARUD\u017dBU : Naziv proizvoda [&hellip;]<\/p>\n","protected":false},"featured_media":121,"comment_status":"open","ping_status":"closed","template":"","meta":{"_monsterinsights_skip_tracking":false,"_monsterinsights_sitenote_active":false,"_monsterinsights_sitenote_note":"","_monsterinsights_sitenote_category":0},"_links":{"self":[{"href":"https:\/\/kako.com.hr\/webshop\/wp-json\/wp\/v2\/product\/741"}],"collection":[{"href":"https:\/\/kako.com.hr\/webshop\/wp-json\/wp\/v2\/product"}],"about":[{"href":"https:\/\/kako.com.hr\/webshop\/wp-json\/wp\/v2\/types\/product"}],"replies":[{"embeddable":true,"href":"https:\/\/kako.com.hr\/webshop\/wp-json\/wp\/v2\/comments?post=741"}],"wp:featuredmedia":[{"embeddable":true,"href":"https:\/\/kako.com.hr\/webshop\/wp-json\/wp\/v2\/media\/121"}],"wp:attachment":[{"href":"https:\/\/kako.com.hr\/webshop\/wp-json\/wp\/v2\/media?parent=741"}],"curies":[{"name":"wp","href":"https:\/\/api.w.org\/{rel}","templated":true}]}}