{"id":712,"date":"2020-11-24T09:38:27","date_gmt":"2020-11-24T09:38:27","guid":{"rendered":"http:\/\/kako.com.hr\/webshop\/?post_type=product&#038;p=712"},"modified":"2024-05-15T07:51:05","modified_gmt":"2024-05-15T07:51:05","slug":"carapa-za-povlacenje-kabela-25-31mm-73000-kn","status":"publish","type":"product","link":"https:\/\/kako.com.hr\/webshop\/izaberi-i-naruci\/manipulacija-kabelima\/carapa-za-povlacenje-kabela-25-31mm-73000-kn\/","title":{"rendered":"\u010carapa za povla\u010denje kabela 25-31mm    730,00 kn\/ 96,89 \u20ac"},"content":{"rendered":"<p>\u010carapa za povla\u010denje kabela 25-31mm 730,00 kn<br \/>\nDuljina \u010darape: 53 cm<\/p>\n<p>\u010carapa za povla\u010denje kabela mo\u017ee se naru\u010diti slanjem ni\u017ee navedenih podatak na kako@kako.com.hr ili pozivom na 091\/296-5745 (sve ostale info).<br \/>\nNa\u010din pla\u0107anja (prethodno se najaviti na kako@kako.com.hr ili 091\/296-5745): POUZE\u0106E ili VIRMANSKI.<\/p>\n<p>PODACI ZA NARUD\u017dBU :<\/p>\n<p>Naziv proizvoda<br \/>\nKoli\u010dina<br \/>\nIme i Prezime ili Naziv poduze\u0107a<br \/>\nAdresa slanja<br \/>\nPo\u0161tanski broj i mjesto<br \/>\nKontakt mobitel osobe koja preuzima proizvod<\/p>\n<p><a href=\"http:\/\/kako.com.hr\/webshop\/product-category\/manipulacija-kabelima\/\">U ponudi je sljede\u0107a oprema i alat za elektroenergetske, gra\u0111evinske, komunalne i ostale vrste radova:<\/a><\/p>\n<p>1. For\u0161pan sajla \u2013 od 10 d0 300 metara duljine, od 4,5mm do 14 mm presjeka (fi)<br \/>\n2. Gurtne \u2013 s om\u010dama, beskona\u010dne, s mehanizmom, kompleti\u2026<br \/>\n3. Sajle, \u010deli\u010dna u\u017ead<br \/>\n4. Lanci<br \/>\n5. Koloturnici<br \/>\n6. Kabelske uvodnice<br \/>\n7. Karabineri, kuke, stezaljke, al-\u010de stezaljke, automatske stezaljke, trafo stezaljke,<br \/>\nVijci, matice, \u0161kopci, alke\u2026<br \/>\n8. Vitla, vage, magneti, hvataljke, kolica<br \/>\n9. Inox program<\/p>\n<p>Za sve modele koji nisu pojedina\u010dno navedeni u proizvodima, slobodno nam se javite na <a href=\"http:\/\/kako.com.hr\/webshop\/o-nama\/\">upit.<\/a><\/p>\n","protected":false},"excerpt":{"rendered":"<p>\u010carapa za povla\u010denje kabela 25-31mm 730,00 kn Duljina \u010darape: 53 cm \u010carapa za povla\u010denje kabela mo\u017ee se naru\u010diti slanjem ni\u017ee navedenih podatak na kako@kako.com.hr ili pozivom na 091\/296-5745 (sve ostale info). Na\u010din pla\u0107anja (prethodno se najaviti na kako@kako.com.hr ili 091\/296-5745): POUZE\u0106E ili VIRMANSKI. PODACI ZA NARUD\u017dBU : Naziv proizvoda Koli\u010dina Ime i Prezime ili Naziv [&hellip;]<\/p>\n","protected":false},"featured_media":713,"comment_status":"open","ping_status":"closed","template":"","meta":{"_monsterinsights_skip_tracking":false,"_monsterinsights_sitenote_active":false,"_monsterinsights_sitenote_note":"","_monsterinsights_sitenote_category":0},"_links":{"self":[{"href":"https:\/\/kako.com.hr\/webshop\/wp-json\/wp\/v2\/product\/712"}],"collection":[{"href":"https:\/\/kako.com.hr\/webshop\/wp-json\/wp\/v2\/product"}],"about":[{"href":"https:\/\/kako.com.hr\/webshop\/wp-json\/wp\/v2\/types\/product"}],"replies":[{"embeddable":true,"href":"https:\/\/kako.com.hr\/webshop\/wp-json\/wp\/v2\/comments?post=712"}],"wp:featuredmedia":[{"embeddable":true,"href":"https:\/\/kako.com.hr\/webshop\/wp-json\/wp\/v2\/media\/713"}],"wp:attachment":[{"href":"https:\/\/kako.com.hr\/webshop\/wp-json\/wp\/v2\/media?parent=712"}],"curies":[{"name":"wp","href":"https:\/\/api.w.org\/{rel}","templated":true}]}}