{"id":639,"date":"2020-08-24T08:06:40","date_gmt":"2020-08-24T08:06:40","guid":{"rendered":"http:\/\/kako.com.hr\/webshop\/?post_type=product&#038;p=639"},"modified":"2024-07-10T05:47:26","modified_gmt":"2024-07-10T05:47:26","slug":"forspan-sajla-300m-fi-11mm-10-88000-kn","status":"publish","type":"product","link":"https:\/\/kako.com.hr\/webshop\/izaberi-i-naruci\/forspani\/forspan-sajla-300m-fi-11mm-10-88000-kn\/","title":{"rendered":"For\u0161pan sajla 300m\/fi 11mm 1.654,00 \u20ac"},"content":{"rendered":"<p>For\u0161pan sajla 300m\/fi 11mm 1.654,00 \u20ac<br \/>\nOd fiberglasa, na metalnom stalku s kota\u010dima i ko\u010dnicom.<br \/>\nNovo,kvalitetno,izdr\u017eljivo<br \/>\nTe\u017eina: 66 kg<\/p>\n<p>Olak\u0161at \u0107e vam i ubrzati posao \u010demu svjedo\u010de brojni zadovoljni kupci.<\/p>\n<p>For\u0161pan sajla 300m mo\u017ee se naru\u010diti slanjem ni\u017ee navedenih podatak na kako@kako.com.hr ili pozivom na 091\/296-5745 (sve ostale info).<\/p>\n<p><a href=\"http:\/\/abarelto.hr\/article-zanimljivosti-FOR%C5%A0PAN.html\">Predstavljaju\u0107i i ostale inovativne proizvode<\/a>\u00a0svjetski renomiranih proizvo\u0111a\u010da te korisna rje\u0161enja koja oni pru\u017eaju pri radu, ovi proizvodi pru\u017eaju sigurnost i garanciju najvi\u0161eg stupnja kvalitete koja je nu\u017eno potrebna na ovom podru\u010dju rada.<\/p>\n<p>Na\u010din pla\u0107anja (prethodno se najaviti na kako@kako.com.hr ili 091\/296-5745): <strong>POUZE\u0106E<\/strong> ili <strong>VIRMANSKI<\/strong>.<\/p>\n<p><strong>PODACI ZA ZA NARUD\u017dBU :<\/strong><br \/>\nIme i Prezime ili Naziv poduze\u0107a<br \/>\nAdresa slanja<br \/>\nPo\u0161tanski broj i mjesto<br \/>\nKontakt mobitel osobe koja preuzima proizvod<\/p>\n<p>Pogledajte i ostalu na\u0161u <a href=\"http:\/\/kako.com.hr\/webshop\/product-category\/forspan\/\">PONUDU FOR\u0160PANA <\/a><\/p>\n","protected":false},"excerpt":{"rendered":"<p>For\u0161pan sajla 300m\/fi 11mm 1.654,00 \u20ac Od fiberglasa, na metalnom stalku s kota\u010dima i ko\u010dnicom. Novo,kvalitetno,izdr\u017eljivo Te\u017eina: 66 kg Olak\u0161at \u0107e vam i ubrzati posao \u010demu svjedo\u010de brojni zadovoljni kupci. For\u0161pan sajla 300m mo\u017ee se naru\u010diti slanjem ni\u017ee navedenih podatak na kako@kako.com.hr ili pozivom na 091\/296-5745 (sve ostale info). Predstavljaju\u0107i i ostale inovativne proizvode\u00a0svjetski renomiranih [&hellip;]<\/p>\n","protected":false},"featured_media":638,"comment_status":"open","ping_status":"closed","template":"","meta":{"_monsterinsights_skip_tracking":false,"_monsterinsights_sitenote_active":false,"_monsterinsights_sitenote_note":"","_monsterinsights_sitenote_category":0},"_links":{"self":[{"href":"https:\/\/kako.com.hr\/webshop\/wp-json\/wp\/v2\/product\/639"}],"collection":[{"href":"https:\/\/kako.com.hr\/webshop\/wp-json\/wp\/v2\/product"}],"about":[{"href":"https:\/\/kako.com.hr\/webshop\/wp-json\/wp\/v2\/types\/product"}],"replies":[{"embeddable":true,"href":"https:\/\/kako.com.hr\/webshop\/wp-json\/wp\/v2\/comments?post=639"}],"wp:featuredmedia":[{"embeddable":true,"href":"https:\/\/kako.com.hr\/webshop\/wp-json\/wp\/v2\/media\/638"}],"wp:attachment":[{"href":"https:\/\/kako.com.hr\/webshop\/wp-json\/wp\/v2\/media?parent=639"}],"curies":[{"name":"wp","href":"https:\/\/api.w.org\/{rel}","templated":true}]}}