{"id":628,"date":"2020-08-12T17:14:10","date_gmt":"2020-08-12T17:14:10","guid":{"rendered":"http:\/\/kako.com.hr\/webshop\/?post_type=product&#038;p=628"},"modified":"2022-09-04T18:08:24","modified_gmt":"2022-09-04T18:08:24","slug":"radni-sator-140x140-cm-11-90000-kn","status":"publish","type":"product","link":"https:\/\/kako.com.hr\/webshop\/izaberi-i-naruci\/htz-oprema\/radni-sator-140x140-cm-11-90000-kn\/","title":{"rendered":"Radni \u0161ator  140&#215;140 cm    11.900,00 kn\/ 1.579,40 \u20ac"},"content":{"rendered":"<p>Radni \u0161ator 140&#215;140 cm 11.900,00 kn<br \/>\n&#8212;&#8211;II&#8212;&#8212;&#8211;\u00a0 180&#215;180 cm 13.850,00 kn<br \/>\n&#8212;&#8211;II&#8212;&#8212;&#8211;\u00a0 210&#215;210 cm 15.200,00 kn<br \/>\n&#8212;&#8211;II&#8212;&#8212;&#8211;\u00a0 250&#215;250 cm 16.700,00 kn<br \/>\n&#8212;&#8211;II&#8212;&#8212;&#8211;\u00a0 300&#215;300 cm 22.900,00 kn<\/p>\n<p>Jednostavan za transport i monta\u017eu.<\/p>\n<p>Radni \u0161ator mo\u017ee se naru\u010diti slanjem ni\u017ee navedenih podatak na kako@kako.com.hr ili pozivom na 091\/296-5745 (sve ostale info).<br \/>\nNa\u010din pla\u0107anja (prethodno se najaviti na kako@kako.com.hr ili 091\/296-5745): <strong>POUZE\u0106E<\/strong> ili <strong>VIRMANSKI<\/strong>.<\/p>\n<p><a href=\"http:\/\/abarelto.hr\/article-zanimljivosti-FOR%C5%A0PAN.html\">Predstavljaju\u0107i i ostale inovativne proizvode<\/a>\u00a0svjetski renomiranih proizvo\u0111a\u010da te korisna rje\u0161enja koja oni pru\u017eaju pri radu, ovi proizvodi pru\u017eaju sigurnost i garanciju najvi\u0161eg stupnja kvalitete koja je nu\u017eno potrebna na ovom podru\u010dju rada.<\/p>\n<p><strong>PODACI ZA NARUD\u017dBU :<br \/>\n<\/strong><\/p>\n<p>Naziv proizvoda<br \/>\nKoli\u010dina<br \/>\nIme i Prezime ili Naziv poduze\u0107a<br \/>\nAdresa slanja<br \/>\nPo\u0161tanski broj i mjesto<br \/>\nKontakt mobitel osobe koja preuzima proizvod<\/p>\n<p>Ostalo iz ponud OPREME I ALATA pogledajte <a href=\"http:\/\/kako.com.hr\/webshop\/product-category\/oprema-i-alat\/\">OVDJE<\/a>.<\/p>\n<p>&nbsp;<\/p>\n","protected":false},"excerpt":{"rendered":"<p>Radni \u0161ator 140&#215;140 cm 11.900,00 kn &#8212;&#8211;II&#8212;&#8212;&#8211;\u00a0 180&#215;180 cm 13.850,00 kn &#8212;&#8211;II&#8212;&#8212;&#8211;\u00a0 210&#215;210 cm 15.200,00 kn &#8212;&#8211;II&#8212;&#8212;&#8211;\u00a0 250&#215;250 cm 16.700,00 kn &#8212;&#8211;II&#8212;&#8212;&#8211;\u00a0 300&#215;300 cm 22.900,00 kn Jednostavan za transport i monta\u017eu. Radni \u0161ator mo\u017ee se naru\u010diti slanjem ni\u017ee navedenih podatak na kako@kako.com.hr ili pozivom na 091\/296-5745 (sve ostale info). Na\u010din pla\u0107anja (prethodno se najaviti na [&hellip;]<\/p>\n","protected":false},"featured_media":629,"comment_status":"open","ping_status":"closed","template":"","meta":{"_monsterinsights_skip_tracking":false,"_monsterinsights_sitenote_active":false,"_monsterinsights_sitenote_note":"","_monsterinsights_sitenote_category":0},"_links":{"self":[{"href":"https:\/\/kako.com.hr\/webshop\/wp-json\/wp\/v2\/product\/628"}],"collection":[{"href":"https:\/\/kako.com.hr\/webshop\/wp-json\/wp\/v2\/product"}],"about":[{"href":"https:\/\/kako.com.hr\/webshop\/wp-json\/wp\/v2\/types\/product"}],"replies":[{"embeddable":true,"href":"https:\/\/kako.com.hr\/webshop\/wp-json\/wp\/v2\/comments?post=628"}],"wp:featuredmedia":[{"embeddable":true,"href":"https:\/\/kako.com.hr\/webshop\/wp-json\/wp\/v2\/media\/629"}],"wp:attachment":[{"href":"https:\/\/kako.com.hr\/webshop\/wp-json\/wp\/v2\/media?parent=628"}],"curies":[{"name":"wp","href":"https:\/\/api.w.org\/{rel}","templated":true}]}}