{"id":622,"date":"2020-06-28T15:57:30","date_gmt":"2020-06-28T15:57:30","guid":{"rendered":"http:\/\/kako.com.hr\/webshop\/?post_type=product&#038;p=622"},"modified":"2022-09-04T18:23:07","modified_gmt":"2022-09-04T18:23:07","slug":"pvc-traka-zabranjen-pristup-190-kn-m","status":"publish","type":"product","link":"https:\/\/kako.com.hr\/webshop\/izaberi-i-naruci\/dizajn-i-pvc-trake-s-natpisom\/pvc-traka-zabranjen-pristup-190-kn-m\/","title":{"rendered":"PVC traka Zabranjen pristup   2,90 kn\/m  0,38 \u20ac\/m"},"content":{"rendered":"<p>PVC traka Zabranjen pristup 2,90 kn\/m<br \/>\n\u0160irina trake 10 cm.<br \/>\nIsporuka isklju\u010divo na ve\u0107e koli\u010dine jedino ako nije ne\u0161to ostalo od drugih isporuka.<\/p>\n<p>Na ve\u0107u koli\u010dinu, odobravamo popust.<\/p>\n<p>Za sve ostale varijante, ponudu \u0161aljemo na pojedina\u010dni upit.<\/p>\n<p>PVC traka Zabranjen pristup mo\u017ee se naru\u010diti slanjem ni\u017ee navedenih podatak na kako@kako.com.hr ili pozivom na 091\/296-5745 (sve ostale info).<br \/>\nNa\u010din pla\u0107anja (prethodno se najaviti na kako@kako.com.hr ili 091\/296-5745):\u00a0<strong>POUZE\u0106E<\/strong>\u00a0ili\u00a0<strong>VIRMANSKI<\/strong>.<br \/>\nSvi proizvodi su novi, zapakirani, ne kori\u0161teni!<\/p>\n<p><strong>PODACI ZA NARUD\u017dBU :<br \/>\n<\/strong><\/p>\n<p>Naziv proizvoda<br \/>\nKoli\u010dina<br \/>\nIme i Prezime ili Naziv poduze\u0107a<br \/>\nAdresa slanja<br \/>\nPo\u0161tanski broj i mjesto<br \/>\nKontakt mobitel osobe koja preuzima proizvod<\/p>\n<div class=\"term-description\">\n<p>Izrada PE traka s natpisima upozorenja, opasnosti i ostaloga po potrebi kupaca.<br \/>\nKompletna ponuda koja se sastoji od:<\/p>\n<p>1. GRAFI\u010cKI DIZAJN<br \/>\n2. IZRADA KLI\u0160EJA<br \/>\n3. PRIPREMA ZA TISAK<br \/>\n4. TISAK NA PE I OSTALE MATERIJALE<\/p>\n<p><a href=\"http:\/\/kako.com.hr\/webshop\/product-category\/dizajn-i-pvc-trake-s-natpisom\/\">Iz ostale ponude<\/a> gotovih kli\u0161eja izdvajamo:<br \/>\n1. \u201cPOZOR PLIN\u201d<br \/>\n2. \u201cPOZOR Privremeno uzemljeno WARNING Temporary earthed\u201d<br \/>\n3. \u201cPOZOR ENERGETSKI KABEL\u201d<br \/>\n4. \u201cPOZOR KANALIZACIJA\u201d<br \/>\n5. \u201cPOZOR VISOKI NAPON\u201d<br \/>\n6. \u201cPOZOR KANALIZACIJA\u201d<\/p>\n<p>Uz to smo u mogu\u0107nosti proizvesti i ostale plasti\u010dne modele na zahtjev kupca.<\/p>\n<\/div>\n","protected":false},"excerpt":{"rendered":"<p>PVC traka Zabranjen pristup 2,90 kn\/m \u0160irina trake 10 cm. Isporuka isklju\u010divo na ve\u0107e koli\u010dine jedino ako nije ne\u0161to ostalo od drugih isporuka. Na ve\u0107u koli\u010dinu, odobravamo popust. Za sve ostale varijante, ponudu \u0161aljemo na pojedina\u010dni upit. PVC traka Zabranjen pristup mo\u017ee se naru\u010diti slanjem ni\u017ee navedenih podatak na kako@kako.com.hr ili pozivom na 091\/296-5745 (sve [&hellip;]<\/p>\n","protected":false},"featured_media":623,"comment_status":"open","ping_status":"closed","template":"","meta":{"_monsterinsights_skip_tracking":false,"_monsterinsights_sitenote_active":false,"_monsterinsights_sitenote_note":"","_monsterinsights_sitenote_category":0},"_links":{"self":[{"href":"https:\/\/kako.com.hr\/webshop\/wp-json\/wp\/v2\/product\/622"}],"collection":[{"href":"https:\/\/kako.com.hr\/webshop\/wp-json\/wp\/v2\/product"}],"about":[{"href":"https:\/\/kako.com.hr\/webshop\/wp-json\/wp\/v2\/types\/product"}],"replies":[{"embeddable":true,"href":"https:\/\/kako.com.hr\/webshop\/wp-json\/wp\/v2\/comments?post=622"}],"wp:featuredmedia":[{"embeddable":true,"href":"https:\/\/kako.com.hr\/webshop\/wp-json\/wp\/v2\/media\/623"}],"wp:attachment":[{"href":"https:\/\/kako.com.hr\/webshop\/wp-json\/wp\/v2\/media?parent=622"}],"curies":[{"name":"wp","href":"https:\/\/api.w.org\/{rel}","templated":true}]}}