{"id":59,"date":"2018-06-29T17:29:07","date_gmt":"2018-06-29T17:29:07","guid":{"rendered":"http:\/\/kako.com.hr\/webshop\/?post_type=product&#038;p=59"},"modified":"2022-09-04T17:58:57","modified_gmt":"2022-09-04T17:58:57","slug":"zglobne-ljestve","status":"publish","type":"product","link":"https:\/\/kako.com.hr\/webshop\/izaberi-i-naruci\/aluminijske-ljestve\/zglobne-ljestve\/","title":{"rendered":"Zglobne ljestve       1.109,00 kn\/ 147,19 \u20ac"},"content":{"rendered":"<p>Zglobne ljestve 4&#215;3 gazi\u0161ta 1.109,00 kn<\/p>\n<p>Zglobne ljestve su jedna vrsta vi\u0161enamjenskog proizvoda koji se koristi u privatne i poslovne svrhe.<br \/>\nMogu se koristiti <strong>u 4 poze:<\/strong> most, potpuno ravne naslonjene, A oblik-dvostrano, L oblik.<\/p>\n<p>U ponudi su zglobne ljestve:<br \/>\n3 x 3 gazi\u0161ta<br \/>\n3 x 4 gazi\u0161ta<br \/>\n3 x 5 gazi\u0161ta<\/p>\n<p>Mogu\u0107a dostava po cijeloj RH, besplatna dostava u Zagrebu i okolici.<\/p>\n<p>Zglobne ljestve mo\u017eete naru\u010diti slanjem ni\u017ee navedenih podatak na kako@kako.com.hr ili pozivom na 091\/296-5745 (sve ostale info).<br \/>\nNa\u010din pla\u0107anja (prethodno se najaviti na kako@kako.com.hr ili 091\/296-5745): <strong>POUZE\u0106E<\/strong> ili <strong>VIRMANSKI<\/strong>.<\/p>\n<p><strong>PODACI ZA ZA NARUD\u017dBU :<\/strong><br \/>\nIme i Prezime ili Naziv poduze\u0107a<br \/>\nAdresa slanja<br \/>\nPo\u0161tanski broj i mjesto<br \/>\nKontakt mobitel osobe koja preuzima proizvod<\/p>\n<p><a href=\"http:\/\/kako.com.hr\/webshop\/product-category\/aluminijske-ljestve\/\">U ponudi<\/a> su sljede\u0107e aluminijske ljestve:<\/p>\n<p>1. Zglobne ljestve: 3 x 3, 3 x 4, 3 x 5<br \/>\n2. Model \u201cA\u201d dvostrane: 2, 3 ,4 gazi\u0161ta<br \/>\n3. Model \u201cA\u201d jednostrane: 3, 4, 5, 6, 7 ,8 gazi\u0161ta<br \/>\n4. Dvostrane nastavne alu ljestve: 12, 14, 16, 18, 20, 22 gazi\u0161ta (sa i bez u\u017eeta)<br \/>\n5. Trodjelne multifunkcionalne ljestve: 6, 7, 8, 9, 10, 11, 12, 14 gazi\u0161ta<br \/>\n6. Trodjelne teleskopske ljestve: 10, 12, 14, 16, 18, 20 gazi\u0161ta<br \/>\n7. Ljestve kuka\u010de sa sigurnosnim kliza\u010dem<br \/>\n8. Ljestve \u010detverodijelne sa kliza\u010dem za betonski stup.<br \/>\nSastoje od:\u00a0 a) Temeljni dio<br \/>\nb) 2 osnovna segmenta<br \/>\nc) zavr\u0161ni segment+podest+2 kliza\u010da<br \/>\n9. Jednodjelna prislona ljestve: 8, 10, 12, 14, 16, 18, 20 gazi\u0161ta<\/p>\n<p>Za sve modele koji nisu pojedina\u010dno navedeni u proizvodima, slobodno nam se javite na upit.<\/p>\n<p>UZ NAVEDENU PONUDU ALUMINIJSKIH LJESTAVA I LJESTAVA OD STAKLOPLASTIKE, U MOGU\u0106NOSTI SMO ISPORU\u010cITI I SVE OBLIKE:<\/p>\n<ul>\n<li>RADNIH PLATFORMI,<\/li>\n<li>PODESTA,<\/li>\n<li>RADNIH \u201eKO\u0160ARA\u201c,<\/li>\n<li>PROTUKLIZNIH MOSTOVA,<\/li>\n<li>ALUMINIJSKIH STEPENICA I GAZI\u0160TA,<\/li>\n<li>SKELA<\/li>\n<\/ul>\n<p>&nbsp;<\/p>\n","protected":false},"excerpt":{"rendered":"<p>Zglobne ljestve 4&#215;3 gazi\u0161ta 1.109,00 kn Zglobne ljestve su jedna vrsta vi\u0161enamjenskog proizvoda koji se koristi u privatne i poslovne svrhe. Mogu se koristiti u 4 poze: most, potpuno ravne naslonjene, A oblik-dvostrano, L oblik. U ponudi su zglobne ljestve: 3 x 3 gazi\u0161ta 3 x 4 gazi\u0161ta 3 x 5 gazi\u0161ta Mogu\u0107a dostava po [&hellip;]<\/p>\n","protected":false},"featured_media":60,"comment_status":"open","ping_status":"closed","template":"","meta":{"_monsterinsights_skip_tracking":false,"_monsterinsights_sitenote_active":false,"_monsterinsights_sitenote_note":"","_monsterinsights_sitenote_category":0},"_links":{"self":[{"href":"https:\/\/kako.com.hr\/webshop\/wp-json\/wp\/v2\/product\/59"}],"collection":[{"href":"https:\/\/kako.com.hr\/webshop\/wp-json\/wp\/v2\/product"}],"about":[{"href":"https:\/\/kako.com.hr\/webshop\/wp-json\/wp\/v2\/types\/product"}],"replies":[{"embeddable":true,"href":"https:\/\/kako.com.hr\/webshop\/wp-json\/wp\/v2\/comments?post=59"}],"wp:featuredmedia":[{"embeddable":true,"href":"https:\/\/kako.com.hr\/webshop\/wp-json\/wp\/v2\/media\/60"}],"wp:attachment":[{"href":"https:\/\/kako.com.hr\/webshop\/wp-json\/wp\/v2\/media?parent=59"}],"curies":[{"name":"wp","href":"https:\/\/api.w.org\/{rel}","templated":true}]}}