{"id":588,"date":"2020-05-19T06:34:45","date_gmt":"2020-05-19T06:34:45","guid":{"rendered":"http:\/\/kako.com.hr\/webshop\/?post_type=product&#038;p=588"},"modified":"2022-09-05T19:24:19","modified_gmt":"2022-09-05T19:24:19","slug":"masinica-aparat-za-cigarete-16900","status":"publish","type":"product","link":"https:\/\/kako.com.hr\/webshop\/izaberi-i-naruci\/poslovni-pokloni\/masinica-aparat-za-cigarete-16900\/","title":{"rendered":"Ma\u0161inica aparat za cigarete   199,00\/ 26,41 \u20ac"},"content":{"rendered":"<p>Ma\u0161inica aparat za cigarete 199,00<\/p>\n<p>Elektri\u010dni punja\u010d cigareta je najnoviji ure\u0111aj zahvaljuju\u0107i kojemu pu\u0161enje cigareta ne\u0107e vi\u0161e biti tako skupo kao do sada. Ve\u0107 od prvih minuta uporabe otkriti \u0107ete kako vrlo jednostavno mo\u017eete napraviti cigaretu tvorni\u010dke kvalitete, te imati potpunu kontrolu i sigurnost \u0161to pu\u0161ite. Duhan za tube nema kemijskih aditiva koje najvi\u0161e \u0161tete zdravlju.<\/p>\n<p>\u2013 brzina rada \u2013 ovim ure\u0111ajem mo\u017eete napuniti 20 cigareta u manje od tri minute<br \/>\n\u2013 posebni petostupanjski prekida\u010d za reguliranje gusto\u0107e punjenja<br \/>\n\u2013 sigurnost uporabe<br \/>\n\u2013 radi sa svim standardnim tubama koje mo\u017eete kupiti u trgovini<\/p>\n<p>Vrlo se jednostavno koristi.<br \/>\n5 stupnjeva tvrdo\u0107e cigareta sami namje\u0161tate po \u017eelji<\/p>\n<p>Ma\u0161inica aparat za cigarete mo\u017ee se naru\u010diti slanjem ni\u017ee navedenih podatak na kako@kako.com.hr ili pozivom na 091\/296-5745 (sve ostale info).<br \/>\nNa\u010din pla\u0107anja (prethodno se najaviti na kako@kako.com.hr ili 091\/296-5745):\u00a0<strong>POUZE\u0106E<\/strong>\u00a0ili\u00a0<strong>VIRMANSKI<\/strong>.<br \/>\nSvi proizvodi su novi, zapakirani, ne kori\u0161teni!<\/p>\n<p><strong>PODACI ZA NARUD\u017dBU :<br \/>\n<\/strong><\/p>\n<p>Naziv proizvoda<br \/>\nKoli\u010dina<br \/>\nIme i Prezime ili Naziv poduze\u0107a<br \/>\nAdresa slanja<br \/>\nPo\u0161tanski broj i mjesto<br \/>\nKontakt mobitel osobe koja preuzima proizvod<\/p>\n<p>\u0160kicnite i na ostale <a href=\"http:\/\/kako.com.hr\/webshop\/product-category\/poslovni-pokloni\/\">POSLOVNE POKLONE<\/a><\/p>\n","protected":false},"excerpt":{"rendered":"<p>Ma\u0161inica aparat za cigarete 199,00 Elektri\u010dni punja\u010d cigareta je najnoviji ure\u0111aj zahvaljuju\u0107i kojemu pu\u0161enje cigareta ne\u0107e vi\u0161e biti tako skupo kao do sada. Ve\u0107 od prvih minuta uporabe otkriti \u0107ete kako vrlo jednostavno mo\u017eete napraviti cigaretu tvorni\u010dke kvalitete, te imati potpunu kontrolu i sigurnost \u0161to pu\u0161ite. Duhan za tube nema kemijskih aditiva koje najvi\u0161e \u0161tete [&hellip;]<\/p>\n","protected":false},"featured_media":589,"comment_status":"open","ping_status":"closed","template":"","meta":{"_monsterinsights_skip_tracking":false,"_monsterinsights_sitenote_active":false,"_monsterinsights_sitenote_note":"","_monsterinsights_sitenote_category":0},"_links":{"self":[{"href":"https:\/\/kako.com.hr\/webshop\/wp-json\/wp\/v2\/product\/588"}],"collection":[{"href":"https:\/\/kako.com.hr\/webshop\/wp-json\/wp\/v2\/product"}],"about":[{"href":"https:\/\/kako.com.hr\/webshop\/wp-json\/wp\/v2\/types\/product"}],"replies":[{"embeddable":true,"href":"https:\/\/kako.com.hr\/webshop\/wp-json\/wp\/v2\/comments?post=588"}],"wp:featuredmedia":[{"embeddable":true,"href":"https:\/\/kako.com.hr\/webshop\/wp-json\/wp\/v2\/media\/589"}],"wp:attachment":[{"href":"https:\/\/kako.com.hr\/webshop\/wp-json\/wp\/v2\/media?parent=588"}],"curies":[{"name":"wp","href":"https:\/\/api.w.org\/{rel}","templated":true}]}}