{"id":585,"date":"2020-05-14T06:45:43","date_gmt":"2020-05-14T06:45:43","guid":{"rendered":"http:\/\/kako.com.hr\/webshop\/?post_type=product&#038;p=585"},"modified":"2022-09-05T19:24:34","modified_gmt":"2022-09-05T19:24:34","slug":"shiatsu-masazni-jastuk-22900-kn","status":"publish","type":"product","link":"https:\/\/kako.com.hr\/webshop\/izaberi-i-naruci\/poslovni-pokloni\/shiatsu-masazni-jastuk-22900-kn\/","title":{"rendered":"Shiatsu masa\u017eni jastuk   229,00 kn\/ 30,39 \u20ac"},"content":{"rendered":"<p>Shiatsu masa\u017eni jastuk 229,00 kn<br \/>\nShiatsu masa\u017eni jastuk koristi se za masa\u017eu vrata, ramena, trbuha, le\u0111a, listova, bedara te drugih napetih dijelova tijela<br \/>\nMasa\u017ea na bazi topline \u2013 Funkcija grijanja poti\u010de cirkulaciju krvi u mi\u0161i\u0107ima<br \/>\n\u2705 Jastuk mo\u017ee biti pri\u010dvr\u0161\u0107en na skoro svako mjesto za sjedenje kao i na autosjedalo<br \/>\n\u2705 4 rotiraju\u0107e masa\u017ene glave masiraju strate\u0161ka mjesta, rotacija u 2 smjera<br \/>\n\u27a1\ufe0f Veli\u010dina: 31,5x11x19,50 cm<br \/>\n\u27a1\ufe0f Oprema: Mre\u017eni adapter, 12V auto adapter i priru\u010dnik u kutiji<br \/>\n<img decoding=\"async\" loading=\"lazy\" class=\"alignnone size-full wp-image-587\" src=\"http:\/\/kako.com.hr\/webshop\/wp-content\/uploads\/2020\/05\/shiatsu-masa\u017eni-jastuk2.jpg\" alt=\"\" width=\"508\" height=\"508\" srcset=\"https:\/\/kako.com.hr\/webshop\/wp-content\/uploads\/2020\/05\/shiatsu-masa\u017eni-jastuk2.jpg 508w, https:\/\/kako.com.hr\/webshop\/wp-content\/uploads\/2020\/05\/shiatsu-masa\u017eni-jastuk2-150x150.jpg 150w, https:\/\/kako.com.hr\/webshop\/wp-content\/uploads\/2020\/05\/shiatsu-masa\u017eni-jastuk2-300x300.jpg 300w, https:\/\/kako.com.hr\/webshop\/wp-content\/uploads\/2020\/05\/shiatsu-masa\u017eni-jastuk2-100x100.jpg 100w\" sizes=\"(max-width: 508px) 100vw, 508px\" \/><br \/>\n<strong>Shiatsu masa\u017eni jastuk naru\u010dite slanjem ni\u017ee navedenih podatak na kako@kako.com.hr ili pozivom na 091\/296-5745 (sve ostale info).<\/strong><br \/>\n<strong>Na\u010din pla\u0107anja (prethodno se najaviti na kako@kako.com.hr ili 091\/296-5745):\u00a0POUZE\u0106E\u00a0ili\u00a0VIRMANSKI.<\/strong><br \/>\n<strong>Svi proizvodi su novi, zapakirani, ne kori\u0161teni!<\/strong><\/p>\n<p><strong>PODACI ZA NARUD\u017dBU :<br \/>\n<\/strong><\/p>\n<p>Naziv proizvoda<br \/>\nKoli\u010dina<br \/>\nIme i Prezime ili Naziv poduze\u0107a<br \/>\nAdresa slanja<br \/>\nPo\u0161tanski broj i mjesto<br \/>\nKontakt mobitel osobe koja preuzima proizvod<\/p>\n<p>\u0160kicnite i na ostale <a href=\"http:\/\/kako.com.hr\/webshop\/product-category\/poslovni-pokloni\/\">POSLOVNE POKLONE<\/a><\/p>\n","protected":false},"excerpt":{"rendered":"<p>Shiatsu masa\u017eni jastuk 229,00 kn Shiatsu masa\u017eni jastuk koristi se za masa\u017eu vrata, ramena, trbuha, le\u0111a, listova, bedara te drugih napetih dijelova tijela Masa\u017ea na bazi topline \u2013 Funkcija grijanja poti\u010de cirkulaciju krvi u mi\u0161i\u0107ima \u2705 Jastuk mo\u017ee biti pri\u010dvr\u0161\u0107en na skoro svako mjesto za sjedenje kao i na autosjedalo \u2705 4 rotiraju\u0107e masa\u017ene glave [&hellip;]<\/p>\n","protected":false},"featured_media":586,"comment_status":"open","ping_status":"closed","template":"","meta":{"_monsterinsights_skip_tracking":false,"_monsterinsights_sitenote_active":false,"_monsterinsights_sitenote_note":"","_monsterinsights_sitenote_category":0},"_links":{"self":[{"href":"https:\/\/kako.com.hr\/webshop\/wp-json\/wp\/v2\/product\/585"}],"collection":[{"href":"https:\/\/kako.com.hr\/webshop\/wp-json\/wp\/v2\/product"}],"about":[{"href":"https:\/\/kako.com.hr\/webshop\/wp-json\/wp\/v2\/types\/product"}],"replies":[{"embeddable":true,"href":"https:\/\/kako.com.hr\/webshop\/wp-json\/wp\/v2\/comments?post=585"}],"wp:featuredmedia":[{"embeddable":true,"href":"https:\/\/kako.com.hr\/webshop\/wp-json\/wp\/v2\/media\/586"}],"wp:attachment":[{"href":"https:\/\/kako.com.hr\/webshop\/wp-json\/wp\/v2\/media?parent=585"}],"curies":[{"name":"wp","href":"https:\/\/api.w.org\/{rel}","templated":true}]}}