{"id":583,"date":"2020-05-12T13:10:45","date_gmt":"2020-05-12T13:10:45","guid":{"rendered":"http:\/\/kako.com.hr\/webshop\/?post_type=product&#038;p=583"},"modified":"2022-09-05T19:08:34","modified_gmt":"2022-09-05T19:08:34","slug":"nosac-kabela-osovina-16-95000-kn","status":"publish","type":"product","link":"https:\/\/kako.com.hr\/webshop\/izaberi-i-naruci\/manipulacija-kabelima\/nosac-kabela-osovina-16-95000-kn\/","title":{"rendered":"Nosa\u010d kabela osovina    16.950,00 kn\/ 2.249,65 \u20ac"},"content":{"rendered":"<p>Nosa\u010d kabela osovina 16.950,00 kn<br \/>\n<span class=\"tlid-translation translation\" lang=\"hr\"><span class=\"\" title=\"\">&#8211; Sklopiv<\/span><br \/>\n&#8211; <span class=\"\" title=\"\">Kompaktan i jednostavan za transport<\/span><br \/>\n&#8211; <span class=\"\" title=\"\">Samo 22 kg po nosa\u010du plus 11 kg za osovinu<\/span><br \/>\n&#8211; I<span class=\"\" title=\"\">ntegrirani le\u017eaj za te\u0161ke uvjete &#8211; Sigurnosni nosa\u010d od nehr\u0111aju\u0107eg \u010delika<\/span><br \/>\n&#8211; <span title=\"\">Podi\u017ee bubnjeve do max.<\/span> <span class=\"\" title=\"\">4500 kg i max.<\/span> <span title=\"\">\u00d8 1600 mm<\/span><br \/>\n&#8211; <span class=\"\" title=\"\">Nije potrebno dodatno pri\u010dvr\u0161\u0107ivanje podignutog tereta<br \/>\n<\/span><\/span><\/p>\n<p>Nosa\u010d kabela osovina mo\u017ee se naru\u010diti slanjem ni\u017ee navedenih podatak na kako@kako.com.hr ili pozivom na 091\/296-5745 (sve ostale info).<br \/>\nNa\u010din pla\u0107anja (prethodno se najaviti na kako@kako.com.hr ili 091\/296-5745): <strong>POUZE\u0106E<\/strong> ili <strong>VIRMANSKI<\/strong>.<\/p>\n<p><a href=\"http:\/\/abarelto.hr\/article-zanimljivosti-FOR%C5%A0PAN.html\">Predstavljaju\u0107i i ostale inovativne proizvode<\/a>\u00a0svjetski renomiranih proizvo\u0111a\u010da te korisna rje\u0161enja koja oni pru\u017eaju pri radu, ovi proizvodi pru\u017eaju sigurnost i garanciju najvi\u0161eg stupnja kvalitete koja je nu\u017eno potrebna na ovom podru\u010dju rada.<\/p>\n<p>Pogledajte i ostalu<a href=\"http:\/\/kako.com.hr\/webshop\/product-category\/oprema-i-alat\/\"> PONUDU OPREME I ALATA<\/a><\/p>\n<p>&nbsp;<\/p>\n","protected":false},"excerpt":{"rendered":"<p>Nosa\u010d kabela osovina 16.950,00 kn &#8211; Sklopiv &#8211; Kompaktan i jednostavan za transport &#8211; Samo 22 kg po nosa\u010du plus 11 kg za osovinu &#8211; Integrirani le\u017eaj za te\u0161ke uvjete &#8211; Sigurnosni nosa\u010d od nehr\u0111aju\u0107eg \u010delika &#8211; Podi\u017ee bubnjeve do max. 4500 kg i max. \u00d8 1600 mm &#8211; Nije potrebno dodatno pri\u010dvr\u0161\u0107ivanje podignutog tereta [&hellip;]<\/p>\n","protected":false},"featured_media":584,"comment_status":"open","ping_status":"closed","template":"","meta":{"_monsterinsights_skip_tracking":false,"_monsterinsights_sitenote_active":false,"_monsterinsights_sitenote_note":"","_monsterinsights_sitenote_category":0},"_links":{"self":[{"href":"https:\/\/kako.com.hr\/webshop\/wp-json\/wp\/v2\/product\/583"}],"collection":[{"href":"https:\/\/kako.com.hr\/webshop\/wp-json\/wp\/v2\/product"}],"about":[{"href":"https:\/\/kako.com.hr\/webshop\/wp-json\/wp\/v2\/types\/product"}],"replies":[{"embeddable":true,"href":"https:\/\/kako.com.hr\/webshop\/wp-json\/wp\/v2\/comments?post=583"}],"wp:featuredmedia":[{"embeddable":true,"href":"https:\/\/kako.com.hr\/webshop\/wp-json\/wp\/v2\/media\/584"}],"wp:attachment":[{"href":"https:\/\/kako.com.hr\/webshop\/wp-json\/wp\/v2\/media?parent=583"}],"curies":[{"name":"wp","href":"https:\/\/api.w.org\/{rel}","templated":true}]}}