{"id":570,"date":"2020-04-21T07:11:55","date_gmt":"2020-04-21T07:11:55","guid":{"rendered":"http:\/\/kako.com.hr\/webshop\/?post_type=product&#038;p=570"},"modified":"2022-09-04T18:08:56","modified_gmt":"2022-09-04T18:08:56","slug":"osnovni-zastitni-vizir-4950-kn","status":"publish","type":"product","link":"https:\/\/kako.com.hr\/webshop\/izaberi-i-naruci\/htz-oprema\/osnovni-zastitni-vizir-4950-kn\/","title":{"rendered":"Osnovni za\u0161titni vizir   49,50 kn\/ 6,57 \u20ac"},"content":{"rendered":"<p>Osnovni za\u0161titni vizir 49,50 kn (cijena za narud\u017ebe od 30 i vi\u0161e kom)<br \/>\nJedi\u010dna cijena je 59,50 kn.<\/p>\n<p><img decoding=\"async\" loading=\"lazy\" class=\"alignnone size-full wp-image-572\" src=\"http:\/\/kako.com.hr\/webshop\/wp-content\/uploads\/2020\/04\/za\u0161titni-vizir2.jpg\" alt=\"\" width=\"404\" height=\"405\" srcset=\"https:\/\/kako.com.hr\/webshop\/wp-content\/uploads\/2020\/04\/za\u0161titni-vizir2.jpg 404w, https:\/\/kako.com.hr\/webshop\/wp-content\/uploads\/2020\/04\/za\u0161titni-vizir2-150x150.jpg 150w, https:\/\/kako.com.hr\/webshop\/wp-content\/uploads\/2020\/04\/za\u0161titni-vizir2-300x300.jpg 300w, https:\/\/kako.com.hr\/webshop\/wp-content\/uploads\/2020\/04\/za\u0161titni-vizir2-100x100.jpg 100w\" sizes=\"(max-width: 404px) 100vw, 404px\" \/><\/p>\n<p>Potpuna za\u0161tita lica u rasponu od 180\u00b0 &#8211;&gt; za\u0161tita od kaplji\u010dnog prskanja sa za\u0161titom od zamagljivanja, koja zadr\u017eava puni raspon vidnog polja.<\/p>\n<p>Udobna za\u0161tita za vi\u0161esatno no\u0161enje &#8211;&gt; jedna veli\u010dina koja odgovara svima, ultra lagani dizajn s fleksibilnim trakama koje savr\u0161eno prijanjaju oko glave. Ispod za\u0161titnog vizira mogu se nositi nao\u010dale i sve vrste medicinskih za\u0161titnih maski, uklju\u010duju\u0107i i verzije N95.<\/p>\n<p><img decoding=\"async\" loading=\"lazy\" class=\"alignnone size-full wp-image-573\" src=\"http:\/\/kako.com.hr\/webshop\/wp-content\/uploads\/2020\/04\/za\u0161titni-vizir3.jpg\" alt=\"\" width=\"528\" height=\"527\" srcset=\"https:\/\/kako.com.hr\/webshop\/wp-content\/uploads\/2020\/04\/za\u0161titni-vizir3.jpg 528w, https:\/\/kako.com.hr\/webshop\/wp-content\/uploads\/2020\/04\/za\u0161titni-vizir3-150x150.jpg 150w, https:\/\/kako.com.hr\/webshop\/wp-content\/uploads\/2020\/04\/za\u0161titni-vizir3-300x300.jpg 300w, https:\/\/kako.com.hr\/webshop\/wp-content\/uploads\/2020\/04\/za\u0161titni-vizir3-100x100.jpg 100w\" sizes=\"(max-width: 528px) 100vw, 528px\" \/><br \/>\nIzdr\u017eljiva i periva za\u0161tita za vi\u0161ekratnu upotrebu &#8211;&gt; napravljen od materijala pogodnog za \u010di\u0161\u0107enje dezinficijensima \u0161to omogu\u0107uje dugotrajno kori\u0161tenje i vi\u0161ekratnu uporabu.<\/p>\n<p>Jednostavno i brzo sastavljanje &#8211;&gt; na\u0161 osnovni za\u0161titni vizir za lice mo\u017ee se jednostavno sklopiti uz pomo\u0107 kratkog vodi\u010da za sastavljanje u 3 koraka.<\/p>\n<p>Ekolo\u0161ki proizvod &#8212; &gt;osnovni za\u0161titni vizir izra\u0111en je od 100% plastike koja se mo\u017ee reciklirati i ne sadr\u017ei lateks.<\/p>\n<p>Mogu\u0107a dostava po cijeloj RH, besplatna dostava u Zagrebu i okolici.<\/p>\n<p>Osnovni za\u0161titni vizir se mo\u017ee naru\u010diti slanjem ni\u017ee navedenih podatak na kako@kako.com.hr ili pozivom na 091\/296-5745 (sve ostale info).<br \/>\nNa\u010din pla\u0107anja (prethodno se najaviti na kako@kako.com.hr ili 091\/296-5745): <strong>POUZE\u0106E<\/strong> ili <strong>VIRMANSKI<\/strong>.<\/p>\n<p><strong>PODACI ZA NARUD\u017dBU :<br \/>\n<\/strong>Naziv proizvoda<br \/>\nKoli\u010dina<br \/>\nIme i Prezime ili Naziv poduze\u0107a<br \/>\nAdresa slanja<br \/>\nPo\u0161tanski broj i mjesto<br \/>\nKontakt mobitel osobe koja preuzima proizvod<\/p>\n<p>Ostalo iz ponude HTZ opreme mo\u017eete vidjeti <a href=\"http:\/\/kako.com.hr\/webshop\/product-category\/htz-oprema\/\">OVDJE<\/a>.<\/p>\n<div class=\"term-description\">\n<p>HTZ oprema objedinjuje <strong>sljede\u0107i program<\/strong>:<\/p>\n<p>1. za\u0161tita glave i o\u010diju \u2013 kacige, nao\u010dale\u2026<br \/>\n<strong>2. za\u0161tita ruku<\/strong> \u2013 rukavice, pamu\u010dne podrukavice, radne rukavice\u2026<br \/>\n<strong>3. za\u0161tite stopala <\/strong>\u2013 cipele, \u010dizme, sandale<br \/>\n<strong>4. za\u0161titna odje\u0107a<\/strong> \u2013 radna odijela<br \/>\n<strong>5. za\u0161tita od elektri\u010dnog luka <\/strong>\u2013 komplet odijela<br \/>\n<strong>6. oprema za rad na visini <\/strong>\u2013 penjalice, opasa\u010di, u\u017eeta, radne torbe za alat\u2026<br \/>\n<strong>7. oprema za rad pod naponom <\/strong>\u2013 alati, odvija\u010di, pile, alat za obradu kabela\u2026<br \/>\n<strong>8. oprema za ugostiteljstvo<\/strong> \u2013 hla\u010de, majce, ko\u0161ulje, prega\u010de, kape, marame\u2026<\/p>\n<p>Za sve modele koji nisu pojedina\u010dno navedeni u proizvodima, slobodno nam se javite na upit.<\/p>\n<\/div>\n<p>&nbsp;<\/p>\n","protected":false},"excerpt":{"rendered":"<p>Osnovni za\u0161titni vizir 49,50 kn (cijena za narud\u017ebe od 30 i vi\u0161e kom) Jedi\u010dna cijena je 59,50 kn. Potpuna za\u0161tita lica u rasponu od 180\u00b0 &#8211;&gt; za\u0161tita od kaplji\u010dnog prskanja sa za\u0161titom od zamagljivanja, koja zadr\u017eava puni raspon vidnog polja. Udobna za\u0161tita za vi\u0161esatno no\u0161enje &#8211;&gt; jedna veli\u010dina koja odgovara svima, ultra lagani dizajn s [&hellip;]<\/p>\n","protected":false},"featured_media":571,"comment_status":"open","ping_status":"closed","template":"","meta":{"_monsterinsights_skip_tracking":false,"_monsterinsights_sitenote_active":false,"_monsterinsights_sitenote_note":"","_monsterinsights_sitenote_category":0},"_links":{"self":[{"href":"https:\/\/kako.com.hr\/webshop\/wp-json\/wp\/v2\/product\/570"}],"collection":[{"href":"https:\/\/kako.com.hr\/webshop\/wp-json\/wp\/v2\/product"}],"about":[{"href":"https:\/\/kako.com.hr\/webshop\/wp-json\/wp\/v2\/types\/product"}],"replies":[{"embeddable":true,"href":"https:\/\/kako.com.hr\/webshop\/wp-json\/wp\/v2\/comments?post=570"}],"wp:featuredmedia":[{"embeddable":true,"href":"https:\/\/kako.com.hr\/webshop\/wp-json\/wp\/v2\/media\/571"}],"wp:attachment":[{"href":"https:\/\/kako.com.hr\/webshop\/wp-json\/wp\/v2\/media?parent=570"}],"curies":[{"name":"wp","href":"https:\/\/api.w.org\/{rel}","templated":true}]}}