{"id":563,"date":"2020-04-15T18:34:10","date_gmt":"2020-04-15T18:34:10","guid":{"rendered":"http:\/\/kako.com.hr\/webshop\/?post_type=product&#038;p=563"},"modified":"2022-09-05T19:21:51","modified_gmt":"2022-09-05T19:21:51","slug":"digitalna-vaga-19900-kn","status":"publish","type":"product","link":"https:\/\/kako.com.hr\/webshop\/izaberi-i-naruci\/poslovni-pokloni\/digitalna-vaga-19900-kn\/","title":{"rendered":"Digitalna vaga 199,00 kn\/ 26,41 \u20ac"},"content":{"rendered":"<p>Digitalna d\u017eepna vaga koja mjeri od 0,01g<\/p>\n<p>\u2705 Preciznija od ostalih: Mjeri od 0,01g-200g??<br \/>\n\u2705 Ekran svijetli ?, ali se mo\u017ee bilo kad ugasiti<br \/>\n\u2705 Baterije su 2 * AAA ?? (uklju\u010dene u paketu)<br \/>\n\u27a1 Idealno za mjerenje te\u017eine nakita? i laganijih predmeta?? po\u0161to mjeri od 0,01 g<\/p>\n<p>Digitalna vaga\u00a0 mo\u017ee se naru\u010diti slanjem ni\u017ee navedenih podatak na kako@kako.com.hr ili pozivom na 091\/296-5745 (sve ostale info).<br \/>\nNa\u010din pla\u0107anja (prethodno se najaviti na kako@kako.com.hr ili 091\/296-5745):\u00a0<strong>POUZE\u0106E<\/strong>\u00a0ili\u00a0<strong>VIRMANSKI<\/strong>.<br \/>\nSvi proizvodi su novi, zapakirani, ne kori\u0161teni!<\/p>\n<p><strong>PODACI ZA NARUD\u017dBU :<br \/>\n<\/strong><\/p>\n<p>Naziv proizvoda<br \/>\nKoli\u010dina<br \/>\nIme i Prezime ili Naziv poduze\u0107a<br \/>\nAdresa slanja<br \/>\nPo\u0161tanski broj i mjesto<br \/>\nKontakt mobitel osobe koja preuzima proizvod<\/p>\n<p>\u0160kicnite i na ostale <a href=\"http:\/\/kako.com.hr\/webshop\/product-category\/poslovni-pokloni\/\">POSLOVNE POKLONE<\/a><\/p>\n","protected":false},"excerpt":{"rendered":"<p>Digitalna d\u017eepna vaga koja mjeri od 0,01g \u2705 Preciznija od ostalih: Mjeri od 0,01g-200g?? \u2705 Ekran svijetli ?, ali se mo\u017ee bilo kad ugasiti \u2705 Baterije su 2 * AAA ?? (uklju\u010dene u paketu) \u27a1 Idealno za mjerenje te\u017eine nakita? i laganijih predmeta?? po\u0161to mjeri od 0,01 g Digitalna vaga\u00a0 mo\u017ee se naru\u010diti slanjem ni\u017ee [&hellip;]<\/p>\n","protected":false},"featured_media":564,"comment_status":"open","ping_status":"closed","template":"","meta":{"_monsterinsights_skip_tracking":false,"_monsterinsights_sitenote_active":false,"_monsterinsights_sitenote_note":"","_monsterinsights_sitenote_category":0},"_links":{"self":[{"href":"https:\/\/kako.com.hr\/webshop\/wp-json\/wp\/v2\/product\/563"}],"collection":[{"href":"https:\/\/kako.com.hr\/webshop\/wp-json\/wp\/v2\/product"}],"about":[{"href":"https:\/\/kako.com.hr\/webshop\/wp-json\/wp\/v2\/types\/product"}],"replies":[{"embeddable":true,"href":"https:\/\/kako.com.hr\/webshop\/wp-json\/wp\/v2\/comments?post=563"}],"wp:featuredmedia":[{"embeddable":true,"href":"https:\/\/kako.com.hr\/webshop\/wp-json\/wp\/v2\/media\/564"}],"wp:attachment":[{"href":"https:\/\/kako.com.hr\/webshop\/wp-json\/wp\/v2\/media?parent=563"}],"curies":[{"name":"wp","href":"https:\/\/api.w.org\/{rel}","templated":true}]}}