{"id":561,"date":"2020-04-15T18:23:32","date_gmt":"2020-04-15T18:23:32","guid":{"rendered":"http:\/\/kako.com.hr\/webshop\/?post_type=product&#038;p=561"},"modified":"2022-09-05T19:22:07","modified_gmt":"2022-09-05T19:22:07","slug":"aku-fen-puhalo-vruceg-zraka-3-69500-kn","status":"publish","type":"product","link":"https:\/\/kako.com.hr\/webshop\/izaberi-i-naruci\/mjerni-uredaji\/aku-fen-puhalo-vruceg-zraka-3-69500-kn\/","title":{"rendered":"Aku fen puhalo vru\u0107eg zraka 3.695,00 kn\/ 490,41 \u20ac"},"content":{"rendered":"<p>Aku fen puhalo vru\u0107eg zraka 3.695,00 kn<br \/>\nMobilni fen<br \/>\n<span class=\"tlid-translation translation\" lang=\"hr\"><span class=\"\" title=\"\">Set sadr\u017ei alat Battery Hot Air <\/span><span class=\"\" title=\"\">MH3\/MH5, sna\u017eni 18V 8.0 Ah LiHD CAS<\/span><br \/>\n<span title=\"\">Baterija i punja\u010d CAS SC 18-55.<\/span><br \/>\n<span title=\"\">Temperatura \/ temperatura 300\/500 \u00b0 C<\/span><br \/>\n<span title=\"\">Regulacija volumena zraka \/ <\/span><span title=\"\">Protok zraka maks.<\/span> <span title=\"\">200 l \/ min.<\/span><br \/>\n<span title=\"\">Vrijeme grijanja &lt;5 sec (300 \u00b0 C)<br \/>\n<\/span><\/span><\/p>\n<p>Novo zapakirano!<\/p>\n<p>Aku fen puhalo vru\u0107eg zraka mo\u017ee se naru\u010diti slanjem ni\u017ee navedenih podatak na kako@kako.com.hr ili pozivom na 091\/296-5745 (sve ostale info).<br \/>\nNa\u010din pla\u0107anja (prethodno se najaviti na kako@kako.com.hr ili 091\/296-5745):\u00a0<strong>POUZE\u0106E<\/strong>\u00a0ili\u00a0<strong>VIRMANSKI<\/strong>.<br \/>\nSvi proizvodi su novi, zapakirani, ne kori\u0161teni!<\/p>\n<p><strong>PODACI ZA NARUD\u017dBU :<br \/>\n<\/strong><\/p>\n<p>Naziv proizvoda<br \/>\nKoli\u010dina<br \/>\nIme i Prezime ili Naziv poduze\u0107a<br \/>\nAdresa slanja<br \/>\nPo\u0161tanski broj i mjesto<br \/>\nKontakt mobitel osobe koja preuzima proizvod<\/p>\n<p><a href=\"http:\/\/abarelto.hr\/article-zanimljivosti-FOR%C5%A0PAN.html\">Predstavljaju\u0107i i ostale inovativne proizvode<\/a>\u00a0svjetski renomiranih proizvo\u0111a\u010da te korisna rje\u0161enja koja oni pru\u017eaju pri radu, ovi proizvodi pru\u017eaju sigurnost i garanciju najvi\u0161eg stupnja kvalitete koja je nu\u017eno potrebna na ovom podru\u010dju rada.<\/p>\n<p>&nbsp;<\/p>\n","protected":false},"excerpt":{"rendered":"<p>Aku fen puhalo vru\u0107eg zraka 3.695,00 kn Mobilni fen Set sadr\u017ei alat Battery Hot Air MH3\/MH5, sna\u017eni 18V 8.0 Ah LiHD CAS Baterija i punja\u010d CAS SC 18-55. Temperatura \/ temperatura 300\/500 \u00b0 C Regulacija volumena zraka \/ Protok zraka maks. 200 l \/ min. Vrijeme grijanja &lt;5 sec (300 \u00b0 C) Novo zapakirano! Aku [&hellip;]<\/p>\n","protected":false},"featured_media":562,"comment_status":"open","ping_status":"closed","template":"","meta":{"_monsterinsights_skip_tracking":false,"_monsterinsights_sitenote_active":false,"_monsterinsights_sitenote_note":"","_monsterinsights_sitenote_category":0},"_links":{"self":[{"href":"https:\/\/kako.com.hr\/webshop\/wp-json\/wp\/v2\/product\/561"}],"collection":[{"href":"https:\/\/kako.com.hr\/webshop\/wp-json\/wp\/v2\/product"}],"about":[{"href":"https:\/\/kako.com.hr\/webshop\/wp-json\/wp\/v2\/types\/product"}],"replies":[{"embeddable":true,"href":"https:\/\/kako.com.hr\/webshop\/wp-json\/wp\/v2\/comments?post=561"}],"wp:featuredmedia":[{"embeddable":true,"href":"https:\/\/kako.com.hr\/webshop\/wp-json\/wp\/v2\/media\/562"}],"wp:attachment":[{"href":"https:\/\/kako.com.hr\/webshop\/wp-json\/wp\/v2\/media?parent=561"}],"curies":[{"name":"wp","href":"https:\/\/api.w.org\/{rel}","templated":true}]}}