{"id":556,"date":"2020-04-15T18:04:49","date_gmt":"2020-04-15T18:04:49","guid":{"rendered":"http:\/\/kako.com.hr\/webshop\/?post_type=product&#038;p=556"},"modified":"2022-09-05T19:22:34","modified_gmt":"2022-09-05T19:22:34","slug":"beskontaktni-termometar-1-49500-kn","status":"publish","type":"product","link":"https:\/\/kako.com.hr\/webshop\/izaberi-i-naruci\/mjerni-uredaji\/beskontaktni-termometar-1-49500-kn\/","title":{"rendered":"Beskontaktni termometar   1.495,00 kn\/ 198,42 \u20ac"},"content":{"rendered":"<p>Beskontaktni termometar 1.495,00 kn<br \/>\n<span class=\"tlid-translation translation\" lang=\"hr\"><span class=\"\" title=\"\">Raspon otkrivanja temperature \/<\/span><span class=\"\" title=\"\">Podru\u010dje otkrivanja temperature 0 \u00b0 &#8211; 300 \u00b0 C<\/span><br \/>\n<span class=\"\" title=\"\">Posjeduje: Opti\u010dki i zvu\u010dni signal upozorenja \/ vizualni i <\/span><span class=\"\" title=\"\">zvu\u010dni signal upozorenja<\/span><br \/>\n<\/span><\/p>\n<p><span class=\"tlid-translation translation\" lang=\"hr\"><span title=\"\">Te\u017eina 120 g<\/span><\/span><\/p>\n<p>Novo zapakirano!<\/p>\n<p>Beskontaktni termometar mo\u017ee se naru\u010diti slanjem ni\u017ee navedenih podatak na kako@kako.com.hr ili pozivom na 091\/296-5745 (sve ostale info).<br \/>\nNa\u010din pla\u0107anja (prethodno se najaviti na kako@kako.com.hr ili 091\/296-5745):\u00a0<strong>POUZE\u0106E<\/strong>\u00a0ili\u00a0<strong>VIRMANSKI<\/strong>.<br \/>\nSvi proizvodi su novi, zapakirani, ne kori\u0161teni!<\/p>\n<p><strong>PODACI ZA NARUD\u017dBU :<br \/>\n<\/strong><\/p>\n<p>Naziv proizvoda<br \/>\nKoli\u010dina<br \/>\nIme i Prezime ili Naziv poduze\u0107a<br \/>\nAdresa slanja<br \/>\nPo\u0161tanski broj i mjesto<br \/>\nKontakt mobitel osobe koja preuzima proizvod<\/p>\n<p><a href=\"http:\/\/abarelto.hr\/article-zanimljivosti-FOR%C5%A0PAN.html\">Predstavljaju\u0107i i ostale inovativne proizvode<\/a>\u00a0svjetski renomiranih proizvo\u0111a\u010da te korisna rje\u0161enja koja oni pru\u017eaju pri radu, ovi proizvodi pru\u017eaju sigurnost i garanciju najvi\u0161eg stupnja kvalitete koja je nu\u017eno potrebna na ovom podru\u010dju rada.<\/p>\n","protected":false},"excerpt":{"rendered":"<p>Beskontaktni termometar 1.495,00 kn Raspon otkrivanja temperature \/Podru\u010dje otkrivanja temperature 0 \u00b0 &#8211; 300 \u00b0 C Posjeduje: Opti\u010dki i zvu\u010dni signal upozorenja \/ vizualni i zvu\u010dni signal upozorenja Te\u017eina 120 g Novo zapakirano! Beskontaktni termometar mo\u017ee se naru\u010diti slanjem ni\u017ee navedenih podatak na kako@kako.com.hr ili pozivom na 091\/296-5745 (sve ostale info). Na\u010din pla\u0107anja (prethodno se [&hellip;]<\/p>\n","protected":false},"featured_media":557,"comment_status":"open","ping_status":"closed","template":"","meta":{"_monsterinsights_skip_tracking":false,"_monsterinsights_sitenote_active":false,"_monsterinsights_sitenote_note":"","_monsterinsights_sitenote_category":0},"_links":{"self":[{"href":"https:\/\/kako.com.hr\/webshop\/wp-json\/wp\/v2\/product\/556"}],"collection":[{"href":"https:\/\/kako.com.hr\/webshop\/wp-json\/wp\/v2\/product"}],"about":[{"href":"https:\/\/kako.com.hr\/webshop\/wp-json\/wp\/v2\/types\/product"}],"replies":[{"embeddable":true,"href":"https:\/\/kako.com.hr\/webshop\/wp-json\/wp\/v2\/comments?post=556"}],"wp:featuredmedia":[{"embeddable":true,"href":"https:\/\/kako.com.hr\/webshop\/wp-json\/wp\/v2\/media\/557"}],"wp:attachment":[{"href":"https:\/\/kako.com.hr\/webshop\/wp-json\/wp\/v2\/media?parent=556"}],"curies":[{"name":"wp","href":"https:\/\/api.w.org\/{rel}","templated":true}]}}