{"id":550,"date":"2020-04-11T07:38:37","date_gmt":"2020-04-11T07:38:37","guid":{"rendered":"http:\/\/kako.com.hr\/webshop\/?post_type=product&#038;p=550"},"modified":"2022-09-04T18:09:26","modified_gmt":"2022-09-04T18:09:26","slug":"zastita-lica-s-vizirom-13500-kn","status":"publish","type":"product","link":"https:\/\/kako.com.hr\/webshop\/izaberi-i-naruci\/htz-oprema\/zastita-lica-s-vizirom-13500-kn\/","title":{"rendered":"Za\u0161tita lica s vizirom 135,00 kn\/ 17,92 \u20ac"},"content":{"rendered":"<p>Za\u0161tita lica s vizirom 135,00 kn<br \/>\nProtiv prskanja teku\u0107ine i \u0161irenje zaraznih bolesti.<br \/>\n&#8211; Kompaktan, robustan i izdr\u017eljiv,<br \/>\n&#8211; Odli\u010dan panoramski vid,<br \/>\n&#8211; Opti\u010dka klasa 1, omogu\u0107ava dugotrajno tro\u0161enje bez iskrivljenja vida,<br \/>\n&#8211; otpornost na maglu,<br \/>\n&#8211; udobna traka za apsorpciju znojenja<\/p>\n<p>1 = opti\u010dka kvaliteta \/ klasa 1, bez iskrivljenja tijekom dugog tro\u0161enja,<br \/>\nF = otpornost na udar s niskom energijom: 45 m \/ sek<br \/>\nN = otpornost na maglu<br \/>\nPomi\u010dna za\u0161titna funkcija za lice uz stezanje 2 bo\u010dna gumba,<br \/>\nPodesiva traka za glavu sa sustavom stalka pomo\u0107u kota\u010da i trake za znojenje<br \/>\n(upijanje na pjenu za bolji komfor),<br \/>\n&#8211; prednja maska, od polipropilenskog materijala, povezana trakom za glavu i \u0161titnikom za lice,<br \/>\n&#8211; Dimenzija: 385 x 220 mm<br \/>\n&#8211; Te\u017eina: 260 g<\/p>\n<p>Mogu\u0107a dostava po cijeloj RH, besplatna dostava u Zagrebu i okolici.<\/p>\n<p>Proizvod se mo\u017ee naru\u010diti slanjem ni\u017ee navedenih podatak na kako@kako.com.hr ili pozivom na 091\/296-5745 (sve ostale info).<br \/>\nNa\u010din pla\u0107anja (prethodno se najaviti na kako@kako.com.hr ili 091\/296-5745): <strong>POUZE\u0106E<\/strong> ili <strong>VIRMANSKI<\/strong>.<\/p>\n<p><strong>PODACI ZA NARUD\u017dBU :<br \/>\n<\/strong>Naziv proizvoda<br \/>\nKoli\u010dina<br \/>\nIme i Prezime ili Naziv poduze\u0107a<br \/>\nAdresa slanja<br \/>\nPo\u0161tanski broj i mjesto<br \/>\nKontakt mobitel osobe koja preuzima proizvod<\/p>\n<p>Ostalo iz ponude HTZ opreme mo\u017eete vidjeti <a href=\"http:\/\/kako.com.hr\/webshop\/product-category\/htz-oprema\/\">OVDJE<\/a>.<\/p>\n<div class=\"term-description\">\n<p>HTZ oprema objedinjuje <strong>sljede\u0107i program<\/strong>:<\/p>\n<p>1. za\u0161tita glave i o\u010diju \u2013 kacige, nao\u010dale\u2026<br \/>\n<strong>2. za\u0161tita ruku<\/strong> \u2013 rukavice, pamu\u010dne podrukavice, radne rukavice\u2026<br \/>\n<strong>3. za\u0161tite stopala <\/strong>\u2013 cipele, \u010dizme, sandale<br \/>\n<strong>4. za\u0161titna odje\u0107a<\/strong> \u2013 radna odijela<br \/>\n<strong>5. za\u0161tita od elektri\u010dnog luka <\/strong>\u2013 komplet odijela<br \/>\n<strong>6. oprema za rad na visini <\/strong>\u2013 penjalice, opasa\u010di, u\u017eeta, radne torbe za alat\u2026<br \/>\n<strong>7. oprema za rad pod naponom <\/strong>\u2013 alati, odvija\u010di, pile, alat za obradu kabela\u2026<br \/>\n<strong>8. oprema za ugostiteljstvo<\/strong> \u2013 hla\u010de, majce, ko\u0161ulje, prega\u010de, kape, marame\u2026<\/p>\n<p>Za sve modele koji nisu pojedina\u010dno navedeni u proizvodima, slobodno nam se javite na upit.<\/p>\n<\/div>\n","protected":false},"excerpt":{"rendered":"<p>Za\u0161tita lica s vizirom 135,00 kn Protiv prskanja teku\u0107ine i \u0161irenje zaraznih bolesti. &#8211; Kompaktan, robustan i izdr\u017eljiv, &#8211; Odli\u010dan panoramski vid, &#8211; Opti\u010dka klasa 1, omogu\u0107ava dugotrajno tro\u0161enje bez iskrivljenja vida, &#8211; otpornost na maglu, &#8211; udobna traka za apsorpciju znojenja 1 = opti\u010dka kvaliteta \/ klasa 1, bez iskrivljenja tijekom dugog tro\u0161enja, F [&hellip;]<\/p>\n","protected":false},"featured_media":552,"comment_status":"open","ping_status":"closed","template":"","meta":{"_monsterinsights_skip_tracking":false,"_monsterinsights_sitenote_active":false,"_monsterinsights_sitenote_note":"","_monsterinsights_sitenote_category":0},"_links":{"self":[{"href":"https:\/\/kako.com.hr\/webshop\/wp-json\/wp\/v2\/product\/550"}],"collection":[{"href":"https:\/\/kako.com.hr\/webshop\/wp-json\/wp\/v2\/product"}],"about":[{"href":"https:\/\/kako.com.hr\/webshop\/wp-json\/wp\/v2\/types\/product"}],"replies":[{"embeddable":true,"href":"https:\/\/kako.com.hr\/webshop\/wp-json\/wp\/v2\/comments?post=550"}],"wp:featuredmedia":[{"embeddable":true,"href":"https:\/\/kako.com.hr\/webshop\/wp-json\/wp\/v2\/media\/552"}],"wp:attachment":[{"href":"https:\/\/kako.com.hr\/webshop\/wp-json\/wp\/v2\/media?parent=550"}],"curies":[{"name":"wp","href":"https:\/\/api.w.org\/{rel}","templated":true}]}}