{"id":542,"date":"2020-04-01T08:12:45","date_gmt":"2020-04-01T08:12:45","guid":{"rendered":"http:\/\/kako.com.hr\/webshop\/?post_type=product&#038;p=542"},"modified":"2022-09-05T19:25:04","modified_gmt":"2022-09-05T19:25:04","slug":"uvijac-za-kosu-19900-kn","status":"publish","type":"product","link":"https:\/\/kako.com.hr\/webshop\/izaberi-i-naruci\/poslovni-pokloni\/uvijac-za-kosu-19900-kn\/","title":{"rendered":"Uvija\u010d za kosu  199,00 kn\/ 26,41 \u20ac"},"content":{"rendered":"<h6 class=\"product_title entry-title\">Kerami\u010dki uvija\u010d za kosu trostruki Figaro\u00a0 199,00 kn<br \/>\n<img decoding=\"async\" loading=\"lazy\" class=\"alignnone size-full wp-image-544\" src=\"http:\/\/kako.com.hr\/webshop\/wp-content\/uploads\/2020\/04\/uvija\u010d-za-kosu2.jpg\" alt=\"\" width=\"565\" height=\"565\" srcset=\"https:\/\/kako.com.hr\/webshop\/wp-content\/uploads\/2020\/04\/uvija\u010d-za-kosu2.jpg 565w, https:\/\/kako.com.hr\/webshop\/wp-content\/uploads\/2020\/04\/uvija\u010d-za-kosu2-150x150.jpg 150w, https:\/\/kako.com.hr\/webshop\/wp-content\/uploads\/2020\/04\/uvija\u010d-za-kosu2-300x300.jpg 300w, https:\/\/kako.com.hr\/webshop\/wp-content\/uploads\/2020\/04\/uvija\u010d-za-kosu2-100x100.jpg 100w\" sizes=\"(max-width: 565px) 100vw, 565px\" \/><br \/>\nKerami\u010dki uvija\u010d za kosu trostruki??\u200d?<br \/>\n\u27a1\ufe0f Za brzo pravljenje bogatih uvojaka? zahvaljuju\u0107i specijalno dizajniranim grija\u010dim platama<br \/>\n\u27a1\ufe0f Uvija\u010d za kosu za trostruke kovr\u010de pomo\u0107i \u0107e vam napraviti \u010dudesne kovr\u010de?<br \/>\n\u27a1\ufe0f Figaro za kosu s kerami\u010dkim platama?<br \/>\n\u27a1\ufe0f 2 razine temperature (170 \u00b0C \u2013 220 \u00b0C)?<br \/>\n\u27a1\ufe0f Brzo se zagrijava i odr\u017eava stalnu temperaturu?<br \/>\n\u27a1\ufe0f Ne stvara stati\u010dki elektricitet zahvaljuju\u0107i kerami\u010dkim platama koje tako\u0111er \u010duvaju kosu od pucanja?<br \/>\n\u27a1\ufe0f Hladan vrh\u2744\ufe0f<br \/>\nNaru\u010dite slanjem ni\u017ee navedenih podatak na kako@kako.com.hr ili pozivom na 091\/296-5745 (sve ostale info).<br \/>\nNa\u010din pla\u0107anja (prethodno se najaviti na kako@kako.com.hr ili 091\/296-5745):\u00a0<strong>POUZE\u0106E<\/strong>\u00a0ili\u00a0<strong>VIRMANSKI<\/strong>.<br \/>\nSvi proizvodi su novi, zapakirani, ne kori\u0161teni!<\/h6>\n<p><strong>PODACI ZA NARUD\u017dBU :<br \/>\n<\/strong><\/p>\n<p>Naziv proizvoda<br \/>\nKoli\u010dina<br \/>\nIme i Prezime ili Naziv poduze\u0107a<br \/>\nAdresa slanja<br \/>\nPo\u0161tanski broj i mjesto<br \/>\nKontakt mobitel osobe koja preuzima proizvod<\/p>\n<p>\u0160kicnite i na ostale <a href=\"http:\/\/kako.com.hr\/webshop\/product-category\/poslovni-pokloni\/\">POSLOVNE POKLONE<\/a><\/p>\n","protected":false},"excerpt":{"rendered":"<p>Kerami\u010dki uvija\u010d za kosu trostruki Figaro\u00a0 199,00 kn Kerami\u010dki uvija\u010d za kosu trostruki??\u200d? \u27a1\ufe0f Za brzo pravljenje bogatih uvojaka? zahvaljuju\u0107i specijalno dizajniranim grija\u010dim platama \u27a1\ufe0f Uvija\u010d za kosu za trostruke kovr\u010de pomo\u0107i \u0107e vam napraviti \u010dudesne kovr\u010de? \u27a1\ufe0f Figaro za kosu s kerami\u010dkim platama? \u27a1\ufe0f 2 razine temperature (170 \u00b0C \u2013 220 \u00b0C)? \u27a1\ufe0f Brzo [&hellip;]<\/p>\n","protected":false},"featured_media":543,"comment_status":"open","ping_status":"closed","template":"","meta":{"_monsterinsights_skip_tracking":false,"_monsterinsights_sitenote_active":false,"_monsterinsights_sitenote_note":"","_monsterinsights_sitenote_category":0},"_links":{"self":[{"href":"https:\/\/kako.com.hr\/webshop\/wp-json\/wp\/v2\/product\/542"}],"collection":[{"href":"https:\/\/kako.com.hr\/webshop\/wp-json\/wp\/v2\/product"}],"about":[{"href":"https:\/\/kako.com.hr\/webshop\/wp-json\/wp\/v2\/types\/product"}],"replies":[{"embeddable":true,"href":"https:\/\/kako.com.hr\/webshop\/wp-json\/wp\/v2\/comments?post=542"}],"wp:featuredmedia":[{"embeddable":true,"href":"https:\/\/kako.com.hr\/webshop\/wp-json\/wp\/v2\/media\/543"}],"wp:attachment":[{"href":"https:\/\/kako.com.hr\/webshop\/wp-json\/wp\/v2\/media?parent=542"}],"curies":[{"name":"wp","href":"https:\/\/api.w.org\/{rel}","templated":true}]}}