{"id":539,"date":"2020-04-01T08:02:11","date_gmt":"2020-04-01T08:02:11","guid":{"rendered":"http:\/\/kako.com.hr\/webshop\/?post_type=product&#038;p=539"},"modified":"2022-09-05T19:25:23","modified_gmt":"2022-09-05T19:25:23","slug":"pegla-za-kosu-18900-kn","status":"publish","type":"product","link":"https:\/\/kako.com.hr\/webshop\/izaberi-i-naruci\/poslovni-pokloni\/pegla-za-kosu-18900-kn\/","title":{"rendered":"Pegla za kosu 189,00 kn\/ 25,08 \u20ac"},"content":{"rendered":"<p>Pegla za kosu 189,00 kn<\/p>\n<p><img decoding=\"async\" loading=\"lazy\" class=\"alignnone size-full wp-image-541\" src=\"http:\/\/kako.com.hr\/webshop\/wp-content\/uploads\/2020\/04\/pegla-za-kosu2.jpg\" alt=\"\" width=\"309\" height=\"309\" srcset=\"https:\/\/kako.com.hr\/webshop\/wp-content\/uploads\/2020\/04\/pegla-za-kosu2.jpg 309w, https:\/\/kako.com.hr\/webshop\/wp-content\/uploads\/2020\/04\/pegla-za-kosu2-150x150.jpg 150w, https:\/\/kako.com.hr\/webshop\/wp-content\/uploads\/2020\/04\/pegla-za-kosu2-300x300.jpg 300w, https:\/\/kako.com.hr\/webshop\/wp-content\/uploads\/2020\/04\/pegla-za-kosu2-100x100.jpg 100w\" sizes=\"(max-width: 309px) 100vw, 309px\" \/><br \/>\n3u1 profesionalni aparat pegla za kosu, uvija\u010d i funkcija kreiranja valova??\u200d?<br \/>\n\u27a1\ufe0f Styler za kosu \u2013 jedan aparat, raznovrsne frizure; ravna, kovr\u010dava, valovita ?(cik-cak)<br \/>\n\u2705 Za za\u0161titu brine kerami\u010dki premaz?, istovremeno pru\u017ea glatko\u0107u i meko\u0107u<br \/>\n\u2705 Brzo zagrijavanje\u23f1 \u2013 max. 200 \u00b0 C<br \/>\n\u2705 Za sve tipove kose??\u200d???\u200d???<br \/>\n\u2705 Kabel sa mogu\u0107no\u0161\u0107u rotacije od 360\u00b0?<br \/>\n\u27a1\ufe0f Kerami\u010dke plo\u010dice za ravnanje 25 mm x 100mm?<br \/>\n\u27a1\ufe0f Kerami\u010dke valovite plo\u010de 30 mm?<\/p>\n<p>Naru\u010dite slanjem ni\u017ee navedenih podatak na kako@kako.com.hr ili pozivom na 091\/296-5745 (sve ostale info).<br \/>\nNa\u010din pla\u0107anja (prethodno se najaviti na kako@kako.com.hr ili 091\/296-5745):\u00a0<strong>POUZE\u0106E<\/strong>\u00a0ili\u00a0<strong>VIRMANSKI<\/strong>.<br \/>\nSvi proizvodi su novi, zapakirani, ne kori\u0161teni!<\/p>\n<p><strong>PODACI ZA NARUD\u017dBU :<br \/>\n<\/strong><\/p>\n<p>Naziv proizvoda<br \/>\nKoli\u010dina<br \/>\nIme i Prezime ili Naziv poduze\u0107a<br \/>\nAdresa slanja<br \/>\nPo\u0161tanski broj i mjesto<br \/>\nKontakt mobitel osobe koja preuzima proizvod<\/p>\n<p>\u0160kicnite i na ostale <a href=\"http:\/\/kako.com.hr\/webshop\/product-category\/poslovni-pokloni\/\">POSLOVNE POKLONE<\/a><\/p>\n","protected":false},"excerpt":{"rendered":"<p>Pegla za kosu 189,00 kn 3u1 profesionalni aparat pegla za kosu, uvija\u010d i funkcija kreiranja valova??\u200d? \u27a1\ufe0f Styler za kosu \u2013 jedan aparat, raznovrsne frizure; ravna, kovr\u010dava, valovita ?(cik-cak) \u2705 Za za\u0161titu brine kerami\u010dki premaz?, istovremeno pru\u017ea glatko\u0107u i meko\u0107u \u2705 Brzo zagrijavanje\u23f1 \u2013 max. 200 \u00b0 C \u2705 Za sve tipove kose??\u200d???\u200d??? \u2705 Kabel [&hellip;]<\/p>\n","protected":false},"featured_media":540,"comment_status":"open","ping_status":"closed","template":"","meta":{"_monsterinsights_skip_tracking":false,"_monsterinsights_sitenote_active":false,"_monsterinsights_sitenote_note":"","_monsterinsights_sitenote_category":0},"_links":{"self":[{"href":"https:\/\/kako.com.hr\/webshop\/wp-json\/wp\/v2\/product\/539"}],"collection":[{"href":"https:\/\/kako.com.hr\/webshop\/wp-json\/wp\/v2\/product"}],"about":[{"href":"https:\/\/kako.com.hr\/webshop\/wp-json\/wp\/v2\/types\/product"}],"replies":[{"embeddable":true,"href":"https:\/\/kako.com.hr\/webshop\/wp-json\/wp\/v2\/comments?post=539"}],"wp:featuredmedia":[{"embeddable":true,"href":"https:\/\/kako.com.hr\/webshop\/wp-json\/wp\/v2\/media\/540"}],"wp:attachment":[{"href":"https:\/\/kako.com.hr\/webshop\/wp-json\/wp\/v2\/media?parent=539"}],"curies":[{"name":"wp","href":"https:\/\/api.w.org\/{rel}","templated":true}]}}