{"id":516,"date":"2020-03-25T13:52:48","date_gmt":"2020-03-25T13:52:48","guid":{"rendered":"http:\/\/kako.com.hr\/webshop\/?post_type=product&#038;p=516"},"modified":"2022-09-04T18:10:34","modified_gmt":"2022-09-04T18:10:34","slug":"jednokratna-preventivna-maskica-2350-kn","status":"publish","type":"product","link":"https:\/\/kako.com.hr\/webshop\/izaberi-i-naruci\/htz-oprema\/jednokratna-preventivna-maskica-2350-kn\/","title":{"rendered":"Jednokratna preventivna maskica  23,50 kn\/ 3,12 \u20ac"},"content":{"rendered":"<p>Jednokratna preventivna maskica 23,50 kn<br \/>\nKN95\/ FFP2 standard bez ventila<br \/>\nN95 standard<br \/>\n(mogu\u0107 rabat na ve\u0107e koli\u010dine\/ iznad 200 kom)<\/p>\n<p>Mogu\u0107a dostava po cijeloj RH, besplatna dostava u Zagrebu i okolici.<\/p>\n<p>Jednokratna preventivna maskica mo\u017ee se naru\u010diti slanjem ni\u017ee navedenih podatak na kako@kako.com.hr ili pozivom na 091\/296-5745 (sve ostale info).<br \/>\nNa\u010din pla\u0107anja (prethodno se najaviti na kako@kako.com.hr ili 091\/296-5745): <strong>POUZE\u0106E<\/strong> ili <strong>VIRMANSKI<\/strong>.<\/p>\n<p><strong>PODACI ZA NARUD\u017dBU :<br \/>\n<\/strong>Naziv proizvoda<br \/>\nKoli\u010dina<br \/>\nIme i Prezime ili Naziv poduze\u0107a<br \/>\nAdresa slanja<br \/>\nPo\u0161tanski broj i mjesto<br \/>\nKontakt mobitel osobe koja preuzima proizvod<\/p>\n<p><a href=\"http:\/\/kako.com.hr\/webshop\/product-category\/htz-oprema\/\">HTZ oprema<\/a> objedinjuje <strong>sljede\u0107i program<\/strong>:<\/p>\n<p>1. za\u0161tita glave i o\u010diju \u2013 kacige, nao\u010dale\u2026<br \/>\n<strong>2. za\u0161tita ruku<\/strong> \u2013 rukavice, pamu\u010dne podrukavice, radne rukavice\u2026<br \/>\n<strong>3. za\u0161tite stopala <\/strong>\u2013 cipele, \u010dizme, sandale<br \/>\n<strong>4. za\u0161titna odje\u0107a<\/strong> \u2013 radna odijela<br \/>\n<strong>5. za\u0161tita od elektri\u010dnog luka <\/strong>\u2013 komplet odijela<br \/>\n<strong>6. oprema za rad na visini <\/strong>\u2013 penjalice, opasa\u010di, u\u017eeta, radne torbe za alat\u2026<br \/>\n<strong>7. oprema za rad pod naponom <\/strong>\u2013 alati, odvija\u010di, pile, alat za obradu kabela\u2026<br \/>\n<strong>8. oprema za ugostiteljstvo<\/strong> \u2013 hla\u010de, majce, ko\u0161ulje, prega\u010de, kape, marame\u2026<\/p>\n<p>Za sve modele koji nisu pojedina\u010dno navedeni u proizvodima, slobodno nam se javite na upit.<\/p>\n","protected":false},"excerpt":{"rendered":"<p>Jednokratna preventivna maskica 23,50 kn KN95\/ FFP2 standard bez ventila N95 standard (mogu\u0107 rabat na ve\u0107e koli\u010dine\/ iznad 200 kom) Mogu\u0107a dostava po cijeloj RH, besplatna dostava u Zagrebu i okolici. Jednokratna preventivna maskica mo\u017ee se naru\u010diti slanjem ni\u017ee navedenih podatak na kako@kako.com.hr ili pozivom na 091\/296-5745 (sve ostale info). Na\u010din pla\u0107anja (prethodno se najaviti [&hellip;]<\/p>\n","protected":false},"featured_media":517,"comment_status":"open","ping_status":"closed","template":"","meta":{"_monsterinsights_skip_tracking":false,"_monsterinsights_sitenote_active":false,"_monsterinsights_sitenote_note":"","_monsterinsights_sitenote_category":0},"_links":{"self":[{"href":"https:\/\/kako.com.hr\/webshop\/wp-json\/wp\/v2\/product\/516"}],"collection":[{"href":"https:\/\/kako.com.hr\/webshop\/wp-json\/wp\/v2\/product"}],"about":[{"href":"https:\/\/kako.com.hr\/webshop\/wp-json\/wp\/v2\/types\/product"}],"replies":[{"embeddable":true,"href":"https:\/\/kako.com.hr\/webshop\/wp-json\/wp\/v2\/comments?post=516"}],"wp:featuredmedia":[{"embeddable":true,"href":"https:\/\/kako.com.hr\/webshop\/wp-json\/wp\/v2\/media\/517"}],"wp:attachment":[{"href":"https:\/\/kako.com.hr\/webshop\/wp-json\/wp\/v2\/media?parent=516"}],"curies":[{"name":"wp","href":"https:\/\/api.w.org\/{rel}","templated":true}]}}