{"id":422,"date":"2019-03-20T18:36:55","date_gmt":"2019-03-20T18:36:55","guid":{"rendered":"http:\/\/kako.com.hr\/webshop\/?post_type=product&#038;p=422"},"modified":"2022-09-06T05:44:03","modified_gmt":"2022-09-06T05:44:03","slug":"izolacijska-kuka-za-spasavanje-1-95000-kn","status":"publish","type":"product","link":"https:\/\/kako.com.hr\/webshop\/izaberi-i-naruci\/oprema-i-alat\/izolacijska-kuka-za-spasavanje-1-95000-kn\/","title":{"rendered":"Izolacijska kuka za spa\u0161avanje   1.950,00 kn\/ 258,81 \u20ac"},"content":{"rendered":"<p>Izolacijska kuka za spa\u0161avanje\u00a0 1.950,00 kn<br \/>\nDo 45 kV.<\/p>\n<p>U ponudi su i ostali proizvodi HTZ opreme iz kojih izdvajamo program:<br \/>\n&#8211; za\u0161tite glave, lica, o\u010diju i di\u0161nih puteva<br \/>\n&#8211; za\u0161tita nogu i stopala<br \/>\n&#8211; za\u0161tita od udara elektri\u010dnog luka<br \/>\n&#8230;<\/p>\n<p>Izolacijska kuka za spa\u0161avanje mo\u017ee se naru\u010diti slanjem ni\u017ee navedenih podatak na kako@kako.com.hr ili pozivom na 091\/296-5745 (sve ostale info).<br \/>\nNa\u010din pla\u0107anja (prethodno se najaviti na kako@kako.com.hr ili 091\/296-5745): <strong>POUZE\u0106E<\/strong> ili <strong>VIRMANSKI<\/strong>.<\/p>\n<p><a href=\"http:\/\/abarelto.hr\/article-zanimljivosti-FOR%C5%A0PAN.html\">Predstavljaju\u0107i i ostale inovativne proizvode<\/a>\u00a0svjetski renomiranih proizvo\u0111a\u010da te korisna rje\u0161enja koja oni pru\u017eaju pri radu, ovi proizvodi pru\u017eaju sigurnost i garanciju najvi\u0161eg stupnja kvalitete koja je nu\u017eno potrebna na ovom podru\u010dju rada.<\/p>\n<p><strong>PODACI ZA NARUD\u017dBU :<br \/>\n<\/strong><\/p>\n<p>Naziv proizvoda<br \/>\nKoli\u010dina<br \/>\nIme i Prezime ili Naziv poduze\u0107a<br \/>\nAdresa slanja<br \/>\nPo\u0161tanski broj i mjesto<br \/>\nKontakt mobitel osobe koja preuzima proizvod<\/p>\n<p>Ostalo iz ponud OPREME I ALATA pogledajte <a href=\"http:\/\/kako.com.hr\/webshop\/product-category\/oprema-i-alat\/\">OVDJE<\/a>.<\/p>\n","protected":false},"excerpt":{"rendered":"<p>Izolacijska kuka za spa\u0161avanje\u00a0 1.950,00 kn Do 45 kV. U ponudi su i ostali proizvodi HTZ opreme iz kojih izdvajamo program: &#8211; za\u0161tite glave, lica, o\u010diju i di\u0161nih puteva &#8211; za\u0161tita nogu i stopala &#8211; za\u0161tita od udara elektri\u010dnog luka &#8230; Izolacijska kuka za spa\u0161avanje mo\u017ee se naru\u010diti slanjem ni\u017ee navedenih podatak na kako@kako.com.hr ili [&hellip;]<\/p>\n","protected":false},"featured_media":413,"comment_status":"open","ping_status":"closed","template":"","meta":{"_monsterinsights_skip_tracking":false,"_monsterinsights_sitenote_active":false,"_monsterinsights_sitenote_note":"","_monsterinsights_sitenote_category":0},"_links":{"self":[{"href":"https:\/\/kako.com.hr\/webshop\/wp-json\/wp\/v2\/product\/422"}],"collection":[{"href":"https:\/\/kako.com.hr\/webshop\/wp-json\/wp\/v2\/product"}],"about":[{"href":"https:\/\/kako.com.hr\/webshop\/wp-json\/wp\/v2\/types\/product"}],"replies":[{"embeddable":true,"href":"https:\/\/kako.com.hr\/webshop\/wp-json\/wp\/v2\/comments?post=422"}],"wp:featuredmedia":[{"embeddable":true,"href":"https:\/\/kako.com.hr\/webshop\/wp-json\/wp\/v2\/media\/413"}],"wp:attachment":[{"href":"https:\/\/kako.com.hr\/webshop\/wp-json\/wp\/v2\/media?parent=422"}],"curies":[{"name":"wp","href":"https:\/\/api.w.org\/{rel}","templated":true}]}}