{"id":404,"date":"2019-03-16T09:40:03","date_gmt":"2019-03-16T09:40:03","guid":{"rendered":"http:\/\/kako.com.hr\/webshop\/?post_type=product&#038;p=404"},"modified":"2023-01-12T08:17:07","modified_gmt":"2023-01-12T08:17:07","slug":"valjci-za-odmotavanje-kabela-5-85000-kn","status":"publish","type":"product","link":"https:\/\/kako.com.hr\/webshop\/izaberi-i-naruci\/manipulacija-kabelima\/valjci-za-odmotavanje-kabela-5-85000-kn\/","title":{"rendered":"Valjci za odmotavanje kabela  6.321,45 kn\/ 839,00 \u20ac"},"content":{"rendered":"<p>Valjci za odmotavanje kabela 6.321,45 kn \/ 839,00 \u20ac<br \/>\nNosivost: 1700 kg<br \/>\nMasa proizvoda: 22 kg<\/p>\n<p>Visoko kvalitetan proizvod namjenjen za komunalne, gra\u0111evinske i elektroenergetske radove.<\/p>\n<p>Valjci za odmotavanje kabela mogu se naru\u010diti slanjem ni\u017ee navedenih podatak na kako@kako.com.hr ili pozivom na 091\/296-5745 (sve ostale info).<br \/>\nNa\u010din pla\u0107anja (prethodno se najaviti na kako@kako.com.hr ili 091\/296-5745): <strong>POUZE\u0106E<\/strong> ili <strong>VIRMANSKI<\/strong>.<\/p>\n<p><a href=\"http:\/\/abarelto.hr\/article-zanimljivosti-FOR%C5%A0PAN.html\">Predstavljaju\u0107i i ostale inovativne proizvode<\/a>\u00a0svjetski renomiranih proizvo\u0111a\u010da te korisna rje\u0161enja koja oni pru\u017eaju pri radu, ovi proizvodi pru\u017eaju sigurnost i garanciju najvi\u0161eg stupnja kvalitete koja je nu\u017eno potrebna na ovom podru\u010dju rada.<\/p>\n<p>Pogledajte i ostalu<a href=\"http:\/\/kako.com.hr\/webshop\/product-category\/oprema-i-alat\/\"> PONUDU OPREME I ALATA<\/a><\/p>\n<p>&nbsp;<\/p>\n","protected":false},"excerpt":{"rendered":"<p>Valjci za odmotavanje kabela 6.321,45 kn \/ 839,00 \u20ac Nosivost: 1700 kg Masa proizvoda: 22 kg Visoko kvalitetan proizvod namjenjen za komunalne, gra\u0111evinske i elektroenergetske radove. Valjci za odmotavanje kabela mogu se naru\u010diti slanjem ni\u017ee navedenih podatak na kako@kako.com.hr ili pozivom na 091\/296-5745 (sve ostale info). Na\u010din pla\u0107anja (prethodno se najaviti na kako@kako.com.hr ili 091\/296-5745): [&hellip;]<\/p>\n","protected":false},"featured_media":405,"comment_status":"open","ping_status":"closed","template":"","meta":{"_monsterinsights_skip_tracking":false,"_monsterinsights_sitenote_active":false,"_monsterinsights_sitenote_note":"","_monsterinsights_sitenote_category":0},"_links":{"self":[{"href":"https:\/\/kako.com.hr\/webshop\/wp-json\/wp\/v2\/product\/404"}],"collection":[{"href":"https:\/\/kako.com.hr\/webshop\/wp-json\/wp\/v2\/product"}],"about":[{"href":"https:\/\/kako.com.hr\/webshop\/wp-json\/wp\/v2\/types\/product"}],"replies":[{"embeddable":true,"href":"https:\/\/kako.com.hr\/webshop\/wp-json\/wp\/v2\/comments?post=404"}],"wp:featuredmedia":[{"embeddable":true,"href":"https:\/\/kako.com.hr\/webshop\/wp-json\/wp\/v2\/media\/405"}],"wp:attachment":[{"href":"https:\/\/kako.com.hr\/webshop\/wp-json\/wp\/v2\/media?parent=404"}],"curies":[{"name":"wp","href":"https:\/\/api.w.org\/{rel}","templated":true}]}}