{"id":351,"date":"2019-02-02T11:54:44","date_gmt":"2019-02-02T11:54:44","guid":{"rendered":"http:\/\/kako.com.hr\/webshop\/?post_type=product&#038;p=351"},"modified":"2022-09-05T19:12:05","modified_gmt":"2022-09-05T19:12:05","slug":"podni-nosac-kabelskog-bubnja-6-65000-kn","status":"publish","type":"product","link":"https:\/\/kako.com.hr\/webshop\/izaberi-i-naruci\/manipulacija-kabelima\/podni-nosac-kabelskog-bubnja-6-65000-kn\/","title":{"rendered":"Podni nosa\u010d kabelskog bubnja    6.650,00 kn\/ 882,61 \u20ac"},"content":{"rendered":"<p>Podni nosa\u010d kabelskog bubnja 6.650,00 kn<br \/>\nNosivost: 1000 kg<br \/>\nNovo, nekori\u0161teno!!<\/p>\n<p>Podni nosa\u010d kabelskog bubnja mo\u017ee se naru\u010diti slanjem ni\u017ee navedenih podatak na kako@kako.com.hr ili pozivom na 091\/296-5745 (sve ostale info).<br \/>\nNa\u010din pla\u0107anja (prethodno se najaviti na kako@kako.com.hr ili 091\/296-5745): <strong>POUZE\u0106E<\/strong> ili <strong>VIRMANSKI<\/strong>.<\/p>\n<p><a href=\"http:\/\/abarelto.hr\/article-zanimljivosti-FOR%C5%A0PAN.html\">Predstavljaju\u0107i i ostale inovativne proizvode<\/a>\u00a0svjetski renomiranih proizvo\u0111a\u010da te korisna rje\u0161enja koja oni pru\u017eaju pri radu, ovi proizvodi pru\u017eaju sigurnost i garanciju najvi\u0161eg stupnja kvalitete koja je nu\u017eno potrebna na ovom podru\u010dju rada.<\/p>\n<p><strong>PODACI ZA NARUD\u017dBU :<br \/>\n<\/strong><\/p>\n<p>Naziv proizvoda<br \/>\nKoli\u010dina<br \/>\nIme i Prezime ili Naziv poduze\u0107a<br \/>\nAdresa slanja<br \/>\nPo\u0161tanski broj i mjesto<br \/>\nKontakt mobitel osobe koja preuzima proizvod<\/p>\n","protected":false},"excerpt":{"rendered":"<p>Podni nosa\u010d kabelskog bubnja 6.650,00 kn Nosivost: 1000 kg Novo, nekori\u0161teno!! Podni nosa\u010d kabelskog bubnja mo\u017ee se naru\u010diti slanjem ni\u017ee navedenih podatak na kako@kako.com.hr ili pozivom na 091\/296-5745 (sve ostale info). Na\u010din pla\u0107anja (prethodno se najaviti na kako@kako.com.hr ili 091\/296-5745): POUZE\u0106E ili VIRMANSKI. Predstavljaju\u0107i i ostale inovativne proizvode\u00a0svjetski renomiranih proizvo\u0111a\u010da te korisna rje\u0161enja koja oni [&hellip;]<\/p>\n","protected":false},"featured_media":352,"comment_status":"open","ping_status":"closed","template":"","meta":{"_monsterinsights_skip_tracking":false,"_monsterinsights_sitenote_active":false,"_monsterinsights_sitenote_note":"","_monsterinsights_sitenote_category":0},"_links":{"self":[{"href":"https:\/\/kako.com.hr\/webshop\/wp-json\/wp\/v2\/product\/351"}],"collection":[{"href":"https:\/\/kako.com.hr\/webshop\/wp-json\/wp\/v2\/product"}],"about":[{"href":"https:\/\/kako.com.hr\/webshop\/wp-json\/wp\/v2\/types\/product"}],"replies":[{"embeddable":true,"href":"https:\/\/kako.com.hr\/webshop\/wp-json\/wp\/v2\/comments?post=351"}],"wp:featuredmedia":[{"embeddable":true,"href":"https:\/\/kako.com.hr\/webshop\/wp-json\/wp\/v2\/media\/352"}],"wp:attachment":[{"href":"https:\/\/kako.com.hr\/webshop\/wp-json\/wp\/v2\/media?parent=351"}],"curies":[{"name":"wp","href":"https:\/\/api.w.org\/{rel}","templated":true}]}}