{"id":337,"date":"2019-01-29T20:52:17","date_gmt":"2019-01-29T20:52:17","guid":{"rendered":"http:\/\/kako.com.hr\/webshop\/?post_type=product&#038;p=337"},"modified":"2024-09-18T10:49:01","modified_gmt":"2024-09-18T10:49:01","slug":"metalni-ormaric-prve-pomoci-59000-kn","status":"publish","type":"product","link":"https:\/\/kako.com.hr\/webshop\/izaberi-i-naruci\/htz-oprema\/metalni-ormaric-prve-pomoci-59000-kn\/","title":{"rendered":"Metalni ormari\u0107 prve pomo\u0107i     87,00 \u20ac"},"content":{"rendered":"<p>Metalni ormari\u0107 prve pomo\u0107i 87,00 \u20ac<\/p>\n<p>Novo, zapakirano!<\/p>\n<p>Metalni ormari\u0107 prve pomo\u0107i\u00a0 mo\u017ee naru\u010diti slanjem ni\u017ee navedenih podatak na kako@kako.com.hr ili pozivom na 091\/296-5745 (sve ostale info).<br \/>\nNa\u010din pla\u0107anja (prethodno se najaviti na kako@kako.com.hr ili 091\/296-5745):\u00a0<strong>POUZE\u0106E<\/strong>\u00a0ili\u00a0<strong>VIRMANSKI<\/strong>.<\/p>\n<p><strong>PODACI ZA NARUD\u017dBU :<br \/>\n<\/strong><\/p>\n<p>Naziv proizvoda<br \/>\nKoli\u010dina<br \/>\nBroj\/Veli\u010dina<br \/>\nIme i Prezime ili Naziv poduze\u0107a<br \/>\nAdresa slanja<br \/>\nPo\u0161tanski broj i mjesto<br \/>\nKontakt mobitel osobe koja preuzima proizvod<\/p>\n<p>Ostalo iz ponude HTZ opreme mo\u017eete vidjeti<a href=\"http:\/\/kako.com.hr\/webshop\/product-category\/htz-oprema\/\"> OVDJE<\/a>!<\/p>\n<p><a href=\"https:\/\/abarelto.hr\/article-noviteti-PRVA+POMO%C4%86+I+HITNI+SLU%C4%8CAJEVI.html\">Predstavljaju\u0107i i ostale inovativne proizvode\u00a0<\/a>svjetski renomiranih proizvo\u0111a\u010da te korisna rje\u0161enja koja oni pru\u017eaju pri radu, ovi proizvodi pru\u017eaju sigurnost i garanciju najvi\u0161eg stupnja kvalitete koja je nu\u017eno potrebna na ovom podru\u010dju rada.<\/p>\n","protected":false},"excerpt":{"rendered":"<p>Metalni ormari\u0107 prve pomo\u0107i 87,00 \u20ac Novo, zapakirano! Metalni ormari\u0107 prve pomo\u0107i\u00a0 mo\u017ee naru\u010diti slanjem ni\u017ee navedenih podatak na kako@kako.com.hr ili pozivom na 091\/296-5745 (sve ostale info). Na\u010din pla\u0107anja (prethodno se najaviti na kako@kako.com.hr ili 091\/296-5745):\u00a0POUZE\u0106E\u00a0ili\u00a0VIRMANSKI. PODACI ZA NARUD\u017dBU : Naziv proizvoda Koli\u010dina Broj\/Veli\u010dina Ime i Prezime ili Naziv poduze\u0107a Adresa slanja Po\u0161tanski broj i [&hellip;]<\/p>\n","protected":false},"featured_media":333,"comment_status":"open","ping_status":"closed","template":"","meta":{"_monsterinsights_skip_tracking":false,"_monsterinsights_sitenote_active":false,"_monsterinsights_sitenote_note":"","_monsterinsights_sitenote_category":0},"_links":{"self":[{"href":"https:\/\/kako.com.hr\/webshop\/wp-json\/wp\/v2\/product\/337"}],"collection":[{"href":"https:\/\/kako.com.hr\/webshop\/wp-json\/wp\/v2\/product"}],"about":[{"href":"https:\/\/kako.com.hr\/webshop\/wp-json\/wp\/v2\/types\/product"}],"replies":[{"embeddable":true,"href":"https:\/\/kako.com.hr\/webshop\/wp-json\/wp\/v2\/comments?post=337"}],"wp:featuredmedia":[{"embeddable":true,"href":"https:\/\/kako.com.hr\/webshop\/wp-json\/wp\/v2\/media\/333"}],"wp:attachment":[{"href":"https:\/\/kako.com.hr\/webshop\/wp-json\/wp\/v2\/media?parent=337"}],"curies":[{"name":"wp","href":"https:\/\/api.w.org\/{rel}","templated":true}]}}