{"id":324,"date":"2019-01-10T09:49:28","date_gmt":"2019-01-10T09:49:28","guid":{"rendered":"http:\/\/kako.com.hr\/webshop\/?post_type=product&#038;p=324"},"modified":"2022-09-06T05:57:45","modified_gmt":"2022-09-06T05:57:45","slug":"bosch-baterija-144-ve-2-39000-kn","status":"publish","type":"product","link":"https:\/\/kako.com.hr\/webshop\/izaberi-i-naruci\/punjaci-i-aku-baterije\/bosch-baterija-144-ve-2-39000-kn\/","title":{"rendered":"Bosch baterija 14,4 VE-2    390,00 kn\/51,76 \u20ac"},"content":{"rendered":"<p>Bosch baterija 14,4 VE-2\u00a0\u00a0\u00a0 390,00 kn<br \/>\n2000 mAh<\/p>\n<p>Novo, zapakirano!<\/p>\n<p>Za sve ostale modele, ponudu \u0161aljemo na pojedina\u010dni upit.<\/p>\n<p>Bosch baterija 14,4 VE-2 mo\u017ee se naru\u010diti slanjem ni\u017ee navedenih podatak na kako@kako.com.hr ili pozivom na 091\/296-5745 (sve ostale info).<br \/>\nNa\u010din pla\u0107anja (prethodno se najaviti na kako@kako.com.hr ili 091\/296-5745):\u00a0<strong>POUZE\u0106E<\/strong>\u00a0ili\u00a0<strong>VIRMANSKI<\/strong>.<br \/>\nSvi proizvodi su novi, zapakirani, ne kori\u0161teni!<\/p>\n<p><strong>Preporuke za sigurno kori\u0161tenje i maksimalne performanse punjivih baterija:<\/strong><\/p>\n<p>\u2013\u00a0Koristite odgovaraju\u0107i tip baterija za ure\u0111aj<br \/>\n\u2013 Nova baterija mora se puniti\u00a0do 3 sata<br \/>\n\u2013 Na\u010din punjenja baterije ovisi o vrsti baterije, pro\u010ditajte uputstva, ne ostavljajte bateriju praznu du\u017ee vrijeme<br \/>\n\u2013 Ne rastavljajte, ne razbijaje\/probijajte bateriju<br \/>\n\u2013 \u010cuvajte bateriju od kratkog spoja<br \/>\n\u2013 Ne bacajte bateriju u vodu ili vatru<br \/>\n\u2013\u00a0Baterije se mogu sigurno koristiti na temperaturama okoline do 60\u00b0C (140\u00b0F)<br \/>\n\u2013 Osigurnajte da Va\u0161 ure\u0111aj ima dovoljno zraka i mogu\u0107nosti za hla\u0111enje. Ne pokrivajte Va\u0161 ure\u0111aj i\u00a0osigurajteda su\u00a0ventilacijske\u00a0re\u0161etke\u00a0otkrivene\u00a0za slobodno strujanje zraka.<br \/>\n\u2013\u00a0Preporu\u010dljivo je uvijek pro\u010ditati priru\u010dnik koji je do\u0161ao uz ure\u0111aj i slijediti preporuke koje daje sam proizvo\u0111a\u010d.<\/p>\n<p><strong>PODACI ZA NARUD\u017dBU :<br \/>\n<\/strong><\/p>\n<p>Naziv proizvoda<br \/>\nKoli\u010dina<br \/>\nIme i Prezime ili Naziv poduze\u0107a<br \/>\nAdresa slanja<br \/>\nPo\u0161tanski broj i mjesto<br \/>\nKontakt mobitel osobe koja preuzima proizvod<\/p>\n<p>Pogledajte i ostalu<a href=\"http:\/\/kako.com.hr\/webshop\/product-category\/punjaci-i-aku-baterije\/\"> PONUDU BATERIJA<\/a><\/p>\n","protected":false},"excerpt":{"rendered":"<p>Bosch baterija 14,4 VE-2\u00a0\u00a0\u00a0 390,00 kn 2000 mAh Novo, zapakirano! Za sve ostale modele, ponudu \u0161aljemo na pojedina\u010dni upit. Bosch baterija 14,4 VE-2 mo\u017ee se naru\u010diti slanjem ni\u017ee navedenih podatak na kako@kako.com.hr ili pozivom na 091\/296-5745 (sve ostale info). Na\u010din pla\u0107anja (prethodno se najaviti na kako@kako.com.hr ili 091\/296-5745):\u00a0POUZE\u0106E\u00a0ili\u00a0VIRMANSKI. Svi proizvodi su novi, zapakirani, ne kori\u0161teni! [&hellip;]<\/p>\n","protected":false},"featured_media":325,"comment_status":"open","ping_status":"closed","template":"","meta":{"_monsterinsights_skip_tracking":false,"_monsterinsights_sitenote_active":false,"_monsterinsights_sitenote_note":"","_monsterinsights_sitenote_category":0},"_links":{"self":[{"href":"https:\/\/kako.com.hr\/webshop\/wp-json\/wp\/v2\/product\/324"}],"collection":[{"href":"https:\/\/kako.com.hr\/webshop\/wp-json\/wp\/v2\/product"}],"about":[{"href":"https:\/\/kako.com.hr\/webshop\/wp-json\/wp\/v2\/types\/product"}],"replies":[{"embeddable":true,"href":"https:\/\/kako.com.hr\/webshop\/wp-json\/wp\/v2\/comments?post=324"}],"wp:featuredmedia":[{"embeddable":true,"href":"https:\/\/kako.com.hr\/webshop\/wp-json\/wp\/v2\/media\/325"}],"wp:attachment":[{"href":"https:\/\/kako.com.hr\/webshop\/wp-json\/wp\/v2\/media?parent=324"}],"curies":[{"name":"wp","href":"https:\/\/api.w.org\/{rel}","templated":true}]}}