{"id":309,"date":"2018-11-20T12:39:38","date_gmt":"2018-11-20T12:39:38","guid":{"rendered":"http:\/\/kako.com.hr\/webshop\/?post_type=product&#038;p=309"},"modified":"2022-09-05T19:26:22","modified_gmt":"2022-09-05T19:26:22","slug":"stativ-stalak-za-fotoaparat-ili-mobitel-12900-kn","status":"publish","type":"product","link":"https:\/\/kako.com.hr\/webshop\/izaberi-i-naruci\/poslovni-pokloni\/stativ-stalak-za-fotoaparat-ili-mobitel-12900-kn\/","title":{"rendered":"Stativ \/ Stalak za Fotoaparat ili Mobitel    129,00 kn\/ 17,12 \u20ac"},"content":{"rendered":"<p>Stativ \/ Stalak za Fotoaparat ili Mobitel 129,00 kn<\/p>\n<p>Stativ \/ Stalak? za Fotoaparat? ili Mobitel? \u2013 Trono\u017eac (Tripod) + Torba?<br \/>\n\u2705 Glava se pomi\u010de pomo\u0107u ru\u010dice\u2699\ufe0f<br \/>\n\u2705 Posjeduje tri aluminijumske noge?<br \/>\n\u2705 Mogu\u0107nost pode\u0161avanja visine stalka?? (sklopljen: 350 mm; rasklopljen: 1020 mm)<br \/>\n\u2705 Posjeduje torbu za no\u0161enje?<br \/>\n\u2705 Ugra\u0111ena mini labela na nosa\u010du kamere<\/p>\n<p>Naru\u010dite slanjem ni\u017ee navedenih podatak na kako@kako.com.hr ili pozivom na 091\/296-5745 (sve ostale info).<br \/>\nNa\u010din pla\u0107anja (prethodno se najaviti na kako@kako.com.hr ili 091\/296-5745):\u00a0<strong>POUZE\u0106E<\/strong>\u00a0ili\u00a0<strong>VIRMANSKI<\/strong>.<br \/>\nSvi proizvodi su novi, zapakirani, ne kori\u0161teni!<\/p>\n<p><strong>PODACI ZA NARUD\u017dBU :<br \/>\n<\/strong><\/p>\n<p>Naziv proizvoda<br \/>\nKoli\u010dina<br \/>\nIme i Prezime ili Naziv poduze\u0107a<br \/>\nAdresa slanja<br \/>\nPo\u0161tanski broj i mjesto<br \/>\nKontakt mobitel osobe koja preuzima proizvod<\/p>\n<p>\u0160kicnite i na ostale <a href=\"http:\/\/kako.com.hr\/webshop\/product-category\/poslovni-pokloni\/\">POSLOVNE POKLONE<\/a><\/p>\n","protected":false},"excerpt":{"rendered":"<p>Stativ \/ Stalak za Fotoaparat ili Mobitel 129,00 kn Stativ \/ Stalak? za Fotoaparat? ili Mobitel? \u2013 Trono\u017eac (Tripod) + Torba? \u2705 Glava se pomi\u010de pomo\u0107u ru\u010dice\u2699\ufe0f \u2705 Posjeduje tri aluminijumske noge? \u2705 Mogu\u0107nost pode\u0161avanja visine stalka?? (sklopljen: 350 mm; rasklopljen: 1020 mm) \u2705 Posjeduje torbu za no\u0161enje? \u2705 Ugra\u0111ena mini labela na nosa\u010du kamere [&hellip;]<\/p>\n","protected":false},"featured_media":310,"comment_status":"open","ping_status":"closed","template":"","meta":{"_monsterinsights_skip_tracking":false,"_monsterinsights_sitenote_active":false,"_monsterinsights_sitenote_note":"","_monsterinsights_sitenote_category":0},"_links":{"self":[{"href":"https:\/\/kako.com.hr\/webshop\/wp-json\/wp\/v2\/product\/309"}],"collection":[{"href":"https:\/\/kako.com.hr\/webshop\/wp-json\/wp\/v2\/product"}],"about":[{"href":"https:\/\/kako.com.hr\/webshop\/wp-json\/wp\/v2\/types\/product"}],"replies":[{"embeddable":true,"href":"https:\/\/kako.com.hr\/webshop\/wp-json\/wp\/v2\/comments?post=309"}],"wp:featuredmedia":[{"embeddable":true,"href":"https:\/\/kako.com.hr\/webshop\/wp-json\/wp\/v2\/media\/310"}],"wp:attachment":[{"href":"https:\/\/kako.com.hr\/webshop\/wp-json\/wp\/v2\/media?parent=309"}],"curies":[{"name":"wp","href":"https:\/\/api.w.org\/{rel}","templated":true}]}}