{"id":300,"date":"2018-11-20T12:27:10","date_gmt":"2018-11-20T12:27:10","guid":{"rendered":"http:\/\/kako.com.hr\/webshop\/?post_type=product&#038;p=300"},"modified":"2022-09-05T19:27:20","modified_gmt":"2022-09-05T19:27:20","slug":"hdmi-display-port-11900kn","status":"publish","type":"product","link":"https:\/\/kako.com.hr\/webshop\/izaberi-i-naruci\/poslovni-pokloni\/hdmi-display-port-11900kn\/","title":{"rendered":"HDMI display port   119,00kn\/ 15,79 \u20ac"},"content":{"rendered":"<p>HDMI display port\u00a0\u00a0 119,00kn<\/p>\n<p>\u017delite spojiti va\u0161\u00a0 apple MacBook \/ iMac na TV ili projektor<br \/>\n\u2705 Imamo rje\u0161enje za vas.<br \/>\n\u27a1\ufe0f Mini displayPort to HDMI Adapter<br \/>\n\u27a1\ufe0f Spaja apple ure\u0111aje na TV (apple ure\u0111aje koji imaju Thunderbolt Port ili mini displayport na bilo koji TV s HDMI priklju\u010dkom)<\/p>\n<p>Naru\u010dite slanjem ni\u017ee navedenih podatak na kako@kako.com.hr ili pozivom na 091\/296-5745 (sve ostale info).<br \/>\nNa\u010din pla\u0107anja (prethodno se najaviti na kako@kako.com.hr ili 091\/296-5745):\u00a0<strong>POUZE\u0106E<\/strong>\u00a0ili\u00a0<strong>VIRMANSKI<\/strong>.<br \/>\nSvi proizvodi su novi, zapakirani, ne kori\u0161teni!<\/p>\n<p><strong>PODACI ZA NARUD\u017dBU :<br \/>\n<\/strong><\/p>\n<p>Naziv proizvoda<br \/>\nKoli\u010dina<br \/>\nIme i Prezime ili Naziv poduze\u0107a<br \/>\nAdresa slanja<br \/>\nPo\u0161tanski broj i mjesto<br \/>\nKontakt mobitel osobe koja preuzima proizvod<\/p>\n<p>\u0160kicnite i na ostale <a href=\"http:\/\/kako.com.hr\/webshop\/product-category\/poslovni-pokloni\/\">POSLOVNE POKLONE<\/a><\/p>\n","protected":false},"excerpt":{"rendered":"<p>HDMI display port\u00a0\u00a0 119,00kn \u017delite spojiti va\u0161\u00a0 apple MacBook \/ iMac na TV ili projektor \u2705 Imamo rje\u0161enje za vas. \u27a1\ufe0f Mini displayPort to HDMI Adapter \u27a1\ufe0f Spaja apple ure\u0111aje na TV (apple ure\u0111aje koji imaju Thunderbolt Port ili mini displayport na bilo koji TV s HDMI priklju\u010dkom) Naru\u010dite slanjem ni\u017ee navedenih podatak na kako@kako.com.hr [&hellip;]<\/p>\n","protected":false},"featured_media":301,"comment_status":"open","ping_status":"closed","template":"","meta":{"_monsterinsights_skip_tracking":false,"_monsterinsights_sitenote_active":false,"_monsterinsights_sitenote_note":"","_monsterinsights_sitenote_category":0},"_links":{"self":[{"href":"https:\/\/kako.com.hr\/webshop\/wp-json\/wp\/v2\/product\/300"}],"collection":[{"href":"https:\/\/kako.com.hr\/webshop\/wp-json\/wp\/v2\/product"}],"about":[{"href":"https:\/\/kako.com.hr\/webshop\/wp-json\/wp\/v2\/types\/product"}],"replies":[{"embeddable":true,"href":"https:\/\/kako.com.hr\/webshop\/wp-json\/wp\/v2\/comments?post=300"}],"wp:featuredmedia":[{"embeddable":true,"href":"https:\/\/kako.com.hr\/webshop\/wp-json\/wp\/v2\/media\/301"}],"wp:attachment":[{"href":"https:\/\/kako.com.hr\/webshop\/wp-json\/wp\/v2\/media?parent=300"}],"curies":[{"name":"wp","href":"https:\/\/api.w.org\/{rel}","templated":true}]}}