{"id":290,"date":"2018-11-20T12:11:12","date_gmt":"2018-11-20T12:11:12","guid":{"rendered":"http:\/\/kako.com.hr\/webshop\/?post_type=product&#038;p=290"},"modified":"2022-09-05T19:28:33","modified_gmt":"2022-09-05T19:28:33","slug":"ukrasne-zarulje-5u1-12900-kn","status":"publish","type":"product","link":"https:\/\/kako.com.hr\/webshop\/izaberi-i-naruci\/poslovni-pokloni\/ukrasne-zarulje-5u1-12900-kn\/","title":{"rendered":"Ukrasne \u017earulje 5u1     129,00 kn\/ 17,12 \u20ac"},"content":{"rendered":"<p>Ukrasne \u017earulje 5u1\u00a0 129,00 kn<br \/>\n?5u1 \u017earulje u nizu ukrasne? 50 Led dioda?<br \/>\n\u27a1\ufe0f Led rasvjetni lanac u obliku \u017earulja?<br \/>\n\u2705 Stvara nje\u017ean, topao ugo\u0111aj?<br \/>\n\u2705 Lako se postavlja?? bilo gdje jer radi na baterije? i ne treba se uklju\u010diti u struju<br \/>\n\u2705 Mogu\u0107e ih stavljati i na povr\u0161ine (na stolu, ormaru, deku\u2026) jer se ne zagrijavaju?<br \/>\n\u2705 LED izvor svjetla \u267b\ufe0ftro\u0161i do 85 % manje energije i traje 10 puta dulje od standardnih \u017earulja<br \/>\n\u27a1\ufe0f Radi na 3 AA Baterije? (nisu uklju\u010dene)<br \/>\n\u27a1\ufe0f Unutarnja upotreba?<\/p>\n<p>Ukrasne \u017earulje mogu se naru\u010diti slanjem ni\u017ee navedenih podatak na kako@kako.com.hr ili pozivom na 091\/296-5745 (sve ostale info).<br \/>\nNa\u010din pla\u0107anja (prethodno se najaviti na kako@kako.com.hr ili 091\/296-5745):\u00a0<strong>POUZE\u0106E<\/strong>\u00a0ili\u00a0<strong>VIRMANSKI<\/strong>.<br \/>\nSvi proizvodi su novi, zapakirani, ne kori\u0161teni!<\/p>\n<p><strong>PODACI ZA NARUD\u017dBU :<br \/>\n<\/strong><\/p>\n<p>Naziv proizvoda<br \/>\nKoli\u010dina<br \/>\nIme i Prezime ili Naziv poduze\u0107a<br \/>\nAdresa slanja<br \/>\nPo\u0161tanski broj i mjesto<br \/>\nKontakt mobitel osobe koja preuzima proizvod<\/p>\n<p>\u0160kicnite i na ostale <a href=\"http:\/\/kako.com.hr\/webshop\/product-category\/poslovni-pokloni\/\">POSLOVNE POKLONE<\/a><\/p>\n","protected":false},"excerpt":{"rendered":"<p>Ukrasne \u017earulje 5u1\u00a0 129,00 kn ?5u1 \u017earulje u nizu ukrasne? 50 Led dioda? \u27a1\ufe0f Led rasvjetni lanac u obliku \u017earulja? \u2705 Stvara nje\u017ean, topao ugo\u0111aj? \u2705 Lako se postavlja?? bilo gdje jer radi na baterije? i ne treba se uklju\u010diti u struju \u2705 Mogu\u0107e ih stavljati i na povr\u0161ine (na stolu, ormaru, deku\u2026) jer se [&hellip;]<\/p>\n","protected":false},"featured_media":291,"comment_status":"open","ping_status":"closed","template":"","meta":{"_monsterinsights_skip_tracking":false,"_monsterinsights_sitenote_active":false,"_monsterinsights_sitenote_note":"","_monsterinsights_sitenote_category":0},"_links":{"self":[{"href":"https:\/\/kako.com.hr\/webshop\/wp-json\/wp\/v2\/product\/290"}],"collection":[{"href":"https:\/\/kako.com.hr\/webshop\/wp-json\/wp\/v2\/product"}],"about":[{"href":"https:\/\/kako.com.hr\/webshop\/wp-json\/wp\/v2\/types\/product"}],"replies":[{"embeddable":true,"href":"https:\/\/kako.com.hr\/webshop\/wp-json\/wp\/v2\/comments?post=290"}],"wp:featuredmedia":[{"embeddable":true,"href":"https:\/\/kako.com.hr\/webshop\/wp-json\/wp\/v2\/media\/291"}],"wp:attachment":[{"href":"https:\/\/kako.com.hr\/webshop\/wp-json\/wp\/v2\/media?parent=290"}],"curies":[{"name":"wp","href":"https:\/\/api.w.org\/{rel}","templated":true}]}}