{"id":29,"date":"2018-06-26T17:48:00","date_gmt":"2018-06-26T17:48:00","guid":{"rendered":"http:\/\/kako.com.hr\/webshop\/?post_type=product&#038;p=29"},"modified":"2025-11-25T07:25:06","modified_gmt":"2025-11-25T07:25:06","slug":"forspan","status":"publish","type":"product","link":"https:\/\/kako.com.hr\/webshop\/izaberi-i-naruci\/forspani\/forspan\/","title":{"rendered":"For\u0161pan sajla 50m\/ fi 6mm    355,00 \u20ac"},"content":{"rendered":"<p>For\u0161pan sajla 50m\/ fi 6mm 355,00 \u20ac<\/p>\n<p>Visokokvalitetan for\u0161pan sajla, lagan i jednostavan rukovanje te cjenovno prihvatljiv.<br \/>\nOlak\u0161at \u0107e vam i ubrzati posao \u010demu svjedo\u010de brojni zadovoljni kupci.<\/p>\n<figure id=\"attachment_56\" aria-describedby=\"caption-attachment-56\" style=\"width: 224px\" class=\"wp-caption alignnone\"><img decoding=\"async\" loading=\"lazy\" class=\"size-full wp-image-56\" src=\"http:\/\/kako.com.hr\/webshop\/wp-content\/uploads\/2018\/06\/for\u0161pan-sajla-80m.jpg\" alt=\"for\u0161pan sajla 80m\" width=\"224\" height=\"224\" srcset=\"https:\/\/kako.com.hr\/webshop\/wp-content\/uploads\/2018\/06\/for\u0161pan-sajla-80m.jpg 224w, https:\/\/kako.com.hr\/webshop\/wp-content\/uploads\/2018\/06\/for\u0161pan-sajla-80m-150x150.jpg 150w, https:\/\/kako.com.hr\/webshop\/wp-content\/uploads\/2018\/06\/for\u0161pan-sajla-80m-100x100.jpg 100w\" sizes=\"(max-width: 224px) 100vw, 224px\" \/><figcaption id=\"caption-attachment-56\" class=\"wp-caption-text\">For\u0161pan sajla razli\u010ditih debljina i duljina od fiberglasa koje posebno koriste, elektri\u010dari, gra\u0111evinari i komunalci pri svakodnevnim radovima.<\/figcaption><\/figure>\n<p>For\u0161pan mo\u017eete naru\u010diti slanjem ni\u017ee navedenih podatak na kako@kako.com.hr ili pozivom na 091\/296-5745 (sve ostale info).<br \/>\nNa\u010din pla\u0107anja (prethodno se najaviti na kako@kako.com.hr ili 091\/296-5745): <strong>POUZE\u0106E<\/strong> ili <strong>VIRMANSKI<\/strong>.<\/p>\n<p><a href=\"http:\/\/abarelto.hr\/article-zanimljivosti-FOR%C5%A0PAN.html\">Predstavljaju\u0107i i ostale inovativne proizvode<\/a>\u00a0svjetski renomiranih proizvo\u0111a\u010da te korisna rje\u0161enja koja oni pru\u017eaju pri radu, ovi proizvodi pru\u017eaju sigurnost i garanciju najvi\u0161eg stupnja kvalitete koja je nu\u017eno potrebna na ovom podru\u010dju rada.<\/p>\n<p><strong>PODACI ZA ZA NARUD\u017dBU :<\/strong><br \/>\nIme i Prezime ili Naziv poduze\u0107a<br \/>\nAdresa slanja<br \/>\nPo\u0161tanski broj i mjesto<br \/>\nKontakt mobitel osobe koja preuzima proizvod<\/p>\n<p>Pogledajte i ostalu na\u0161u <a href=\"http:\/\/kako.com.hr\/webshop\/product-category\/forspan\/\">PONUDU FOR\u0160PANA <\/a><\/p>\n<p>&nbsp;<\/p>\n<p>&nbsp;<\/p>\n","protected":false},"excerpt":{"rendered":"<p>Visokokvalitetan for\u0161pan sajla, lagan i jednostavan &#8230; mo\u017ee se naru\u010diti slanjem ni\u017ee navedenih podatak na kako@kako.com.hr ili pozivom na 091\/296-5745 (sve ostale info).<\/p>\n","protected":false},"featured_media":51,"comment_status":"open","ping_status":"closed","template":"","meta":{"_monsterinsights_skip_tracking":false,"_monsterinsights_sitenote_active":false,"_monsterinsights_sitenote_note":"","_monsterinsights_sitenote_category":0},"_links":{"self":[{"href":"https:\/\/kako.com.hr\/webshop\/wp-json\/wp\/v2\/product\/29"}],"collection":[{"href":"https:\/\/kako.com.hr\/webshop\/wp-json\/wp\/v2\/product"}],"about":[{"href":"https:\/\/kako.com.hr\/webshop\/wp-json\/wp\/v2\/types\/product"}],"replies":[{"embeddable":true,"href":"https:\/\/kako.com.hr\/webshop\/wp-json\/wp\/v2\/comments?post=29"}],"wp:featuredmedia":[{"embeddable":true,"href":"https:\/\/kako.com.hr\/webshop\/wp-json\/wp\/v2\/media\/51"}],"wp:attachment":[{"href":"https:\/\/kako.com.hr\/webshop\/wp-json\/wp\/v2\/media?parent=29"}],"curies":[{"name":"wp","href":"https:\/\/api.w.org\/{rel}","templated":true}]}}