{"id":288,"date":"2018-11-19T16:30:18","date_gmt":"2018-11-19T16:30:18","guid":{"rendered":"http:\/\/kako.com.hr\/webshop\/?post_type=product&#038;p=288"},"modified":"2022-09-05T19:28:52","modified_gmt":"2022-09-05T19:28:52","slug":"prijenosni-elektricni-hladnjak-37500-kn","status":"publish","type":"product","link":"https:\/\/kako.com.hr\/webshop\/izaberi-i-naruci\/poslovni-pokloni\/prijenosni-elektricni-hladnjak-37500-kn\/","title":{"rendered":"Prijenosni elektri\u010dni hladnjak      375,00 kn\/ 49,77 \u20ac"},"content":{"rendered":"<p>Prijenosni elektri\u010dni hladnjak\u00a0\u00a0\u00a0\u00a0\u00a0 375,00 kn<\/p>\n<p>Prijenosni elektri\u010dni hladnjak za hla\u0111enje\u2744\ufe0f i grijanje? za kampiranje, auto?, brod, piknik, ribolov\u2026<\/p>\n<p>\u2705 Rashla\u0111uje (sni\u017eava) temperaturu do 15-25\u00b0C ispod vanjske temperature<br \/>\n\u2705 Snaga zagrijavanja: odr\u017eava temperaturu do 60 \u00b1 5 \u00b0C<br \/>\n\u2705 Zapremina 7 l<br \/>\n\u2705 Posebno prakti\u010dno: na poklopcu se nalaze 3 povr\u0161ine za \u0161alice ili \u010da\u0161e<br \/>\n\u2705 Oprugu za no\u0161enje, za jednostavni transport preko ramena<br \/>\n\u2705 Osvjetljeni prekida\u010d za rad (crveno za grijanje, zeleno za hla\u0111enje)<br \/>\n\u2705 Niska glasno\u0107a rada<br \/>\n\u2705 Ugra\u0111eni ventilator<br \/>\n\u2705 Snaga: 35 \u2013 40 W<\/p>\n<p>Prijenosni elektri\u010dni hladnjak mo\u017ee se naru\u010diti slanjem ni\u017ee navedenih podatak na kako@kako.com.hr ili pozivom na 091\/296-5745 (sve ostale info).<br \/>\nNa\u010din pla\u0107anja (prethodno se najaviti na kako@kako.com.hr ili 091\/296-5745):\u00a0<strong>POUZE\u0106E<\/strong>\u00a0ili\u00a0<strong>VIRMANSKI<\/strong>.<br \/>\nSvi proizvodi su novi, zapakirani, ne kori\u0161teni!<\/p>\n<p><strong>PODACI ZA NARUD\u017dBU :<br \/>\n<\/strong><\/p>\n<p>Naziv proizvoda<br \/>\nKoli\u010dina<br \/>\nIme i Prezime ili Naziv poduze\u0107a<br \/>\nAdresa slanja<br \/>\nPo\u0161tanski broj i mjesto<br \/>\nKontakt mobitel osobe koja preuzima proizvod<\/p>\n<p>\u0160kicnite i na ostale <a href=\"http:\/\/kako.com.hr\/webshop\/product-category\/poslovni-pokloni\/\">POSLOVNE POKLONE<\/a><\/p>\n","protected":false},"excerpt":{"rendered":"<p>Prijenosni elektri\u010dni hladnjak\u00a0\u00a0\u00a0\u00a0\u00a0 375,00 kn Prijenosni elektri\u010dni hladnjak za hla\u0111enje\u2744\ufe0f i grijanje? za kampiranje, auto?, brod, piknik, ribolov\u2026 \u2705 Rashla\u0111uje (sni\u017eava) temperaturu do 15-25\u00b0C ispod vanjske temperature \u2705 Snaga zagrijavanja: odr\u017eava temperaturu do 60 \u00b1 5 \u00b0C \u2705 Zapremina 7 l \u2705 Posebno prakti\u010dno: na poklopcu se nalaze 3 povr\u0161ine za \u0161alice ili \u010da\u0161e \u2705 [&hellip;]<\/p>\n","protected":false},"featured_media":289,"comment_status":"open","ping_status":"closed","template":"","meta":{"_monsterinsights_skip_tracking":false,"_monsterinsights_sitenote_active":false,"_monsterinsights_sitenote_note":"","_monsterinsights_sitenote_category":0},"_links":{"self":[{"href":"https:\/\/kako.com.hr\/webshop\/wp-json\/wp\/v2\/product\/288"}],"collection":[{"href":"https:\/\/kako.com.hr\/webshop\/wp-json\/wp\/v2\/product"}],"about":[{"href":"https:\/\/kako.com.hr\/webshop\/wp-json\/wp\/v2\/types\/product"}],"replies":[{"embeddable":true,"href":"https:\/\/kako.com.hr\/webshop\/wp-json\/wp\/v2\/comments?post=288"}],"wp:featuredmedia":[{"embeddable":true,"href":"https:\/\/kako.com.hr\/webshop\/wp-json\/wp\/v2\/media\/289"}],"wp:attachment":[{"href":"https:\/\/kako.com.hr\/webshop\/wp-json\/wp\/v2\/media?parent=288"}],"curies":[{"name":"wp","href":"https:\/\/api.w.org\/{rel}","templated":true}]}}