{"id":280,"date":"2018-11-11T07:23:47","date_gmt":"2018-11-11T07:23:47","guid":{"rendered":"http:\/\/kako.com.hr\/webshop\/?post_type=product&#038;p=280"},"modified":"2022-09-04T18:29:51","modified_gmt":"2022-09-04T18:29:51","slug":"poluzna-dizalica-pullift-15-t-99500-kn","status":"publish","type":"product","link":"https:\/\/kako.com.hr\/webshop\/izaberi-i-naruci\/dizalice-i-gurtne-uzad\/poluzna-dizalica-pullift-15-t-99500-kn\/","title":{"rendered":"POLU\u017dNA DIZALICA PULLIFT  1,5 T     995,00 kn\/ 132,06 \u20ac"},"content":{"rendered":"<p>POLU\u017dNA DIZALICA PULLIFT 1,5 T 995,00 kn<br \/>\nDolazi u kompletu s 5 metara lanca<br \/>\nNovo, ne kori\u0161teno!<\/p>\n<p>POLU\u017dNA DIZALICA PULLIFT mo\u017ee se naru\u010diti slanjem ni\u017ee navedenih podatak na kako@kako.com.hr ili pozivom na 091\/296-5745 (sve ostale info).<br \/>\nNa\u010din pla\u0107anja (prethodno se najaviti na kako@kako.com.hr ili 091\/296-5745): <strong>POUZE\u0106E<\/strong> ili <strong>VIRMANSKI<\/strong>.<\/p>\n<p><a href=\"https:\/\/abarelto.hr\/article-zanimljivosti-ZATEZNA+DIZALICA+ZA+MANIPULACIJU+TERETIMA.html\">Predstavljaju\u0107i i ostale inovativne proizvode<\/a>\u00a0svjetski renomiranih proizvo\u0111a\u010da te korisna rje\u0161enja koja oni pru\u017eaju pri radu, ovi proizvodi pru\u017eaju sigurnost i garanciju najvi\u0161eg stupnja kvalitete koja je nu\u017eno potrebna na ovom podru\u010dju rada.<\/p>\n<p><strong>PODACI ZA NARUD\u017dBU :<br \/>\n<\/strong><\/p>\n<p>Naziv proizvoda<br \/>\nKoli\u010dina<br \/>\nIme i Prezime ili Naziv poduze\u0107a<br \/>\nAdresa slanja<br \/>\nPo\u0161tanski broj i mjesto<br \/>\nKontakt mobitel osobe koja preuzima proizvod<\/p>\n","protected":false},"excerpt":{"rendered":"<p>POLU\u017dNA DIZALICA PULLIFT 1,5 T 995,00 kn Dolazi u kompletu s 5 metara lanca Novo, ne kori\u0161teno! POLU\u017dNA DIZALICA PULLIFT mo\u017ee se naru\u010diti slanjem ni\u017ee navedenih podatak na kako@kako.com.hr ili pozivom na 091\/296-5745 (sve ostale info). Na\u010din pla\u0107anja (prethodno se najaviti na kako@kako.com.hr ili 091\/296-5745): POUZE\u0106E ili VIRMANSKI. Predstavljaju\u0107i i ostale inovativne proizvode\u00a0svjetski renomiranih proizvo\u0111a\u010da [&hellip;]<\/p>\n","protected":false},"featured_media":109,"comment_status":"open","ping_status":"closed","template":"","meta":{"_monsterinsights_skip_tracking":false,"_monsterinsights_sitenote_active":false,"_monsterinsights_sitenote_note":"","_monsterinsights_sitenote_category":0},"_links":{"self":[{"href":"https:\/\/kako.com.hr\/webshop\/wp-json\/wp\/v2\/product\/280"}],"collection":[{"href":"https:\/\/kako.com.hr\/webshop\/wp-json\/wp\/v2\/product"}],"about":[{"href":"https:\/\/kako.com.hr\/webshop\/wp-json\/wp\/v2\/types\/product"}],"replies":[{"embeddable":true,"href":"https:\/\/kako.com.hr\/webshop\/wp-json\/wp\/v2\/comments?post=280"}],"wp:featuredmedia":[{"embeddable":true,"href":"https:\/\/kako.com.hr\/webshop\/wp-json\/wp\/v2\/media\/109"}],"wp:attachment":[{"href":"https:\/\/kako.com.hr\/webshop\/wp-json\/wp\/v2\/media?parent=280"}],"curies":[{"name":"wp","href":"https:\/\/api.w.org\/{rel}","templated":true}]}}