{"id":251,"date":"2018-10-29T16:17:47","date_gmt":"2018-10-29T16:17:47","guid":{"rendered":"http:\/\/kako.com.hr\/webshop\/?post_type=product&#038;p=251"},"modified":"2025-11-25T07:21:57","modified_gmt":"2025-11-25T07:21:57","slug":"forspan-sajla-100m-fi-9mm-3-96000-kn","status":"publish","type":"product","link":"https:\/\/kako.com.hr\/webshop\/izaberi-i-naruci\/forspani\/forspan-sajla-100m-fi-9mm-3-96000-kn\/","title":{"rendered":"For\u0161pan sajla 100m\/ fi 9mm   690,00 \u20ac"},"content":{"rendered":"<p>For\u0161pan sajla 100m\/ fi 9mm 690,00 \u20ac<\/p>\n<p><img decoding=\"async\" loading=\"lazy\" class=\"alignnone size-full wp-image-78\" src=\"http:\/\/kako.com.hr\/webshop\/wp-content\/uploads\/2018\/06\/forspan2.jpg\" alt=\"for\u0161pan sajla\" width=\"651\" height=\"271\" srcset=\"https:\/\/kako.com.hr\/webshop\/wp-content\/uploads\/2018\/06\/forspan2.jpg 651w, https:\/\/kako.com.hr\/webshop\/wp-content\/uploads\/2018\/06\/forspan2-300x125.jpg 300w, https:\/\/kako.com.hr\/webshop\/wp-content\/uploads\/2018\/06\/forspan2-600x250.jpg 600w\" sizes=\"(max-width: 651px) 100vw, 651px\" \/><br \/>\nOd fiberglasa, na metalnom stalku s kota\u010dima i ko\u010dnicom<br \/>\nNovo,kvalitetno,izdr\u017eljivo<\/p>\n<p>Olak\u0161at \u0107e vam i ubrzati posao \u010demu svjedo\u010de brojni zadovoljni kupci.<\/p>\n<p>Proizvod mo\u017eete naru\u010diti slanjem ni\u017ee navedenih podatak na kako@kako.com.hr ili pozivom na 091\/296-5745 (sve ostale info).<br \/>\nNa\u010din pla\u0107anja (prethodno se najaviti na kako@kako.com.hr ili 091\/296-5745): <strong>POUZE\u0106E<\/strong> ili <strong>VIRMANSKI<\/strong>.<\/p>\n<p>For\u0161pan je nezaobilazan dio alata tj. opreme svakog elektromontera, gra\u0111evinskog ili komunalnog radnika.<br \/>\nBez njega se ne mo\u017ee provla\u010diti odnosno provesti odre\u0111eni kabel ili sli\u010dno.<br \/>\nNjegova savitljivost i \u010dvrsto\u0107a \u010desto je presudna kod odabira. Stoga se danas koriste najsuvremeniji savitljivi materijali za uspje\u0161an prolazak kroz zavoje.<\/p>\n<p>Stoga je va\u017eno izabrati onaj s kojim se najlak\u0161e manipulira pri radi, ali i pri transportu.<\/p>\n<p><a href=\"http:\/\/abarelto.hr\/article-zanimljivosti-FOR%C5%A0PAN.html\">Predstavljaju\u0107i i ostale inovativne proizvode<\/a>\u00a0svjetski renomiranih proizvo\u0111a\u010da te korisna rje\u0161enja koja oni pru\u017eaju pri radu, ovi proizvodi pru\u017eaju sigurnost i garanciju najvi\u0161eg stupnja kvalitete koja je nu\u017eno potrebna na ovom podru\u010dju rada.<\/p>\n<p><strong>PODACI ZA ZA NARUD\u017dBU :<\/strong><br \/>\nIme i Prezime ili Naziv poduze\u0107a<br \/>\nAdresa slanja<br \/>\nPo\u0161tanski broj i mjesto<br \/>\nKontakt mobitel osobe koja preuzima proizvod<\/p>\n<p>Pogledajte i ostalu na\u0161u <a href=\"http:\/\/kako.com.hr\/webshop\/product-category\/forspan\/\">PONUDU FOR\u0160PANA <\/a><\/p>\n","protected":false},"excerpt":{"rendered":"<p>For\u0161pan je nezaobilazan dio alata tj. opreme svakog elektromontera, gra\u0111evinskog ili komunalnog radnika.<br \/>\nBez njega se ne mo\u017ee provla\u010diti odnosno provesti odre\u0111eni kabel ili sli\u010dno.<br \/>\nNjegova savitljivost i \u010dvrsto\u0107a \u010desto je presudna kod odabira. Stoga se danas koriste najsuvremeniji savitljivi materijali za uspje\u0161an prolazak kroz zavoje.<\/p>\n<p>Stoga je va\u017eno izabrati onaj s kojim se najlak\u0161e manipulira pri radi, ali i pri transportu.<\/p>\n","protected":false},"featured_media":252,"comment_status":"open","ping_status":"closed","template":"","meta":{"_monsterinsights_skip_tracking":false,"_monsterinsights_sitenote_active":false,"_monsterinsights_sitenote_note":"","_monsterinsights_sitenote_category":0},"_links":{"self":[{"href":"https:\/\/kako.com.hr\/webshop\/wp-json\/wp\/v2\/product\/251"}],"collection":[{"href":"https:\/\/kako.com.hr\/webshop\/wp-json\/wp\/v2\/product"}],"about":[{"href":"https:\/\/kako.com.hr\/webshop\/wp-json\/wp\/v2\/types\/product"}],"replies":[{"embeddable":true,"href":"https:\/\/kako.com.hr\/webshop\/wp-json\/wp\/v2\/comments?post=251"}],"wp:featuredmedia":[{"embeddable":true,"href":"https:\/\/kako.com.hr\/webshop\/wp-json\/wp\/v2\/media\/252"}],"wp:attachment":[{"href":"https:\/\/kako.com.hr\/webshop\/wp-json\/wp\/v2\/media?parent=251"}],"curies":[{"name":"wp","href":"https:\/\/api.w.org\/{rel}","templated":true}]}}