{"id":246,"date":"2018-10-22T11:58:25","date_gmt":"2018-10-22T11:58:25","guid":{"rendered":"http:\/\/kako.com.hr\/webshop\/?post_type=product&#038;p=246"},"modified":"2022-09-04T18:16:13","modified_gmt":"2022-09-04T18:16:13","slug":"radne-farmer-hlace-41000-kn","status":"publish","type":"product","link":"https:\/\/kako.com.hr\/webshop\/izaberi-i-naruci\/htz-oprema\/radne-farmer-hlace-41000-kn\/","title":{"rendered":"Radne farmer hla\u010de    410,00 kn\/ 54,42 \u20ac"},"content":{"rendered":"<p>Radne farmer hla\u010de 410,00 kn<br \/>\nMaterijal: TenCate TECAPRO\u2122 BD 9311, FR tkanine od 99% pamuka i 1% karbonskog vlakna (335g\/m2), velika izdr\u017eljivost na habanje, tretirane PROBAN premazom koji nudi dobru vatroza\u0161titu, a tkanina zadr\u017eava svoju meko\u0107u i prozra\u010dnost..<br \/>\nOdr\u017eavanje: industrijsko pranje do 75 \u00b0C<\/p>\n<p>Zatvaranje jednostranim skrivenim patent zatvara\u010dem te gumbom u struku.<br \/>\nKoso u\u0161ivena dva d\u017eepa, straga d\u017eep s preklopom, alat d\u017eep te 2 d\u017eepa na prsima sa preklopom.<br \/>\nDvostruki \u0161avovi i poja\u010danje na koljenima. Tregeri su podesivi.<\/p>\n<p>Mogu\u0107e boje: Firebrick, Plava<br \/>\nVeli\u010dina: S-XXL<br \/>\nNorma: EN ISO 11612, EN 11611, EN1149<\/p>\n<p>Mogu\u0107a dostava po cijeloj RH, besplatna dostava u Zagrebu i okolici.<\/p>\n<p>Radne farmer hla\u010de mogu se naru\u010diti slanjem ni\u017ee navedenih podatak na kako@kako.com.hr ili pozivom na 091\/296-5745 (sve ostale info).<br \/>\nNa\u010din pla\u0107anja (prethodno se najaviti na kako@kako.com.hr ili 091\/296-5745): <strong>POUZE\u0106E<\/strong> ili <strong>VIRMANSKI<\/strong>.<\/p>\n<p><strong>PODACI ZA NARUD\u017dBU :<br \/>\n<\/strong>Naziv proizvoda<br \/>\nKoli\u010dina<br \/>\nIme i Prezime ili Naziv poduze\u0107a<br \/>\nAdresa slanja<br \/>\nPo\u0161tanski broj i mjesto<br \/>\nKontakt mobitel osobe koja preuzima proizvod<\/p>\n<p>Ostalo iz ponude HTZ opreme mo\u017eete vidjeti <a href=\"http:\/\/kako.com.hr\/webshop\/product-category\/htz-oprema\/\">OVDJE<\/a>.<\/p>\n","protected":false},"excerpt":{"rendered":"<p>Radne farmer hla\u010de 410,00 kn Materijal: TenCate TECAPRO\u2122 BD 9311, FR tkanine od 99% pamuka i 1% karbonskog vlakna (335g\/m2), velika izdr\u017eljivost na habanje, tretirane PROBAN premazom koji nudi dobru vatroza\u0161titu, a tkanina zadr\u017eava svoju meko\u0107u i prozra\u010dnost.. Odr\u017eavanje: industrijsko pranje do 75 \u00b0C Zatvaranje jednostranim skrivenim patent zatvara\u010dem te gumbom u struku. Koso u\u0161ivena [&hellip;]<\/p>\n","protected":false},"featured_media":247,"comment_status":"open","ping_status":"closed","template":"","meta":{"_monsterinsights_skip_tracking":false,"_monsterinsights_sitenote_active":false,"_monsterinsights_sitenote_note":"","_monsterinsights_sitenote_category":0},"_links":{"self":[{"href":"https:\/\/kako.com.hr\/webshop\/wp-json\/wp\/v2\/product\/246"}],"collection":[{"href":"https:\/\/kako.com.hr\/webshop\/wp-json\/wp\/v2\/product"}],"about":[{"href":"https:\/\/kako.com.hr\/webshop\/wp-json\/wp\/v2\/types\/product"}],"replies":[{"embeddable":true,"href":"https:\/\/kako.com.hr\/webshop\/wp-json\/wp\/v2\/comments?post=246"}],"wp:featuredmedia":[{"embeddable":true,"href":"https:\/\/kako.com.hr\/webshop\/wp-json\/wp\/v2\/media\/247"}],"wp:attachment":[{"href":"https:\/\/kako.com.hr\/webshop\/wp-json\/wp\/v2\/media?parent=246"}],"curies":[{"name":"wp","href":"https:\/\/api.w.org\/{rel}","templated":true}]}}