{"id":223,"date":"2018-09-19T11:05:58","date_gmt":"2018-09-19T11:05:58","guid":{"rendered":"http:\/\/kako.com.hr\/webshop\/?post_type=product&#038;p=223"},"modified":"2019-03-08T21:17:35","modified_gmt":"2019-03-08T21:17:35","slug":"kosulja-za-ugostiteljstvo-dugi-rukav-19500-kn","status":"publish","type":"product","link":"https:\/\/kako.com.hr\/webshop\/izaberi-i-naruci\/htz-oprema\/kosulja-za-ugostiteljstvo-dugi-rukav-19500-kn\/","title":{"rendered":"Ko\u0161ulja za ugostiteljstvo dugi rukav    195,00 kn"},"content":{"rendered":"<p>Ko\u0161ulja za ugostiteljstvo dugi rukav 195,00 kn<br \/>\nNovo-zapakirano!<\/p>\n<p><img decoding=\"async\" loading=\"lazy\" class=\"alignnone size-full wp-image-225\" src=\"http:\/\/kako.com.hr\/webshop\/wp-content\/uploads\/2018\/09\/ko\u0161ulja-za-ugostiteljstvo2.jpg\" alt=\"ko\u0161ulja za ugostiteljstvo2\" width=\"1485\" height=\"528\" srcset=\"https:\/\/kako.com.hr\/webshop\/wp-content\/uploads\/2018\/09\/ko\u0161ulja-za-ugostiteljstvo2.jpg 1485w, https:\/\/kako.com.hr\/webshop\/wp-content\/uploads\/2018\/09\/ko\u0161ulja-za-ugostiteljstvo2-300x107.jpg 300w, https:\/\/kako.com.hr\/webshop\/wp-content\/uploads\/2018\/09\/ko\u0161ulja-za-ugostiteljstvo2-768x273.jpg 768w, https:\/\/kako.com.hr\/webshop\/wp-content\/uploads\/2018\/09\/ko\u0161ulja-za-ugostiteljstvo2-800x284.jpg 800w, https:\/\/kako.com.hr\/webshop\/wp-content\/uploads\/2018\/09\/ko\u0161ulja-za-ugostiteljstvo2-600x213.jpg 600w\" sizes=\"(max-width: 1485px) 100vw, 1485px\" \/><\/p>\n<p>Mogu\u0107a dostava po cijeloj RH, besplatna dostava u Zagrebu i okolici.<\/p>\n<p>Ko\u0161ulja za ugostiteljstvo mo\u017ee se naru\u010diti slanjem ni\u017ee navedenih podatak na kako@kako.com.hr ili pozivom na 091\/296-5745 (sve ostale info).<br \/>\nNa\u010din pla\u0107anja (prethodno se najaviti na kako@kako.com.hr ili 091\/296-5745): <strong>POUZE\u0106E<\/strong> ili <strong>VIRMANSKI<\/strong>.<\/p>\n<p><strong>PODACI ZA NARUD\u017dBU :<br \/>\n<\/strong>Naziv proizvoda<br \/>\nKoli\u010dina<br \/>\nIme i Prezime ili Naziv poduze\u0107a<br \/>\nAdresa slanja<br \/>\nPo\u0161tanski broj i mjesto<br \/>\nKontakt mobitel osobe koja preuzima proizvod<\/p>\n<p><strong>Program opreme za ugostiteljstvo<\/strong> obuhva\u0107a hla\u010de, majce, ko\u0161ulje, prega\u010de, kape, marame\u2026<\/p>\n<p>Za sve modele koji nisu pojedina\u010dno navedeni u proizvodima, slobodno nam se javite na upit.<\/p>\n","protected":false},"excerpt":{"rendered":"<p>Ko\u0161ulja za ugostiteljstvo dugi rukav 195,00 kn Novo-zapakirano! Mogu\u0107a dostava po cijeloj RH, besplatna dostava u Zagrebu i okolici. Ko\u0161ulja za ugostiteljstvo mo\u017ee se naru\u010diti slanjem ni\u017ee navedenih podatak na kako@kako.com.hr ili pozivom na 091\/296-5745 (sve ostale info). Na\u010din pla\u0107anja (prethodno se najaviti na kako@kako.com.hr ili 091\/296-5745): POUZE\u0106E ili VIRMANSKI. PODACI ZA NARUD\u017dBU : Naziv [&hellip;]<\/p>\n","protected":false},"featured_media":224,"comment_status":"open","ping_status":"closed","template":"","meta":{"_monsterinsights_skip_tracking":false,"_monsterinsights_sitenote_active":false,"_monsterinsights_sitenote_note":"","_monsterinsights_sitenote_category":0},"_links":{"self":[{"href":"https:\/\/kako.com.hr\/webshop\/wp-json\/wp\/v2\/product\/223"}],"collection":[{"href":"https:\/\/kako.com.hr\/webshop\/wp-json\/wp\/v2\/product"}],"about":[{"href":"https:\/\/kako.com.hr\/webshop\/wp-json\/wp\/v2\/types\/product"}],"replies":[{"embeddable":true,"href":"https:\/\/kako.com.hr\/webshop\/wp-json\/wp\/v2\/comments?post=223"}],"wp:featuredmedia":[{"embeddable":true,"href":"https:\/\/kako.com.hr\/webshop\/wp-json\/wp\/v2\/media\/224"}],"wp:attachment":[{"href":"https:\/\/kako.com.hr\/webshop\/wp-json\/wp\/v2\/media?parent=223"}],"curies":[{"name":"wp","href":"https:\/\/api.w.org\/{rel}","templated":true}]}}