{"id":180,"date":"2018-07-25T09:07:07","date_gmt":"2018-07-25T09:07:07","guid":{"rendered":"http:\/\/kako.com.hr\/webshop\/?post_type=product&#038;p=180"},"modified":"2026-01-23T10:07:25","modified_gmt":"2026-01-23T10:07:25","slug":"set-alata-za-obradu-sn-kabela-8-52500-kn","status":"publish","type":"product","link":"https:\/\/kako.com.hr\/webshop\/izaberi-i-naruci\/oprema-i-alat\/set-alata-za-obradu-sn-kabela-8-52500-kn\/","title":{"rendered":"Set alata za obradu SN kabela     1.325,00 \u20ac"},"content":{"rendered":"<p>Set alata za obradu SN kabela 1.325,00 \u20ac<\/p>\n<p>Inovativni <strong>Set alata za obradu SN kabela<\/strong> njema\u010dkog proizvo\u0111a\u010da sadr\u017ei:<br \/>\n1. <strong>\u017duti univerzalni no\u017e<\/strong> za skidanje vanjskog pla\u0161ta i primarne izolacije na kabelima<br \/>\n5-45 kV<br \/>\n2.<strong> Njema\u010dki no\u017e<\/strong> (zamjenjuje stari &#8220;\u010ce\u0161ki no\u017e&#8221;)<br \/>\n3. <strong>Silikonska pasta<\/strong><\/p>\n<p>Set alata za obradu SN kabela se nalazi u plavom plasti\u010dnom koferu te se u njemu nalaze jo\u0161 i imbus klju\u010d za regulaciju i pode\u0161avanje no\u017eeva.<\/p>\n<p><strong>Set alata za obradu SN kabela<\/strong> mo\u017ee se naru\u010diti slanjem ni\u017ee navedenih podatak na kako@kako.com.hr ili pozivom na 091\/296-5745 (sve ostale info).<br \/>\nNa\u010din pla\u0107anja (prethodno se najaviti na kako@kako.com.hr ili 091\/296-5745): <strong>VIRMANSKI<\/strong>.<\/p>\n<p><strong>PODACI ZA NARUD\u017dBU :<br \/>\n<\/strong>Naziv proizvoda<br \/>\nKoli\u010dina<br \/>\nIme i Prezime ili Naziv poduze\u0107a<br \/>\nAdresa slanja<br \/>\nPo\u0161tanski broj i mjesto<br \/>\nKontakt mobitel osobe koja preuzima proizvod<\/p>\n<p>U ponudi je sljede\u0107a oprema i alat za elektroenergetske, gra\u0111evinske, komunalne i ostale vrste radova:<\/p>\n<p>1. For\u0161pan sajla \u2013 od 10 d0 300 metara duljine, od 4,5mm do 14 mm presjeka (fi)<br \/>\n2. Gurtne \u2013 s om\u010dama, beskona\u010dne, s mehanizmom, kompleti\u2026<br \/>\n3. Sajle, \u010deli\u010dna u\u017ead<br \/>\n4. Lanci<br \/>\n5. Koloturnici<br \/>\n6. Kabelske uvodnice<br \/>\n7. Karabineri, kuke, stezaljke, al-\u010de stezaljke, automatske stezaljke, trafo stezaljke,<br \/>\nVijci, matice, \u0161kopci, alke\u2026<br \/>\n8. Vitla, vage, magneti, hvataljke, kolica<br \/>\n9. Inox program<\/p>\n<p>Za sve modele koji nisu pojedina\u010dno navedeni u proizvodima, slobodno nam se javite na upit.<\/p>\n","protected":false},"excerpt":{"rendered":"<p>Set alata za obradu SN kabela 1.325,00 \u20ac Inovativni Set alata za obradu SN kabela njema\u010dkog proizvo\u0111a\u010da sadr\u017ei: 1. \u017duti univerzalni no\u017e za skidanje vanjskog pla\u0161ta i primarne izolacije na kabelima 5-45 kV 2. Njema\u010dki no\u017e (zamjenjuje stari &#8220;\u010ce\u0161ki no\u017e&#8221;) 3. Silikonska pasta Set alata za obradu SN kabela se nalazi u plavom plasti\u010dnom koferu [&hellip;]<\/p>\n","protected":false},"featured_media":181,"comment_status":"open","ping_status":"closed","template":"","meta":{"_monsterinsights_skip_tracking":false,"_monsterinsights_sitenote_active":false,"_monsterinsights_sitenote_note":"","_monsterinsights_sitenote_category":0},"_links":{"self":[{"href":"https:\/\/kako.com.hr\/webshop\/wp-json\/wp\/v2\/product\/180"}],"collection":[{"href":"https:\/\/kako.com.hr\/webshop\/wp-json\/wp\/v2\/product"}],"about":[{"href":"https:\/\/kako.com.hr\/webshop\/wp-json\/wp\/v2\/types\/product"}],"replies":[{"embeddable":true,"href":"https:\/\/kako.com.hr\/webshop\/wp-json\/wp\/v2\/comments?post=180"}],"wp:featuredmedia":[{"embeddable":true,"href":"https:\/\/kako.com.hr\/webshop\/wp-json\/wp\/v2\/media\/181"}],"wp:attachment":[{"href":"https:\/\/kako.com.hr\/webshop\/wp-json\/wp\/v2\/media?parent=180"}],"curies":[{"name":"wp","href":"https:\/\/api.w.org\/{rel}","templated":true}]}}