{"id":157,"date":"2018-07-16T09:27:38","date_gmt":"2018-07-16T09:27:38","guid":{"rendered":"http:\/\/kako.com.hr\/webshop\/?post_type=product&#038;p=157"},"modified":"2022-09-04T18:30:07","modified_gmt":"2022-09-04T18:30:07","slug":"elektricna-dizalica-98000-kn","status":"publish","type":"product","link":"https:\/\/kako.com.hr\/webshop\/izaberi-i-naruci\/dizalice-i-gurtne-uzad\/elektricna-dizalica-98000-kn\/","title":{"rendered":"Elektri\u010dna dizalica         980,00 kn\/ 130,07 \u20ac"},"content":{"rendered":"<p>Elektri\u010dna dizalica<br \/>\nNosivost (kg):\u00a0\u00a0\u00a0 100\/200\u00a0 &#8211;\u00a0\u00a0\u00a0\u00a0\u00a0 980,00kn<br \/>\n125\/250\u00a0 &#8211;\u00a0 1.150,00 kn<br \/>\n150\/300\u00a0 &#8211;\u00a0 1.190,00 kn<br \/>\n200\/400\u00a0 &#8211;\u00a0 1.340,00 kn<br \/>\n250\/500\u00a0 &#8211;\u00a0 1.390,00 kn<br \/>\n300\/600\u00a0 &#8211;\u00a0 1.450,00 kn<br \/>\n500\/1000 &#8211; 2.580,00 kn<br \/>\n600\/1200 &#8211; 2.860,00 kn<\/p>\n<p>Nosa\u010di:\u00a0 600 kg\u00a0 &#8211; 350,00 kn<br \/>\n1200 kg &#8211; 400,00 kn<\/p>\n<p>Mogu\u0107a dostava po cijeloj RH, besplatna dostava u Zagrebu i okolici.<\/p>\n<p>Elektri\u010dna dizalica se mo\u017ee naru\u010diti slanjem ni\u017ee navedenih podatak na kako@kako.com.hr ili pozivom na 091\/296-5745 (sve ostale info).<br \/>\nNa\u010din pla\u0107anja (prethodno se najaviti na kako@kako.com.hr ili 091\/296-5745): <strong>POUZE\u0106E<\/strong> ili <strong>VIRMANSKI<\/strong>.<\/p>\n<p><strong>PODACI ZA NARUD\u017dBU :<br \/>\n<\/strong>Naziv proizvoda<br \/>\nModel<br \/>\nKoli\u010dina<br \/>\nIme i Prezime ili Naziv poduze\u0107a<br \/>\nAdresa slanja<br \/>\nPo\u0161tanski broj i mjesto<br \/>\nKontakt mobitel osobe koja preuzima proizvod<\/p>\n<p><a href=\"http:\/\/kako.com.hr\/webshop\/product-category\/dizalice\/\">U ponudi su dizalice<\/a> za razli\u010dite namjene i s karakteristikama.<\/p>\n<p>1. Polu\u017ena dizalica \u2013 \u201cpull lift\u201d<br \/>\n2. Ru\u010dna lan\u010dana dizalica \u2013 \u201cfla\u0161encug\u201d<br \/>\n3. Tyrfor dizalica \u2013 model od \u010delika i od aluminija<br \/>\n4. Elektri\u010dna dizalica<br \/>\n5. Hidrauli\u010dna dizalica \u2013 \u201cpa\u0161teta\u201d i \u201cmulti pa\u0161teta\u201d<br \/>\n6. Kolska dizalica<br \/>\n7. Zatezna dizalice<br \/>\n9. Krokodilska dizalica<br \/>\n10. Ru\u010dni vili\u010dar \u2013 \u201cpaletarac\u201d<\/p>\n<p>Za sve modele koji nisu pojedina\u010dno navedeni u proizvodima, slobodno nam se javite na upit.<\/p>\n","protected":false},"excerpt":{"rendered":"<p>Elektri\u010dna dizalica Nosivost (kg):\u00a0\u00a0\u00a0 100\/200\u00a0 &#8211;\u00a0\u00a0\u00a0\u00a0\u00a0 980,00kn 125\/250\u00a0 &#8211;\u00a0 1.150,00 kn 150\/300\u00a0 &#8211;\u00a0 1.190,00 kn 200\/400\u00a0 &#8211;\u00a0 1.340,00 kn 250\/500\u00a0 &#8211;\u00a0 1.390,00 kn 300\/600\u00a0 &#8211;\u00a0 1.450,00 kn 500\/1000 &#8211; 2.580,00 kn 600\/1200 &#8211; 2.860,00 kn Nosa\u010di:\u00a0 600 kg\u00a0 &#8211; 350,00 kn 1200 kg &#8211; 400,00 kn Mogu\u0107a dostava po cijeloj RH, besplatna dostava u Zagrebu [&hellip;]<\/p>\n","protected":false},"featured_media":158,"comment_status":"open","ping_status":"closed","template":"","meta":{"_monsterinsights_skip_tracking":false,"_monsterinsights_sitenote_active":false,"_monsterinsights_sitenote_note":"","_monsterinsights_sitenote_category":0},"_links":{"self":[{"href":"https:\/\/kako.com.hr\/webshop\/wp-json\/wp\/v2\/product\/157"}],"collection":[{"href":"https:\/\/kako.com.hr\/webshop\/wp-json\/wp\/v2\/product"}],"about":[{"href":"https:\/\/kako.com.hr\/webshop\/wp-json\/wp\/v2\/types\/product"}],"replies":[{"embeddable":true,"href":"https:\/\/kako.com.hr\/webshop\/wp-json\/wp\/v2\/comments?post=157"}],"wp:featuredmedia":[{"embeddable":true,"href":"https:\/\/kako.com.hr\/webshop\/wp-json\/wp\/v2\/media\/158"}],"wp:attachment":[{"href":"https:\/\/kako.com.hr\/webshop\/wp-json\/wp\/v2\/media?parent=157"}],"curies":[{"name":"wp","href":"https:\/\/api.w.org\/{rel}","templated":true}]}}