{"id":146,"date":"2018-07-13T06:10:40","date_gmt":"2018-07-13T06:10:40","guid":{"rendered":"http:\/\/kako.com.hr\/webshop\/?post_type=product&#038;p=146"},"modified":"2022-09-04T18:18:39","modified_gmt":"2022-09-04T18:18:39","slug":"natikaca-s-kopcom-29500-kn","status":"publish","type":"product","link":"https:\/\/kako.com.hr\/webshop\/izaberi-i-naruci\/htz-oprema\/natikaca-s-kopcom-29500-kn\/","title":{"rendered":"Natika\u010da s kop\u010dom   295,00 kn\/ 39,15 \u20ac"},"content":{"rendered":"<p>Natika\u010da s kop\u010dom od perforirane gove\u0111e ko\u017ee-<br \/>\nProtuklizni potplat. Anatomski oblikovana.<\/p>\n<p>Za sve ostale modele natika\u010da, ponudu \u0161aljemo na pojedina\u010dni upit.<\/p>\n<p>Natika\u010da\u00a0 s kop\u010dom se mo\u017ee naru\u010diti slanjem ni\u017ee navedenih podatak na kako@kako.com.hr ili pozivom na 091\/296-5745 (sve ostale info).<br \/>\nNa\u010din pla\u0107anja (prethodno se najaviti na kako@kako.com.hr ili 091\/296-5745):\u00a0<strong>POUZE\u0106E<\/strong>\u00a0ili\u00a0<strong>VIRMANSKI<\/strong>.<\/p>\n<p><strong>PODACI ZA NARUD\u017dBU :<br \/>\n<\/strong><\/p>\n<p>Naziv proizvoda<br \/>\nKoli\u010dina<br \/>\nBroj\/Veli\u010dina<br \/>\nIme i Prezime ili Naziv poduze\u0107a<br \/>\nAdresa slanja<br \/>\nPo\u0161tanski broj i mjesto<br \/>\nKontakt mobitel osobe koja preuzima proizvod<\/p>\n<p><a href=\"http:\/\/kako.com.hr\/webshop\/product-category\/htz-oprema\/\">HTZ oprema objedinjuje<\/a> <strong>sljede\u0107i program<\/strong>:<\/p>\n<p>1. za\u0161tita glave i o\u010diju \u2013 kacige, nao\u010dale\u2026<br \/>\n<strong>2. za\u0161tita ruku<\/strong> \u2013 rukavice, pamu\u010dne podrukavice, radne rukavice\u2026<br \/>\n<strong>3. za\u0161tite stopala <\/strong>\u2013 cipele, \u010dizme, sandale<br \/>\n<strong>4. za\u0161titna odje\u0107a<\/strong> \u2013 radna odijela<br \/>\n<strong>5. za\u0161tita od elektri\u010dnog luka <\/strong>\u2013 komplet odijela<br \/>\n<strong>6. oprema za rad na visini <\/strong>\u2013 penjalice, opasa\u010di, u\u017eeta, radne torbe za alat\u2026<br \/>\n<strong>7. oprema za rad pod naponom <\/strong>\u2013 alati, odvija\u010di, pile, alat za obradu kabela\u2026<br \/>\n<strong>8. oprema za ugostiteljstvo<\/strong> \u2013 hla\u010de, majce, ko\u0161ulje, prega\u010de, kape, marame\u2026<\/p>\n<p>Za sve modele koji nisu pojedina\u010dno navedeni u proizvodima, slobodno nam se javite na upit.<\/p>\n<p>&nbsp;<\/p>\n","protected":false},"excerpt":{"rendered":"<p>Natika\u010da s kop\u010dom od perforirane gove\u0111e ko\u017ee- Protuklizni potplat. Anatomski oblikovana. Za sve ostale modele natika\u010da, ponudu \u0161aljemo na pojedina\u010dni upit. Natika\u010da\u00a0 s kop\u010dom se mo\u017ee naru\u010diti slanjem ni\u017ee navedenih podatak na kako@kako.com.hr ili pozivom na 091\/296-5745 (sve ostale info). Na\u010din pla\u0107anja (prethodno se najaviti na kako@kako.com.hr ili 091\/296-5745):\u00a0POUZE\u0106E\u00a0ili\u00a0VIRMANSKI. PODACI ZA NARUD\u017dBU : Naziv proizvoda [&hellip;]<\/p>\n","protected":false},"featured_media":147,"comment_status":"open","ping_status":"closed","template":"","meta":{"_monsterinsights_skip_tracking":false,"_monsterinsights_sitenote_active":false,"_monsterinsights_sitenote_note":"","_monsterinsights_sitenote_category":0},"_links":{"self":[{"href":"https:\/\/kako.com.hr\/webshop\/wp-json\/wp\/v2\/product\/146"}],"collection":[{"href":"https:\/\/kako.com.hr\/webshop\/wp-json\/wp\/v2\/product"}],"about":[{"href":"https:\/\/kako.com.hr\/webshop\/wp-json\/wp\/v2\/types\/product"}],"replies":[{"embeddable":true,"href":"https:\/\/kako.com.hr\/webshop\/wp-json\/wp\/v2\/comments?post=146"}],"wp:featuredmedia":[{"embeddable":true,"href":"https:\/\/kako.com.hr\/webshop\/wp-json\/wp\/v2\/media\/147"}],"wp:attachment":[{"href":"https:\/\/kako.com.hr\/webshop\/wp-json\/wp\/v2\/media?parent=146"}],"curies":[{"name":"wp","href":"https:\/\/api.w.org\/{rel}","templated":true}]}}