{"id":1298,"date":"2025-11-18T08:46:43","date_gmt":"2025-11-18T08:46:43","guid":{"rendered":"https:\/\/kako.com.hr\/webshop\/?post_type=product&#038;p=1298"},"modified":"2025-11-18T08:46:43","modified_gmt":"2025-11-18T08:46:43","slug":"branach-ljestve-s-uzetom-i-protupadnim-klizacem-3-65000-e","status":"publish","type":"product","link":"https:\/\/kako.com.hr\/webshop\/izaberi-i-naruci\/aluminijske-ljestve\/branach-ljestve-s-uzetom-i-protupadnim-klizacem-3-65000-e\/","title":{"rendered":"Branach ljestve s u\u017eetom i protupadnim kliza\u010dem     3.650,00 \u20ac"},"content":{"rendered":"<p>Branach ljestve s u\u017eetom i protupadnim kliza\u010dem 3.650,00 \u20ac<\/p>\n<p>Moderne i kvalitetne ljestve koje odlikuje \u010cVRSTO\u0106A, STABILNOST, SIDRENJE i SPA\u0160AVANJE u slu\u010daju potrebe.<br \/>\n<img decoding=\"async\" loading=\"lazy\" class=\"alignnone size-full wp-image-1302\" src=\"https:\/\/kako.com.hr\/webshop\/wp-content\/uploads\/2025\/11\/branach-feu-fc-1.jpg\" alt=\"\" width=\"1766\" height=\"828\" srcset=\"https:\/\/kako.com.hr\/webshop\/wp-content\/uploads\/2025\/11\/branach-feu-fc-1.jpg 1766w, https:\/\/kako.com.hr\/webshop\/wp-content\/uploads\/2025\/11\/branach-feu-fc-1-300x141.jpg 300w, https:\/\/kako.com.hr\/webshop\/wp-content\/uploads\/2025\/11\/branach-feu-fc-1-800x375.jpg 800w, https:\/\/kako.com.hr\/webshop\/wp-content\/uploads\/2025\/11\/branach-feu-fc-1-768x360.jpg 768w, https:\/\/kako.com.hr\/webshop\/wp-content\/uploads\/2025\/11\/branach-feu-fc-1-1536x720.jpg 1536w, https:\/\/kako.com.hr\/webshop\/wp-content\/uploads\/2025\/11\/branach-feu-fc-1-600x281.jpg 600w\" sizes=\"(max-width: 1766px) 100vw, 1766px\" \/>\u00a0 <img decoding=\"async\" loading=\"lazy\" class=\"alignnone size-full wp-image-1301\" src=\"https:\/\/kako.com.hr\/webshop\/wp-content\/uploads\/2025\/11\/branach_ljestve-fed-fc-1.jpg\" alt=\"\" width=\"1328\" height=\"622\" srcset=\"https:\/\/kako.com.hr\/webshop\/wp-content\/uploads\/2025\/11\/branach_ljestve-fed-fc-1.jpg 1328w, https:\/\/kako.com.hr\/webshop\/wp-content\/uploads\/2025\/11\/branach_ljestve-fed-fc-1-300x141.jpg 300w, https:\/\/kako.com.hr\/webshop\/wp-content\/uploads\/2025\/11\/branach_ljestve-fed-fc-1-800x375.jpg 800w, https:\/\/kako.com.hr\/webshop\/wp-content\/uploads\/2025\/11\/branach_ljestve-fed-fc-1-768x360.jpg 768w, https:\/\/kako.com.hr\/webshop\/wp-content\/uploads\/2025\/11\/branach_ljestve-fed-fc-1-600x281.jpg 600w\" sizes=\"(max-width: 1328px) 100vw, 1328px\" \/><\/p>\n<p><strong>MODEL\u00a0 \u00a0 \u00a0 \u00a0 \u00a0 \u00a0 \u00a0 \u00a0 \u00a0 \u00a0 \u00a0 Sklopljene\u00a0 Ispru\u017eene\u00a0 \u00a0 \u00a0 Te\u017eina\u00a0 \u00a0 \u00a0Nosivost<\/strong><br \/>\nFEU 3.9 EN795 FC\u00a0 \u00a0 \u00a0 2.90m\u00a0 \u00a0 \u00a0 \u00a0 \u00a0 3.90m\u00a0 \u00a0 \u00a0 \u00a0 \u00a0 25.0kg\u00a0 \u00a0 150kg\/150kg<br \/>\nFEU 5.1 EN795 FC\u00a0 \u00a0 \u00a0 3.50m\u00a0 \u00a0 \u00a0 \u00a0 \u00a0 5.10m\u00a0 \u00a0 \u00a0 \u00a0 \u00a0 28.0kg\u00a0 \u00a0 150kg\/150kg<br \/>\nFEU 6.3 EN795 FC\u00a0 \u00a0 \u00a0 4.10m\u00a0 \u00a0 \u00a0 \u00a0 \u00a0 6.29m\u00a0 \u00a0 \u00a0 \u00a0 \u00a0 29.0kg\u00a0 \u00a0 150kg\/150kg<br \/>\nFEU 7.5 EN795 FC\u00a0 \u00a0 \u00a0 4.70m\u00a0 \u00a0 \u00a0 \u00a0 \u00a0 7.50m\u00a0 \u00a0 \u00a0 \u00a0 \u00a0 38.5kg\u00a0 \u00a0 150kg\/150kg<br \/>\nFEU 8.7 EN795 FC\u00a0 \u00a0 \u00a0 5.30m\u00a0 \u00a0 \u00a0 \u00a0 \u00a0 8.69m\u00a0 \u00a0 \u00a0 \u00a0 \u00a0 42.5kg\u00a0 \u00a0 150kg\/150kg<br \/>\nFEU 9.6 EN795 FC\u00a0 \u00a0 \u00a0 5.90m\u00a0 \u00a0 \u00a0 \u00a0 \u00a0 9.60m\u00a0 \u00a0 \u00a0 \u00a0 \u00a0 46.5kg\u00a0 \u00a0 150kg\/150kg<\/p>\n<p><img decoding=\"async\" loading=\"lazy\" class=\"alignnone size-full wp-image-1300\" src=\"https:\/\/kako.com.hr\/webshop\/wp-content\/uploads\/2025\/11\/branach_ljestve_gallery-fed-fc-2.jpg\" alt=\"\" width=\"1536\" height=\"720\" srcset=\"https:\/\/kako.com.hr\/webshop\/wp-content\/uploads\/2025\/11\/branach_ljestve_gallery-fed-fc-2.jpg 1536w, https:\/\/kako.com.hr\/webshop\/wp-content\/uploads\/2025\/11\/branach_ljestve_gallery-fed-fc-2-300x141.jpg 300w, https:\/\/kako.com.hr\/webshop\/wp-content\/uploads\/2025\/11\/branach_ljestve_gallery-fed-fc-2-800x375.jpg 800w, https:\/\/kako.com.hr\/webshop\/wp-content\/uploads\/2025\/11\/branach_ljestve_gallery-fed-fc-2-768x360.jpg 768w, https:\/\/kako.com.hr\/webshop\/wp-content\/uploads\/2025\/11\/branach_ljestve_gallery-fed-fc-2-600x281.jpg 600w\" sizes=\"(max-width: 1536px) 100vw, 1536px\" \/> \u00a0 <img decoding=\"async\" loading=\"lazy\" class=\"alignnone size-full wp-image-1299\" src=\"https:\/\/kako.com.hr\/webshop\/wp-content\/uploads\/2025\/11\/branach_gallery-feu-fc-5.jpg\" alt=\"\" width=\"1920\" height=\"900\" srcset=\"https:\/\/kako.com.hr\/webshop\/wp-content\/uploads\/2025\/11\/branach_gallery-feu-fc-5.jpg 1920w, https:\/\/kako.com.hr\/webshop\/wp-content\/uploads\/2025\/11\/branach_gallery-feu-fc-5-300x141.jpg 300w, https:\/\/kako.com.hr\/webshop\/wp-content\/uploads\/2025\/11\/branach_gallery-feu-fc-5-800x375.jpg 800w, https:\/\/kako.com.hr\/webshop\/wp-content\/uploads\/2025\/11\/branach_gallery-feu-fc-5-768x360.jpg 768w, https:\/\/kako.com.hr\/webshop\/wp-content\/uploads\/2025\/11\/branach_gallery-feu-fc-5-1536x720.jpg 1536w, https:\/\/kako.com.hr\/webshop\/wp-content\/uploads\/2025\/11\/branach_gallery-feu-fc-5-600x281.jpg 600w\" sizes=\"(max-width: 1920px) 100vw, 1920px\" \/><\/p>\n<p>Aluminijske Branach ljestve\u00a0 mo\u017eete naru\u010diti slanjem ni\u017ee navedenih podatak na kako@kako.com.hr ili pozivom na 091\/296-5745 (sve ostale info).<br \/>\nNa\u010din pla\u0107anja (prethodno se najaviti na kako@kako.com.hr ili 091\/296-5745): <strong>VIRMANSKI<\/strong>.<\/p>\n<p><strong>PODACI ZA NARUD\u017dBU :<\/strong><br \/>\nIme i Prezime ili Naziv poduze\u0107a<br \/>\nAdresa slanja<br \/>\nPo\u0161tanski broj i mjesto<br \/>\nKontakt mobitel osobe koja preuzima proizvod<\/p>\n<div class=\"term-description\">\n<p><a href=\"https:\/\/kako.com.hr\/webshop\/product-category\/aluminijske-ljestve\/\">U ponudi<\/a>\u00a0su sljede\u0107e aluminijske ljestve:<\/p>\n<p>1. Zglobne ljestve: 3 x 3, 3 x 4, 3 x 5<br \/>\n2. Model \u201cA\u201d dvostrane: 2, 3 ,4 gazi\u0161ta<br \/>\n3. Model \u201cA\u201d jednostrane: 3, 4, 5, 6, 7 ,8 gazi\u0161ta<br \/>\n4. Dvostrane nastavne alu ljestve: 12, 14, 16, 18, 20, 22 gazi\u0161ta (sa i bez u\u017eeta)<br \/>\n5. Trodjelne multifunkcionalne ljestve: 6, 7, 8, 9, 10, 11, 12, 14 gazi\u0161ta<br \/>\n6. Trodjelne teleskopske ljestve: 10, 12, 14, 16, 18, 20 gazi\u0161ta<br \/>\n7. Ljestve kuka\u010de sa sigurnosnim kliza\u010dem<br \/>\n8. Ljestve \u010detverodijelne sa kliza\u010dem za betonski stup.<br \/>\nSastoje od:\u00a0 a) Temeljni dio<br \/>\nb) 2 osnovna segmenta<br \/>\nc) zavr\u0161ni segment+podest+2 kliza\u010da<br \/>\n9. Jednodjelna prislona ljestve: 8, 10, 12, 14, 16, 18, 20 gazi\u0161ta<\/p>\n<p>Za sve modele koji nisu pojedina\u010dno navedeni u proizvodima, slobodno nam se javite na upit.<\/p>\n<p>UZ NAVEDENU PONUDU ALUMINIJSKIH LJESTAVA I LJESTAVA OD STAKLOPLASTIKE, U MOGU\u0106NOSTI SMO ISPORU\u010cITI I SVE OBLIKE:<\/p>\n<ul>\n<li>RADNIH PLATFORMI,<\/li>\n<li>PODESTA,<\/li>\n<li>RADNIH \u201eKO\u0160ARA\u201c,<\/li>\n<li>PROTUKLIZNIH MOSTOVA,<\/li>\n<li>ALUMINIJSKIH STEPENICA I GAZI\u0160TA,<\/li>\n<li>SKELA<\/li>\n<\/ul>\n<\/div>\n<p>&nbsp;<\/p>\n","protected":false},"excerpt":{"rendered":"<p>Branach ljestve s u\u017eetom i protupadnim kliza\u010dem 3.650,00 \u20ac Moderne i kvalitetne ljestve koje odlikuje \u010cVRSTO\u0106A, STABILNOST, SIDRENJE i SPA\u0160AVANJE u slu\u010daju potrebe. \u00a0 MODEL\u00a0 \u00a0 \u00a0 \u00a0 \u00a0 \u00a0 \u00a0 \u00a0 \u00a0 \u00a0 \u00a0 Sklopljene\u00a0 Ispru\u017eene\u00a0 \u00a0 \u00a0 Te\u017eina\u00a0 \u00a0 \u00a0Nosivost FEU 3.9 EN795 FC\u00a0 \u00a0 \u00a0 2.90m\u00a0 \u00a0 \u00a0 \u00a0 \u00a0 3.90m\u00a0 \u00a0 [&hellip;]<\/p>\n","protected":false},"featured_media":1303,"comment_status":"open","ping_status":"closed","template":"","meta":{"_monsterinsights_skip_tracking":false,"_monsterinsights_sitenote_active":false,"_monsterinsights_sitenote_note":"","_monsterinsights_sitenote_category":0},"_links":{"self":[{"href":"https:\/\/kako.com.hr\/webshop\/wp-json\/wp\/v2\/product\/1298"}],"collection":[{"href":"https:\/\/kako.com.hr\/webshop\/wp-json\/wp\/v2\/product"}],"about":[{"href":"https:\/\/kako.com.hr\/webshop\/wp-json\/wp\/v2\/types\/product"}],"replies":[{"embeddable":true,"href":"https:\/\/kako.com.hr\/webshop\/wp-json\/wp\/v2\/comments?post=1298"}],"wp:featuredmedia":[{"embeddable":true,"href":"https:\/\/kako.com.hr\/webshop\/wp-json\/wp\/v2\/media\/1303"}],"wp:attachment":[{"href":"https:\/\/kako.com.hr\/webshop\/wp-json\/wp\/v2\/media?parent=1298"}],"curies":[{"name":"wp","href":"https:\/\/api.w.org\/{rel}","templated":true}]}}