{"id":1292,"date":"2025-10-03T06:59:14","date_gmt":"2025-10-03T06:59:14","guid":{"rendered":"https:\/\/kako.com.hr\/webshop\/?post_type=product&#038;p=1292"},"modified":"2025-10-03T06:59:14","modified_gmt":"2025-10-03T06:59:14","slug":"unior-alatna-torba-s-alatom-za-elektromontere-54000-e","status":"publish","type":"product","link":"https:\/\/kako.com.hr\/webshop\/izaberi-i-naruci\/oprema-i-alat\/unior-alatna-torba-s-alatom-za-elektromontere-54000-e\/","title":{"rendered":"Unior Alatna torba s alatom za elektromontere    540,00 \u20ac"},"content":{"rendered":"<p>UNIOR ALATNA TORBA S ALATOM ZA ELEKTROMONTERE 540,00 \u20ac<\/p>\n<p>Torba s alatom prema specifikaciji:<\/p>\n<ol>\n<li>3838909170442 UNIOR GARNITURA IZVIJA\u010cA 603CS6VDE<\/li>\n<li>3838909104249 UNIOR 406 VDE BI KLIJE\u0160TA KOMBINIRANA 220<\/li>\n<li>3838909117560 UNIOR 466 VDE BI KLIJE\u0160TA ZA REZ. \u017dICE 200<\/li>\n<li>3838909003832 UNIOR GRT. VILJU\u0160KASTO-OKASTIH 6-22 \u00a0120\/1<\/li>\n<li>501648 UNIOR KLJU\u010c VILJU\u0160KASTO OKASTI 24 120\/1<\/li>\n<li>3838909003788 UNIOR KLJU\u010c VILJU\u0160KASTO OKASTI 27 120\/1<\/li>\n<li>500419 UNIOR \u010cEKI\u0106 BRAVARSKI 800G 812<\/li>\n<li>3838909109305 UNIOR NO\u017d ZA SKIDANJE IZOLACIJE 4-28<\/li>\n<li>3858890094282 KING LUK PILE ZA METAL<\/li>\n<li>3838909121338 UNIOR PETOMETAR \u010cELI\u010cNI<\/li>\n<li>3858890095739 KING TURPIJA OKRUGLA 300\/3<\/li>\n<li>3838909191348 UNIOR VDE IMBUS KLJU\u010c T \u00a0\u00a0220T \u00a0RU\u010cICA6<\/li>\n<li>501590 UNIOR IMBUS KLJU\u010c U GARNITURI 1,5-10 \u00a0\u00a0\u00a0220<\/li>\n<li>501539 UNIOR KLIJE\u0160TA MEH. RAVNA 200MM 508 BI<\/li>\n<li>3838909281629 UNIOR TORBA ZA ALAT ZA SERVISERE 1112<\/li>\n<li>3838909109657 UNIOR \u0160KARE ZA BETONSKO \u017dELJEZO 450<\/li>\n<li>3838909017341 UNIOR SJEKA\u010c PLOSNATI 250<\/li>\n<li>501623 UNIOR KLJU\u010c PODE\u0160AVAJU\u0106I 250 (250)<\/li>\n<\/ol>\n<p>Unior alatna torba mo\u017ee se naru\u010diti slanjem ni\u017ee navedenih podatak na kako@kako.com.hr ili pozivom na 091\/296-5745 (sve ostale info).<br \/>\nNa\u010din pla\u0107anja (prethodno se najaviti na kako@kako.com.hr ili 091\/296-5745): <strong>VIRMANSKI<\/strong>.<\/p>\n<p><strong>PODACI ZA NARUD\u017dBU :<br \/>\n<\/strong>Naziv proizvoda<br \/>\nKoli\u010dina<br \/>\nIme i Prezime ili Naziv poduze\u0107a<br \/>\nAdresa slanja<br \/>\nPo\u0161tanski broj i mjesto<br \/>\nKontakt mobitel osobe koja preuzima proizvod<\/p>\n<p>U ponudi je sljede\u0107a oprema i alat za elektroenergetske, gra\u0111evinske, komunalne i ostale vrste radova:<\/p>\n<p>1. For\u0161pan sajla \u2013 od 10 d0 300 metara duljine, od 4,5mm do 14 mm presjeka (fi)<br \/>\n2. Gurtne \u2013 s om\u010dama, beskona\u010dne, s mehanizmom, kompleti\u2026<br \/>\n3. Sajle, \u010deli\u010dna u\u017ead<br \/>\n4. Lanci<br \/>\n5. Koloturnici<br \/>\n6. Kabelske uvodnice<br \/>\n7. Karabineri, kuke, stezaljke, al-\u010de stezaljke, automatske stezaljke, trafo stezaljke,<br \/>\nVijci, matice, \u0161kopci, alke\u2026<br \/>\n8. Vitla, vage, magneti, hvataljke, kolica<br \/>\n9. Inox program<\/p>\n<p>Za sve modele koji nisu pojedina\u010dno navedeni u proizvodima, slobodno nam se javite na upit.<\/p>\n","protected":false},"excerpt":{"rendered":"<p>UNIOR ALATNA TORBA S ALATOM ZA ELEKTROMONTERE 540,00 \u20ac Torba s alatom prema specifikaciji: 3838909170442 UNIOR GARNITURA IZVIJA\u010cA 603CS6VDE 3838909104249 UNIOR 406 VDE BI KLIJE\u0160TA KOMBINIRANA 220 3838909117560 UNIOR 466 VDE BI KLIJE\u0160TA ZA REZ. \u017dICE 200 3838909003832 UNIOR GRT. VILJU\u0160KASTO-OKASTIH 6-22 \u00a0120\/1 501648 UNIOR KLJU\u010c VILJU\u0160KASTO OKASTI 24 120\/1 3838909003788 UNIOR KLJU\u010c VILJU\u0160KASTO OKASTI [&hellip;]<\/p>\n","protected":false},"featured_media":1293,"comment_status":"open","ping_status":"closed","template":"","meta":{"_monsterinsights_skip_tracking":false,"_monsterinsights_sitenote_active":false,"_monsterinsights_sitenote_note":"","_monsterinsights_sitenote_category":0},"_links":{"self":[{"href":"https:\/\/kako.com.hr\/webshop\/wp-json\/wp\/v2\/product\/1292"}],"collection":[{"href":"https:\/\/kako.com.hr\/webshop\/wp-json\/wp\/v2\/product"}],"about":[{"href":"https:\/\/kako.com.hr\/webshop\/wp-json\/wp\/v2\/types\/product"}],"replies":[{"embeddable":true,"href":"https:\/\/kako.com.hr\/webshop\/wp-json\/wp\/v2\/comments?post=1292"}],"wp:featuredmedia":[{"embeddable":true,"href":"https:\/\/kako.com.hr\/webshop\/wp-json\/wp\/v2\/media\/1293"}],"wp:attachment":[{"href":"https:\/\/kako.com.hr\/webshop\/wp-json\/wp\/v2\/media?parent=1292"}],"curies":[{"name":"wp","href":"https:\/\/api.w.org\/{rel}","templated":true}]}}