{"id":1275,"date":"2025-03-26T19:13:58","date_gmt":"2025-03-26T19:13:58","guid":{"rendered":"https:\/\/kako.com.hr\/webshop\/?post_type=product&#038;p=1275"},"modified":"2025-03-26T19:13:58","modified_gmt":"2025-03-26T19:13:58","slug":"stroj-za-povlacenje-kabela-cabel-feeder-16-88500-e","status":"publish","type":"product","link":"https:\/\/kako.com.hr\/webshop\/izaberi-i-naruci\/strojevi-vinc-za-povlacenje-kabela\/stroj-za-povlacenje-kabela-cabel-feeder-16-88500-e\/","title":{"rendered":"Stroj za povla\u010denje kabela &#8211; Cabel Feeder   16.885,00 \u20ac"},"content":{"rendered":"<p>Stroj za povla\u010denje kabela &#8211; Cabel Feeder 16.885,00 \u20ac<\/p>\n<p>Hydraulic cable winch (Cable feeder XC000-800MB)<\/p>\n<p>Push capacity: 800 daN<\/p>\n<p>Adjustable pushing speedd: 0-11 m\/min<\/p>\n<p>Cable diameter: 4-120 mm<\/p>\n<p>Length: 143 cm \/ Width: 70 cm \/ Height: 125cm<\/p>\n<p>Te\u017eina: 190,00 kg<\/p>\n<p>Motor: Gasoline &#8211; power 4 hp (3 kw)<br \/>\nStroj za povla\u010denje kabela &#8211; Cabel Feeder mo\u017ee se naru\u010diti slanjem ni\u017ee navedenih podatak na kako@kako.com.hr ili pozivom na 091\/296-5745 (sve ostale info). Na\u010din pla\u0107anja (prethodno se najaviti na kako@kako.com.hr ili 091\/296-5745): VIRMANSKI.<\/p>\n<p>Predstavljaju\u0107i i ostale inovativne proizvode svjetski renomiranih proizvo\u0111a\u010da te korisna rje\u0161enja koja oni pru\u017eaju pri radu, ovi proizvodi pru\u017eaju sigurnost i garanciju najvi\u0161eg stupnja kvalitete koja je nu\u017eno potrebna na ovom podru\u010dju rada.<\/p>\n<p>PODACI ZA NARUD\u017dBU :<\/p>\n<p>Naziv proizvoda<br \/>\nKoli\u010dina<br \/>\nIme i Prezime ili Naziv poduze\u0107a<br \/>\nAdresa slanja<br \/>\nPo\u0161tanski broj i mjesto<br \/>\nKontakt mobitel osobe koja preuzima proizvod<\/p>\n<p>Ostalo iz ponud OPREME I ALATA pogledajte <a href=\"https:\/\/kako.com.hr\/webshop\/product-category\/strojevi-vinc-za-povlacenje-kabela\/\">OVDJE.<\/a><\/p>\n<p>&nbsp;<\/p>\n","protected":false},"excerpt":{"rendered":"<p>Stroj za povla\u010denje kabela &#8211; Cabel Feeder 16.885,00 \u20ac Hydraulic cable winch (Cable feeder XC000-800MB) Push capacity: 800 daN Adjustable pushing speedd: 0-11 m\/min Cable diameter: 4-120 mm Length: 143 cm \/ Width: 70 cm \/ Height: 125cm Te\u017eina: 190,00 kg Motor: Gasoline &#8211; power 4 hp (3 kw) Stroj za povla\u010denje kabela &#8211; Cabel [&hellip;]<\/p>\n","protected":false},"featured_media":1276,"comment_status":"open","ping_status":"closed","template":"","meta":{"_monsterinsights_skip_tracking":false,"_monsterinsights_sitenote_active":false,"_monsterinsights_sitenote_note":"","_monsterinsights_sitenote_category":0},"_links":{"self":[{"href":"https:\/\/kako.com.hr\/webshop\/wp-json\/wp\/v2\/product\/1275"}],"collection":[{"href":"https:\/\/kako.com.hr\/webshop\/wp-json\/wp\/v2\/product"}],"about":[{"href":"https:\/\/kako.com.hr\/webshop\/wp-json\/wp\/v2\/types\/product"}],"replies":[{"embeddable":true,"href":"https:\/\/kako.com.hr\/webshop\/wp-json\/wp\/v2\/comments?post=1275"}],"wp:featuredmedia":[{"embeddable":true,"href":"https:\/\/kako.com.hr\/webshop\/wp-json\/wp\/v2\/media\/1276"}],"wp:attachment":[{"href":"https:\/\/kako.com.hr\/webshop\/wp-json\/wp\/v2\/media?parent=1275"}],"curies":[{"name":"wp","href":"https:\/\/api.w.org\/{rel}","templated":true}]}}