{"id":1265,"date":"2025-02-28T15:27:36","date_gmt":"2025-02-28T15:27:36","guid":{"rendered":"https:\/\/kako.com.hr\/webshop\/?post_type=product&#038;p=1265"},"modified":"2025-02-28T15:27:36","modified_gmt":"2025-02-28T15:27:36","slug":"stroj-za-povlacenje-kabela-30kn-39-85000-e","status":"publish","type":"product","link":"https:\/\/kako.com.hr\/webshop\/izaberi-i-naruci\/strojevi-vinc-za-povlacenje-kabela\/stroj-za-povlacenje-kabela-30kn-39-85000-e\/","title":{"rendered":"Stroj za povla\u010denje kabela 30kN    39.850,00 \u20ac"},"content":{"rendered":"<p>Hidrauli\u010dni stroj za povla\u010denje kabela 30kN 39.850,00 \u20ac<br \/>\nS Yanmar dizelskim motorom s velikim kapacitetom povla\u010denja<br \/>\n<img decoding=\"async\" loading=\"lazy\" class=\"alignnone  wp-image-1267\" src=\"https:\/\/kako.com.hr\/webshop\/wp-content\/uploads\/2025\/02\/stroj1.png\" alt=\"\" width=\"517\" height=\"217\" srcset=\"https:\/\/kako.com.hr\/webshop\/wp-content\/uploads\/2025\/02\/stroj1.png 645w, https:\/\/kako.com.hr\/webshop\/wp-content\/uploads\/2025\/02\/stroj1-300x126.png 300w, https:\/\/kako.com.hr\/webshop\/wp-content\/uploads\/2025\/02\/stroj1-600x252.png 600w\" sizes=\"(max-width: 517px) 100vw, 517px\" \/><\/p>\n<p>Hidrauli\u010dni stroj za povla\u010denje kabela 30kN mo\u017ee se naru\u010diti slanjem ni\u017ee navedenih podatak na kako@kako.com.hr ili pozivom na 091\/296-5745 (sve ostale info). Na\u010din pla\u0107anja (prethodno se najaviti na kako@kako.com.hr ili 091\/296-5745): VIRMANSKI.<br \/>\n<img decoding=\"async\" loading=\"lazy\" class=\"alignnone size-full wp-image-1268\" src=\"https:\/\/kako.com.hr\/webshop\/wp-content\/uploads\/2025\/02\/stroj2.png\" alt=\"\" width=\"653\" height=\"521\" srcset=\"https:\/\/kako.com.hr\/webshop\/wp-content\/uploads\/2025\/02\/stroj2.png 653w, https:\/\/kako.com.hr\/webshop\/wp-content\/uploads\/2025\/02\/stroj2-300x239.png 300w, https:\/\/kako.com.hr\/webshop\/wp-content\/uploads\/2025\/02\/stroj2-600x479.png 600w\" sizes=\"(max-width: 653px) 100vw, 653px\" \/><\/p>\n<p>Predstavljaju\u0107i i ostale inovativne proizvode svjetski renomiranih proizvo\u0111a\u010da te korisna rje\u0161enja koja oni pru\u017eaju pri radu, ovi proizvodi pru\u017eaju sigurnost i garanciju najvi\u0161eg stupnja kvalitete koja je nu\u017eno potrebna na ovom podru\u010dju rada.<\/p>\n<p>PODACI ZA NARUD\u017dBU :<\/p>\n<p>Naziv proizvoda<br \/>\nKoli\u010dina<br \/>\nIme i Prezime ili Naziv poduze\u0107a<br \/>\nAdresa slanja<br \/>\nPo\u0161tanski broj i mjesto<br \/>\nKontakt mobitel osobe koja preuzima proizvod<\/p>\n<p>Ostalo iz ponud OPREME I ALATA pogledajte <a href=\"https:\/\/kako.com.hr\/webshop\/product-category\/strojevi-vinc-za-povlacenje-kabela\/\">OVDJE.<\/a><\/p>\n","protected":false},"excerpt":{"rendered":"<p>Hidrauli\u010dni stroj za povla\u010denje kabela 30kN 39.850,00 \u20ac S Yanmar dizelskim motorom s velikim kapacitetom povla\u010denja Hidrauli\u010dni stroj za povla\u010denje kabela 30kN mo\u017ee se naru\u010diti slanjem ni\u017ee navedenih podatak na kako@kako.com.hr ili pozivom na 091\/296-5745 (sve ostale info). Na\u010din pla\u0107anja (prethodno se najaviti na kako@kako.com.hr ili 091\/296-5745): VIRMANSKI. Predstavljaju\u0107i i ostale inovativne proizvode svjetski renomiranih [&hellip;]<\/p>\n","protected":false},"featured_media":1266,"comment_status":"open","ping_status":"closed","template":"","meta":{"_monsterinsights_skip_tracking":false,"_monsterinsights_sitenote_active":false,"_monsterinsights_sitenote_note":"","_monsterinsights_sitenote_category":0},"_links":{"self":[{"href":"https:\/\/kako.com.hr\/webshop\/wp-json\/wp\/v2\/product\/1265"}],"collection":[{"href":"https:\/\/kako.com.hr\/webshop\/wp-json\/wp\/v2\/product"}],"about":[{"href":"https:\/\/kako.com.hr\/webshop\/wp-json\/wp\/v2\/types\/product"}],"replies":[{"embeddable":true,"href":"https:\/\/kako.com.hr\/webshop\/wp-json\/wp\/v2\/comments?post=1265"}],"wp:featuredmedia":[{"embeddable":true,"href":"https:\/\/kako.com.hr\/webshop\/wp-json\/wp\/v2\/media\/1266"}],"wp:attachment":[{"href":"https:\/\/kako.com.hr\/webshop\/wp-json\/wp\/v2\/media?parent=1265"}],"curies":[{"name":"wp","href":"https:\/\/api.w.org\/{rel}","templated":true}]}}