{"id":1256,"date":"2025-01-15T19:18:29","date_gmt":"2025-01-15T19:18:29","guid":{"rendered":"https:\/\/kako.com.hr\/webshop\/?post_type=product&#038;p=1256"},"modified":"2025-01-15T19:18:29","modified_gmt":"2025-01-15T19:18:29","slug":"elektroizolacijska-teleskopska-motka-20000v-59500e","status":"publish","type":"product","link":"https:\/\/kako.com.hr\/webshop\/izaberi-i-naruci\/htz-oprema\/elektroizolacijska-teleskopska-motka-20000v-59500e\/","title":{"rendered":"Elektroizolacijska teleskopska motka 20000V  595,00\u20ac"},"content":{"rendered":"<p>Elektroizolacijska teleskopska motka 20000V 595,00\u20ac<\/p>\n<p><strong>Elektroizolacijska teleskopska motka<\/strong> koristi se za spa\u0161avanje tijekom intervencija. Npr. u elektroenergetskim postrojenjima ili za vatrogasne<br \/>\nbrigade&#8230; Ponajprije u situacijama kada postoji opasnost od strujnog udara.<br \/>\nMotka omogu\u0107uje rad uz pru\u017eanje izolacija korisnika od elektri\u010dnog napona do 20000 V (20 kV).<br \/>\nElektroizolacijska teleskopska motka se sastoji od kompozitnih cijevi koje pru\u017eaju vrlo visoku dielektri\u010dnu \u010dvrsto\u0107u i visoku mehani\u010dku otpornost.<br \/>\nOve cijevi ispunjavaju zahtjeve sljede\u0107ih standarda: EN 61235 i EN 60855-1 &#8211; potvr\u0111eni elektri\u010dnim ispitivanjima, koja<br \/>\njam\u010di korisniku visoku razinu sigurnosti. <strong>Motka se sastoji od:<\/strong><br \/>\n&#8211; <em>dvije cijevi<\/em>, jedna od njih je ispunjena poliuretanskom pjenom kako bi se osigurala jo\u0161 ve\u0107e otpornost<br \/>\n&#8211; <em>teleskopska spojnica<\/em> koja omogu\u0107uje bezstupanjsko pode\u0161avanje radne duljine od 2 m do 3,7 m,<br \/>\n&#8211; <em>glava s brzim otpu\u0161tanjem (preko krunastog zavr\u0161etka)<\/em>. Toomogu\u0107uje ugradnju raznih radnih alata poput <strong>pile, sjeka\u010da grana, kista, kuke<\/strong>&#8230;<br \/>\n&#8211; <em>grani\u010dnik ru\u010dke<\/em> &#8211; odvaja dio za dr\u017eanje od izolacijskog dijela,<br \/>\n&#8211; <em>plo\u010dice s imenom<\/em>,<br \/>\n&#8211; <em>gumene za\u0161titne kapice<\/em> koja \u010dini poklopac cijevi donjeg dijela.<\/p>\n<p>U sklopljenom stanju elektroizolacijska teleskopska motka ima transportnu duljinu od 2 m. To omogu\u0107uje jednostavan transport, npr. u automobilu i na<br \/>\nmjesto intervencije. U potpuno rasklopljenom stanju duljina je 3,7 m.<br \/>\nDuljina izolacijskog dijela je od 0,62 m (sklopljeno) do cca. 2,3 m (kada je potpuno izvu\u010deno).<br \/>\nNa krunasti zavr\u0161etak, mogu\u0107e je pri\u010dvrstiti razli\u010dite radne alate &#8211; koplja, pile, sjeka\u010de grana, kuke, nosa\u010de, ledolomce itd.<br \/>\nRadni alati montirani u brzosteznu glavu motke nisu uklju\u010deni u opremu osnovne verzije motke.<\/p>\n<p>Elektroizolacijska teleskopska motka mo\u017ee se naru\u010diti slanjem ni\u017ee navedenih podatak na kako@kako.com.hr ili pozivom na 091\/296-5745 (sve ostale info).<br \/>\nNa\u010din pla\u0107anja (prethodno se najaviti na kako@kako.com.hr ili 091\/296-5745): <strong>VIRMANSKI<\/strong>.<\/p>\n<p><a href=\"http:\/\/abarelto.hr\/article-zanimljivosti-FOR%C5%A0PAN.html\">Predstavljaju\u0107i i ostale inovativne proizvode<\/a>\u00a0svjetski renomiranih proizvo\u0111a\u010da te korisna rje\u0161enja koja oni pru\u017eaju pri radu, ovi proizvodi pru\u017eaju sigurnost i garanciju najvi\u0161eg stupnja kvalitete koja je nu\u017eno potrebna na ovom podru\u010dju rada.<\/p>\n<p><strong>PODACI ZA NARUD\u017dBU :<br \/>\n<\/strong><\/p>\n<p>Naziv proizvoda<br \/>\nKoli\u010dina<br \/>\nIme i Prezime ili Naziv poduze\u0107a<br \/>\nAdresa slanja<br \/>\nPo\u0161tanski broj i mjesto<br \/>\nKontakt mobitel osobe koja preuzima proizvod<\/p>\n<p>Ostalo iz ponud OPREME I ALATA pogledajte <a href=\"https:\/\/kako.com.hr\/webshop\/product-category\/oprema-i-alat\/\">OVDJE<\/a>.<\/p>\n<p>&nbsp;<\/p>\n","protected":false},"excerpt":{"rendered":"<p>Elektroizolacijska teleskopska motka 20000V 595,00\u20ac Elektroizolacijska teleskopska motka koristi se za spa\u0161avanje tijekom intervencija. Npr. u elektroenergetskim postrojenjima ili za vatrogasne brigade&#8230; Ponajprije u situacijama kada postoji opasnost od strujnog udara. Motka omogu\u0107uje rad uz pru\u017eanje izolacija korisnika od elektri\u010dnog napona do 20000 V (20 kV). Elektroizolacijska teleskopska motka se sastoji od kompozitnih cijevi koje [&hellip;]<\/p>\n","protected":false},"featured_media":1257,"comment_status":"open","ping_status":"closed","template":"","meta":{"_monsterinsights_skip_tracking":false,"_monsterinsights_sitenote_active":false,"_monsterinsights_sitenote_note":"","_monsterinsights_sitenote_category":0},"_links":{"self":[{"href":"https:\/\/kako.com.hr\/webshop\/wp-json\/wp\/v2\/product\/1256"}],"collection":[{"href":"https:\/\/kako.com.hr\/webshop\/wp-json\/wp\/v2\/product"}],"about":[{"href":"https:\/\/kako.com.hr\/webshop\/wp-json\/wp\/v2\/types\/product"}],"replies":[{"embeddable":true,"href":"https:\/\/kako.com.hr\/webshop\/wp-json\/wp\/v2\/comments?post=1256"}],"wp:featuredmedia":[{"embeddable":true,"href":"https:\/\/kako.com.hr\/webshop\/wp-json\/wp\/v2\/media\/1257"}],"wp:attachment":[{"href":"https:\/\/kako.com.hr\/webshop\/wp-json\/wp\/v2\/media?parent=1256"}],"curies":[{"name":"wp","href":"https:\/\/api.w.org\/{rel}","templated":true}]}}