{"id":1249,"date":"2025-01-13T14:49:31","date_gmt":"2025-01-13T14:49:31","guid":{"rendered":"https:\/\/kako.com.hr\/webshop\/?post_type=product&#038;p=1249"},"modified":"2025-01-13T14:49:31","modified_gmt":"2025-01-13T14:49:31","slug":"kolska-dizalica-15t-18550e","status":"publish","type":"product","link":"https:\/\/kako.com.hr\/webshop\/izaberi-i-naruci\/dizalice-i-gurtne-uzad\/kolska-dizalica-15t-18550e\/","title":{"rendered":"Kolska dizalica 1,5T    185,50\u20ac"},"content":{"rendered":"<p>Kolska dizalica 1,5T 185,50\u20ac<br \/>\nNosivost 1,5T<br \/>\n<img decoding=\"async\" loading=\"lazy\" class=\"alignnone size-full wp-image-1250\" src=\"https:\/\/kako.com.hr\/webshop\/wp-content\/uploads\/2025\/01\/kolska-dizalica-2.png\" alt=\"\" width=\"567\" height=\"328\" srcset=\"https:\/\/kako.com.hr\/webshop\/wp-content\/uploads\/2025\/01\/kolska-dizalica-2.png 567w, https:\/\/kako.com.hr\/webshop\/wp-content\/uploads\/2025\/01\/kolska-dizalica-2-300x174.png 300w\" sizes=\"(max-width: 567px) 100vw, 567px\" \/><\/p>\n<p>Kolska dizalica je napravljena na principu mehani\u010dkog prijenosa. One su jedan od najboljih alata za podizanje i potporu. Brzina dizanja \/ spu\u0161tanja je kontrolirana za razliku od hidrauli\u010dnih dizalica kod kojih mo\u017ee do\u0107i do nekontroliranog spu\u0161tanja uslijed curenja ulja. Kompaktan dizajn sa rasklopivom ru\u010dkom \u010dini ih jednostavnim za rukovanje i odr\u017eavanje.<br \/>\n\u010celi\u010dno ku\u0107i\u0161te \u010dini ih sigurnima i dugotrajnima.<\/p>\n<p>&#8211; Brzo zaustavljanje, siguran i pouzdan rad<br \/>\n&#8211; brzo podizanje tereta<br \/>\n&#8211; rad bez trzaja<br \/>\n&#8211; robusna izvedba, mala te\u017eina<br \/>\n&#8211; velika efektivnost, potrebna mala sila za podizanje<\/p>\n<p>Mogu\u0107a dostava po cijeloj RH, besplatna dostava u Zagrebu i okolici.<\/p>\n<p>Kolska dizalica se mo\u017ee naru\u010diti slanjem ni\u017ee navedenih podatak na kako@kako.com.hr ili pozivom na 091\/296-5745 (za sve ostale info).<br \/>\nNa\u010din pla\u0107anja (prethodno se najaviti na kako@kako.com.hr ili 091\/296-5745): <strong>VIRMANSKI<\/strong>.<\/p>\n<p><strong>PODACI ZA NARUD\u017dBU :<\/strong><\/p>\n<p>NAZIV PROIZVODA<br \/>\nKoli\u010dina<br \/>\nIme i Prezime ili Naziv poduze\u0107a<br \/>\nAdresa slanja<br \/>\nPo\u0161tanski broj i mjesto<br \/>\nKontakt mobitel osobe koja preuzima proizvod<\/p>\n<p><a href=\"https:\/\/kako.com.hr\/webshop\/product-category\/dizalice\/\"> U ponudi su dizalice<\/a> za razli\u010dite namjene i s karakteristikama.<\/p>\n<p>1. Polu\u017ena dizalica \u2013 \u201cpull lift\u201d<br \/>\n2. Ru\u010dna lan\u010dana dizalica \u2013 \u201cfla\u0161encug\u201d<br \/>\n3. Tyrfor dizalica \u2013 model od \u010delika i od aluminija<br \/>\n4. Elektri\u010dna dizalica<br \/>\n5. Hidrauli\u010dna dizalica \u2013 \u201cpa\u0161teta\u201d i \u201cmulti pa\u0161teta\u201d<br \/>\n6. Kolska dizalica<br \/>\n7. Zatezna dizalice<br \/>\n9. Krokodilska dizalica<br \/>\n10. Ru\u010dni vili\u010dar \u2013 \u201cpaletarac\u201d<\/p>\n<p>Za sve modele koji nisu pojedina\u010dno navedeni u proizvodima, slobodno nam se javite na upit.<\/p>\n","protected":false},"excerpt":{"rendered":"<p>Kolska dizalica 1,5T 185,50\u20ac Nosivost 1,5T Kolska dizalica je napravljena na principu mehani\u010dkog prijenosa. One su jedan od najboljih alata za podizanje i potporu. Brzina dizanja \/ spu\u0161tanja je kontrolirana za razliku od hidrauli\u010dnih dizalica kod kojih mo\u017ee do\u0107i do nekontroliranog spu\u0161tanja uslijed curenja ulja. Kompaktan dizajn sa rasklopivom ru\u010dkom \u010dini ih jednostavnim za rukovanje [&hellip;]<\/p>\n","protected":false},"featured_media":1251,"comment_status":"open","ping_status":"closed","template":"","meta":{"_monsterinsights_skip_tracking":false,"_monsterinsights_sitenote_active":false,"_monsterinsights_sitenote_note":"","_monsterinsights_sitenote_category":0},"_links":{"self":[{"href":"https:\/\/kako.com.hr\/webshop\/wp-json\/wp\/v2\/product\/1249"}],"collection":[{"href":"https:\/\/kako.com.hr\/webshop\/wp-json\/wp\/v2\/product"}],"about":[{"href":"https:\/\/kako.com.hr\/webshop\/wp-json\/wp\/v2\/types\/product"}],"replies":[{"embeddable":true,"href":"https:\/\/kako.com.hr\/webshop\/wp-json\/wp\/v2\/comments?post=1249"}],"wp:featuredmedia":[{"embeddable":true,"href":"https:\/\/kako.com.hr\/webshop\/wp-json\/wp\/v2\/media\/1251"}],"wp:attachment":[{"href":"https:\/\/kako.com.hr\/webshop\/wp-json\/wp\/v2\/media?parent=1249"}],"curies":[{"name":"wp","href":"https:\/\/api.w.org\/{rel}","templated":true}]}}